{"id":2810,"date":"2016-03-01T12:09:43","date_gmt":"2016-03-01T11:09:43","guid":{"rendered":"http:\/\/sovereign.wpstaging.alert.com.mt\/fr\/?page_id=2810"},"modified":"2017-05-02T08:51:13","modified_gmt":"2017-05-02T06:51:13","slug":"heat-media","status":"publish","type":"page","link":"https:\/\/so-global.com\/fr\/training\/heat-media\/","title":{"rendered":"Heat Reporters"},"content":{"rendered":"<div id=\"part1\" class=\"table-like-intro\">\r\n<div class=\"top-panel\">\r\n<h2>FORMATION A L&rsquo;EXERCICE DU REPORTAGE EN ZONE DANGEREUSE<\/h2>\r\n\r\n<\/div>\r\n<div class=\"intro-content\">\r\n<div class=\"pull-left\">\r\n<div class=\"intro-video-container\">\r\n<div class=\"video-wrapper\"><iframe width=\"300\"height=\"150\"src=\"https:\/\/www.youtube.com\/embed\/dQx052eO2lE\" allowfullscreen=\"allowfullscreen\"><\/iframe>\r\n<\/div>\r\n<\/div>\r\n<a href=\"mailto:training@so-global.com\">\r\n    <span class=\"icon-container\">\r\n     <img loading=\"lazy\" src=\"\/wp-content\/themes\/sovereign\/img\/icon-mail.png\" width=\"19\" height=\"14\" alt=\"E-mail\">\r\n    <\/span>\r\n     contactez-nous<\/a>\r\n<\/div>\r\n<div class=\"intro-text-container\" style=\"text-align: justify;\">\r\n<b>Notre m\u00e9tier :<\/b>\u00a0concevoir et mettre en oeuvre un cursus de formations exclusif pour les journalistes et envoy\u00e9s sp\u00e9ciaux destin\u00e9s \u00e0 travailler dans des milieux hostiles et instables. <br \/><br \/>\r\n\r\n<b>Notre service :<\/b>\u00a0un stage complet de 5 jours en immersion totale, dans notre centre de formation \u00e0 Saint Astier (Dordogne), qui permet aux stagiaires de ma\u00eetriser l\u2019ensemble des fondamentaux du reportage en zone dangereuse.<br \/><br \/>\r\n\r\n<b>Notre valeur ajout\u00e9e\u00a0:<\/b> une association avec France Medias Monde garantissant une professionnalisation de la formation.\r\n<\/div>\r\n<\/div>\r\n<\/div>\r\n<div id=\"part2\" class=\"infographic-container\"><img loading=\"lazy\" class=\"alignnone wp-image-2858\" src=\"\/wp-content\/uploads\/2016\/04\/Screen-Shot-2016-04-01-at-15.52.43.png\" width=\"585\" height=\"573\" \/><img loading=\"lazy\" class=\"alignnone wp-image-2859\" src=\"\/wp-content\/uploads\/2016\/03\/media-infographic2-fr.jpg\" width=\"585\" height=\"573\" srcset=\"https:\/\/so-global.com\/wp-content\/uploads\/2016\/03\/media-infographic2-fr.jpg 1142w, https:\/\/so-global.com\/wp-content\/uploads\/2016\/03\/media-infographic2-fr-300x294.jpg 300w, https:\/\/so-global.com\/wp-content\/uploads\/2016\/03\/media-infographic2-fr-768x753.jpg 768w, https:\/\/so-global.com\/wp-content\/uploads\/2016\/03\/media-infographic2-fr-1024x1003.jpg 1024w\" sizes=\"(max-width: 585px) 100vw, 585px\" \/><\/div>\r\n<div id=\"part3\" class=\"table-like-content\">\r\n<div class=\"red-panel top\">\r\n<h2>FORMATIONS TH\u00c9ORIQUES ET PRATIQUES SUR MESURE<\/h2>\r\n<\/div>\r\n<ul class=\"table-like-boxes media\">\r\n    <li>\r\n<div class=\"box-content\">\r\n\r\n<a href=\"\/wp-content\/uploads\/2015\/09\/media.png\" class=\"gallery_colorbox\"><img loading=\"lazy\" class=\"alignnone wp-image-1937\" src=\"\/wp-content\/uploads\/2015\/09\/media.png\"  alt=\"Journalist\" width=\"219\" height=\"158\" srcset=\"https:\/\/so-global.com\/wp-content\/uploads\/2015\/09\/media.png 438w, https:\/\/so-global.com\/wp-content\/uploads\/2015\/09\/media-300x216.png 300w\" sizes=\"(max-width: 219px) 100vw, 219px\" \/><\/a>Professionnel de l&rsquo;information devant \u00eatre d\u00e9ploy\u00e9 en environnement hostile\r\n\r\n<\/div><\/li>\r\n    <li>\r\n<div class=\"box-content\">\r\n<div>\r\n<h3>PRISE DE D\u00c9CISION EN ENVIRONNEMENT HOSTILE<\/h3>\r\n<\/div>\r\n<ul>\r\n    <li>SOINS D&rsquo;URGENCE AU COMBAT<\/li>\r\n    <li>SENSIBILISATION AU RISQUE EEI<\/li>\r\n    <li>SENSIBILISATION AUX ARMES<\/li>\r\n    <li>S\u00c9CURIT\u00c9 DES COMMUNICATIONS<\/li>\r\n    <li>MESURES DE PROTECTION EN ENVIRONNEMENT HOSTILE<\/li>\r\n    <li>GESTION MEDICALE ET PSYCHOLOGIQUE DU RISQUE<\/li>\r\n    <li>RETOUR D&rsquo;EXP\u00c9RIENCE &amp; D\u00c9BATS<\/li>\r\n    <li>NAVIGATION &amp; ORIENTATION<\/li>\r\n<\/ul>\r\n<\/div>\r\nHEBERGEMENT, RESTAURATION, COURS THEORIQUES ET PRATIQUES AU MANOIR SOVEREIGN GLOBAL<\/li>\r\n    <li>\r\n<div class=\"box-content\">\r\n\r\n<img loading=\"lazy\" class=\"alignnone wp-image-1938\" src=\"\/wp-content\/uploads\/2015\/09\/war.png\" alt=\"War zone\" width=\"219\" height=\"153\" srcset=\"https:\/\/so-global.com\/wp-content\/uploads\/2015\/09\/war.png 396w, https:\/\/so-global.com\/wp-content\/uploads\/2015\/09\/war-300x209.png 300w\" sizes=\"(max-width: 219px) 100vw, 219px\" \/>\r\n<ul>\r\n    <li>Qualifi\u00e9 premiers secours<\/li>\r\n    <li>Sensibilis\u00e9 aux environnements hostiles<\/li>\r\n    <li>Form\u00e9 \u00e0 l&rsquo;exercice du reportage en zone dangereuse<\/li>\r\n<\/ul>\r\n<\/div><\/li>\r\n<\/ul>\r\n<div class=\"red-panel\">\r\n<h2>EXERCICES JOUR\/NUIT, MISE EN SITUATION<\/h2>\r\n<\/div>\r\n<\/div>","protected":false},"excerpt":{"rendered":"FORMATION A L&rsquo;EXERCICE DU REPORTAGE EN ZONE DANGEREUSE contactez-nous Notre m\u00e9tier :\u00a0concevoir et mettre en oeuvre un cursus de formations exclusif pour les journalistes et envoy\u00e9s sp\u00e9ciaux destin\u00e9s \u00e0 travailler dans des milieux hostiles et instables. Notre service :\u00a0un stage complet de 5 jours en immersion totale, dans notre centre de formation \u00e0 Saint Astier &hellip; <a href=\"https:\/\/so-global.com\/fr\/training\/heat-media\/\" class=\"more-link\">Continue reading <span class=\"screen-reader-text\">Heat Reporters<\/span><\/a>","protected":false},"author":1,"featured_media":0,"parent":2776,"menu_order":0,"comment_status":"closed","ping_status":"closed","template":"","meta":[],"yoast_head":"<!-- This site is optimized with the Yoast SEO plugin v16.9 - https:\/\/yoast.com\/wordpress\/plugins\/seo\/ -->\n<title>Heat Reporters - Maritime Training &amp; Sea Security | Sovereign Global<\/title>\n<meta name=\"robots\" content=\"noindex, follow, max-snippet:-1, max-image-preview:large, max-video-preview:-1\" \/>\n<meta property=\"og:locale\" content=\"fr_FR\" \/>\n<meta property=\"og:type\" content=\"article\" \/>\n<meta property=\"og:title\" content=\"Heat Reporters - Maritime Training &amp; Sea Security | Sovereign Global\" \/>\n<meta property=\"og:description\" content=\"FORMATION A L&rsquo;EXERCICE DU REPORTAGE EN ZONE DANGEREUSE contactez-nous Notre m\u00e9tier :\u00a0concevoir et mettre en oeuvre un cursus de formations exclusif pour les journalistes et envoy\u00e9s sp\u00e9ciaux destin\u00e9s \u00e0 travailler dans des milieux hostiles et instables. Notre service :\u00a0un stage complet de 5 jours en immersion totale, dans notre centre de formation \u00e0 Saint Astier &hellip; Continue reading Heat Reporters\" \/>\n<meta property=\"og:url\" content=\"https:\/\/so-global.com\/fr\/training\/heat-media\/\" \/>\n<meta property=\"og:site_name\" content=\"Maritime Training &amp; Sea Security | Sovereign Global\" \/>\n<meta property=\"article:modified_time\" content=\"2017-05-02T06:51:13+00:00\" \/>\n<meta property=\"og:image\" content=\"https:\/\/so-global.com\/wp-content\/themes\/sovereign\/img\/icon-mail.png\" \/>\n<meta name=\"twitter:card\" content=\"summary\" \/>\n<meta name=\"twitter:label1\" content=\"Dur\u00e9e de lecture est.\" \/>\n\t<meta name=\"twitter:data1\" content=\"1 minute\" \/>\n<script type=\"application\/ld+json\" class=\"yoast-schema-graph\">{\"@context\":\"https:\/\/schema.org\",\"@graph\":[{\"@type\":\"WebSite\",\"@id\":\"https:\/\/so-global.com\/#website\",\"url\":\"https:\/\/so-global.com\/\",\"name\":\"Maritime Training &amp; Sea Security | Sovereign Global\",\"description\":\"Sovereign\",\"potentialAction\":[{\"@type\":\"SearchAction\",\"target\":{\"@type\":\"EntryPoint\",\"urlTemplate\":\"https:\/\/so-global.com\/?s={search_term_string}\"},\"query-input\":\"required name=search_term_string\"}],\"inLanguage\":\"fr-FR\"},{\"@type\":\"ImageObject\",\"@id\":\"https:\/\/so-global.com\/fr\/training\/heat-media\/#primaryimage\",\"inLanguage\":\"fr-FR\",\"url\":\"\/wp-content\/themes\/sovereign\/img\/icon-mail.png\",\"contentUrl\":\"\/wp-content\/themes\/sovereign\/img\/icon-mail.png\"},{\"@type\":\"WebPage\",\"@id\":\"https:\/\/so-global.com\/fr\/training\/heat-media\/#webpage\",\"url\":\"https:\/\/so-global.com\/fr\/training\/heat-media\/\",\"name\":\"Heat Reporters - Maritime Training &amp; Sea Security | Sovereign Global\",\"isPartOf\":{\"@id\":\"https:\/\/so-global.com\/#website\"},\"primaryImageOfPage\":{\"@id\":\"https:\/\/so-global.com\/fr\/training\/heat-media\/#primaryimage\"},\"datePublished\":\"2016-03-01T11:09:43+00:00\",\"dateModified\":\"2017-05-02T06:51:13+00:00\",\"breadcrumb\":{\"@id\":\"https:\/\/so-global.com\/fr\/training\/heat-media\/#breadcrumb\"},\"inLanguage\":\"fr-FR\",\"potentialAction\":[{\"@type\":\"ReadAction\",\"target\":[\"https:\/\/so-global.com\/fr\/training\/heat-media\/\"]}]},{\"@type\":\"BreadcrumbList\",\"@id\":\"https:\/\/so-global.com\/fr\/training\/heat-media\/#breadcrumb\",\"itemListElement\":[{\"@type\":\"ListItem\",\"position\":1,\"name\":\"Home\",\"item\":\"https:\/\/so-global.com\/\"},{\"@type\":\"ListItem\",\"position\":2,\"name\":\"Formations\",\"item\":\"https:\/\/so-global.com\/fr\/?page_id=2776\/\"},{\"@type\":\"ListItem\",\"position\":3,\"name\":\"Heat Reporters\"}]}]}<\/script>\n<!-- \/ Yoast SEO plugin. -->","yoast_head_json":{"title":"Heat Reporters - Maritime Training &amp; Sea Security | Sovereign Global","robots":{"index":"noindex","follow":"follow","max-snippet":"max-snippet:-1","max-image-preview":"max-image-preview:large","max-video-preview":"max-video-preview:-1"},"og_locale":"fr_FR","og_type":"article","og_title":"Heat Reporters - Maritime Training &amp; Sea Security | Sovereign Global","og_description":"FORMATION A L&rsquo;EXERCICE DU REPORTAGE EN ZONE DANGEREUSE contactez-nous Notre m\u00e9tier :\u00a0concevoir et mettre en oeuvre un cursus de formations exclusif pour les journalistes et envoy\u00e9s sp\u00e9ciaux destin\u00e9s \u00e0 travailler dans des milieux hostiles et instables. Notre service :\u00a0un stage complet de 5 jours en immersion totale, dans notre centre de formation \u00e0 Saint Astier &hellip; Continue reading Heat Reporters","og_url":"https:\/\/so-global.com\/fr\/training\/heat-media\/","og_site_name":"Maritime Training &amp; Sea Security | Sovereign Global","article_modified_time":"2017-05-02T06:51:13+00:00","og_image":[{"url":"https:\/\/so-global.com\/wp-content\/themes\/sovereign\/img\/icon-mail.png"}],"twitter_card":"summary","twitter_misc":{"Dur\u00e9e de lecture est.":"1 minute"},"schema":{"@context":"https:\/\/schema.org","@graph":[{"@type":"WebSite","@id":"https:\/\/so-global.com\/#website","url":"https:\/\/so-global.com\/","name":"Maritime Training &amp; Sea Security | Sovereign Global","description":"Sovereign","potentialAction":[{"@type":"SearchAction","target":{"@type":"EntryPoint","urlTemplate":"https:\/\/so-global.com\/?s={search_term_string}"},"query-input":"required name=search_term_string"}],"inLanguage":"fr-FR"},{"@type":"ImageObject","@id":"https:\/\/so-global.com\/fr\/training\/heat-media\/#primaryimage","inLanguage":"fr-FR","url":"\/wp-content\/themes\/sovereign\/img\/icon-mail.png","contentUrl":"\/wp-content\/themes\/sovereign\/img\/icon-mail.png"},{"@type":"WebPage","@id":"https:\/\/so-global.com\/fr\/training\/heat-media\/#webpage","url":"https:\/\/so-global.com\/fr\/training\/heat-media\/","name":"Heat Reporters - Maritime Training &amp; Sea Security | Sovereign Global","isPartOf":{"@id":"https:\/\/so-global.com\/#website"},"primaryImageOfPage":{"@id":"https:\/\/so-global.com\/fr\/training\/heat-media\/#primaryimage"},"datePublished":"2016-03-01T11:09:43+00:00","dateModified":"2017-05-02T06:51:13+00:00","breadcrumb":{"@id":"https:\/\/so-global.com\/fr\/training\/heat-media\/#breadcrumb"},"inLanguage":"fr-FR","potentialAction":[{"@type":"ReadAction","target":["https:\/\/so-global.com\/fr\/training\/heat-media\/"]}]},{"@type":"BreadcrumbList","@id":"https:\/\/so-global.com\/fr\/training\/heat-media\/#breadcrumb","itemListElement":[{"@type":"ListItem","position":1,"name":"Home","item":"https:\/\/so-global.com\/"},{"@type":"ListItem","position":2,"name":"Formations","item":"https:\/\/so-global.com\/fr\/?page_id=2776\/"},{"@type":"ListItem","position":3,"name":"Heat Reporters"}]}]}},"_links":{"self":[{"href":"https:\/\/so-global.com\/fr\/wp-json\/wp\/v2\/pages\/2810"}],"collection":[{"href":"https:\/\/so-global.com\/fr\/wp-json\/wp\/v2\/pages"}],"about":[{"href":"https:\/\/so-global.com\/fr\/wp-json\/wp\/v2\/types\/page"}],"author":[{"embeddable":true,"href":"https:\/\/so-global.com\/fr\/wp-json\/wp\/v2\/users\/1"}],"replies":[{"embeddable":true,"href":"https:\/\/so-global.com\/fr\/wp-json\/wp\/v2\/comments?post=2810"}],"version-history":[{"count":25,"href":"https:\/\/so-global.com\/fr\/wp-json\/wp\/v2\/pages\/2810\/revisions"}],"predecessor-version":[{"id":4141,"href":"https:\/\/so-global.com\/fr\/wp-json\/wp\/v2\/pages\/2810\/revisions\/4141"}],"up":[{"embeddable":true,"href":"https:\/\/so-global.com\/fr\/wp-json\/wp\/v2\/pages\/2776"}],"wp:attachment":[{"href":"https:\/\/so-global.com\/fr\/wp-json\/wp\/v2\/media?parent=2810"}],"curies":[{"name":"wp","href":"https:\/\/api.w.org\/{rel}","templated":true}]}}