{"id":2807,"date":"2016-03-01T12:08:40","date_gmt":"2016-03-01T11:08:40","guid":{"rendered":"http:\/\/sovereign.wpstaging.alert.com.mt\/fr\/?page_id=2807"},"modified":"2017-07-18T14:56:57","modified_gmt":"2017-07-18T12:56:57","slug":"security-training","status":"publish","type":"page","link":"https:\/\/so-global.com\/fr\/training\/security-training\/","title":{"rendered":"Suret\u00e9"},"content":{"rendered":"<div id=\"part1\" class=\"table-like-intro\">\r\n<div class=\"top-panel\">\r\n<h2>FORMATIONS QUALIFIANTES SURET\u00c9\/GESTION DES RISQUES<\/h2>\r\n\r\n<\/div>\r\n<div class=\"intro-content\">\r\n<div class=\"pull-left\">\r\n<div class=\"intro-video-container\">\r\n<div class=\"video-wrapper\"><iframe loading=\"lazy\" width=\"300\" height=\"150\" src=\"https:\/\/www.youtube.com\/embed\/vqNwThGJShs\" allowfullscreen=\"allowfullscreen\"><\/iframe>\r\n<\/div>\r\n<ul>\r\n    <li><img loading=\"lazy\" src=\"\/wp-content\/uploads\/2015\/09\/acc-mca.jpg\" alt=\"Maritime and Coastguard Agency\" width=\"103\" height=\"103\" class=\"alignnone size-full wp-image-2511\" srcset=\"https:\/\/so-global.com\/wp-content\/uploads\/2015\/09\/acc-mca.jpg 225w, https:\/\/so-global.com\/wp-content\/uploads\/2015\/09\/acc-mca-150x150.jpg 150w\" sizes=\"(max-width: 103px) 100vw, 103px\" \/><\/li>\r\n    <li><img loading=\"lazy\" src=\"\/wp-content\/uploads\/2015\/09\/acc-dot.jpg\" alt=\"Department for Transport\" width=\"103\" height=\"103\" class=\"alignnone size-full wp-image-2512\" srcset=\"https:\/\/so-global.com\/wp-content\/uploads\/2015\/09\/acc-dot.jpg 225w, https:\/\/so-global.com\/wp-content\/uploads\/2015\/09\/acc-dot-150x150.jpg 150w\" sizes=\"(max-width: 103px) 100vw, 103px\" \/><\/li>\r\n    <li><img loading=\"lazy\" src=\"\/wp-content\/uploads\/2015\/09\/acc-city-guilds.jpg\" alt=\"City &#038; Guilds Approved Centre\" width=\"103\" height=\"103\" class=\"alignnone size-full wp-image-2513\" srcset=\"https:\/\/so-global.com\/wp-content\/uploads\/2015\/09\/acc-city-guilds.jpg 225w, https:\/\/so-global.com\/wp-content\/uploads\/2015\/09\/acc-city-guilds-150x150.jpg 150w\" sizes=\"(max-width: 103px) 100vw, 103px\" \/><\/li>\r\n    <li><img loading=\"lazy\" src=\"\/wp-content\/uploads\/2015\/09\/acc-edexcel.jpg\" alt=\"Edexcel Approved Centre\" width=\"103\" height=\"103\" class=\"alignnone size-full wp-image-2514\" srcset=\"https:\/\/so-global.com\/wp-content\/uploads\/2015\/09\/acc-edexcel.jpg 225w, https:\/\/so-global.com\/wp-content\/uploads\/2015\/09\/acc-edexcel-150x150.jpg 150w\" sizes=\"(max-width: 103px) 100vw, 103px\" \/><\/li>\r\n    <li><img loading=\"lazy\" src=\"\/wp-content\/uploads\/2015\/09\/acc-highfield.jpg\" alt=\"Highfield Approved HABC Centre\" width=\"103\" height=\"103\" class=\"alignnone size-full wp-image-2515\" srcset=\"https:\/\/so-global.com\/wp-content\/uploads\/2015\/09\/acc-highfield.jpg 225w, https:\/\/so-global.com\/wp-content\/uploads\/2015\/09\/acc-highfield-150x150.jpg 150w\" sizes=\"(max-width: 103px) 100vw, 103px\" \/><\/li>\r\n    <li><img loading=\"lazy\" src=\"\/wp-content\/uploads\/2015\/09\/acc-ilm.jpg\" alt=\"Institute of Leadership and Management\" width=\"103\" height=\"103\" class=\"alignnone size-full wp-image-2516\" srcset=\"https:\/\/so-global.com\/wp-content\/uploads\/2015\/09\/acc-ilm.jpg 225w, https:\/\/so-global.com\/wp-content\/uploads\/2015\/09\/acc-ilm-150x150.jpg 150w\" sizes=\"(max-width: 103px) 100vw, 103px\" \/><\/li>\r\n    <li><img loading=\"lazy\" src=\"\/wp-content\/uploads\/2015\/09\/acc-cso.jpg\" alt=\"CSO Alliance Marine\" width=\"103\" height=\"103\" class=\"alignnone size-full wp-image-2517\" srcset=\"https:\/\/so-global.com\/wp-content\/uploads\/2015\/09\/acc-cso.jpg 225w, https:\/\/so-global.com\/wp-content\/uploads\/2015\/09\/acc-cso-150x150.jpg 150w\" sizes=\"(max-width: 103px) 100vw, 103px\" \/><\/li>\r\n    <li><img loading=\"lazy\" src=\"\/wp-content\/uploads\/2015\/09\/acc-liverpool.jpg\" alt=\"Liverpool and Sefton Chambers of Commerce\" width=\"103\" height=\"103\" class=\"alignnone size-full wp-image-2518\" srcset=\"https:\/\/so-global.com\/wp-content\/uploads\/2015\/09\/acc-liverpool.jpg 225w, https:\/\/so-global.com\/wp-content\/uploads\/2015\/09\/acc-liverpool-150x150.jpg 150w\" sizes=\"(max-width: 103px) 100vw, 103px\" \/><\/li>\r\n    <li><img loading=\"lazy\" src=\"\/wp-content\/uploads\/2015\/09\/acc-uk-chamber.jpg\" alt=\"UK Chamber of Shipping\" width=\"103\" height=\"103\" class=\"alignnone size-full wp-image-2519\" srcset=\"https:\/\/so-global.com\/wp-content\/uploads\/2015\/09\/acc-uk-chamber.jpg 225w, https:\/\/so-global.com\/wp-content\/uploads\/2015\/09\/acc-uk-chamber-150x150.jpg 150w\" sizes=\"(max-width: 103px) 100vw, 103px\" \/><\/li>\r\n    <li><img loading=\"lazy\" src=\"\/wp-content\/uploads\/2015\/09\/acc-rospa.jpg\" alt=\"The Royal Society for the Prevention of Accidents\" width=\"103\" height=\"103\" class=\"alignnone size-full wp-image-2520\" srcset=\"https:\/\/so-global.com\/wp-content\/uploads\/2015\/09\/acc-rospa.jpg 225w, https:\/\/so-global.com\/wp-content\/uploads\/2015\/09\/acc-rospa-150x150.jpg 150w\" sizes=\"(max-width: 103px) 100vw, 103px\" \/><\/li>\r\n<\/ul>\r\n<a href=\"mailto:training@so-global.com\">\r\n    <span class=\"icon-container\">\r\n     <img loading=\"lazy\" src=\"\/wp-content\/themes\/sovereign\/img\/icon-mail.png\" width=\"19\" height=\"14\" alt=\"E-mail\" \/>\r\n    <\/span>\r\n     contactez-nous<\/a>\r\n<\/div>\r\n<\/div>\r\n\r\n<div class=\"intro-text-container\">\r\n                                <p style=\"text-align: justify;\"><b>Notre m\u00e9tier : <\/b>fournir des formations de pointe et reconnues \u00e0 l\u2019international en protection rapproch\u00e9e, gestion des risques et gestion des crises pour les personnels du secteur priv\u00e9, des organisations internationales et des Etats pouvant \u00eatre amen\u00e9s \u00e0 op\u00e9rer en environnement d\u00e9grad\u00e9.<\/p>\r\n                                <div>\r\n                                    <p style=\"text-align: justify;\"><b>Nos services :<\/b><\/p><div style=\"text-align: justify;\">\r\n                                    <ul>\r\n                                        <li>Analyse des besoins en formation\u00a0&#8211; une \u00e9tape indispensable pour comprendre les besoins et les attentes de nos clients afin de proposer des solutions r\u00e9pondant \u00e0 chacune de leurs exigences<\/li>\r\n\r\n                                        <li>D\u00e9veloppement et mise en \u0153uvre\u00a0&#8211; chaque programme d\u00e9livr\u00e9 est unique dans l\u2019agencement et le d\u00e9veloppement de ses modules afin de proposer les formations plus adapt\u00e9es et r\u00e9alistes possibles, dans le respect des normes internationales et du secteur d\u2019activit\u00e9 concern\u00e9<\/li>\r\n\r\n                                        <li>D\u00e9livrance \u00e0 l\u2019international &#8211; un pool de formateurs regroupant des anciens op\u00e9rateurs des forces sp\u00e9ciales fran\u00e7aises et britanniques et des directeurs s\u00fbret\u00e9 de grands groupes internationaux pouvant \u00eatre mobilis\u00e9s \u00e0 tout instant pour assurer nos formations sur les lieux d\u2019instruction choisis par nos clients<\/li>\r\n\r\n                                        <li>Evaluation\u00a0&#8211; c<span>haque stagiaire est \u00e9valu\u00e9 \u00e0 la fin de nos prestations pour v\u00e9rifier\u00a0<\/span><span>ses<\/span><span>\u00a0capacit\u00e9s \u00e0 appliquer correctement les enseignements re\u00e7us dans\u00a0<\/span><span>son<\/span><span>\u00a0environnement professionnel<\/span><\/li>\r\n                                    <\/ul>\r\n                             <b>Notre valeur ajout\u00e9e\u00a0:<\/b><\/div>\r\n                            <ul>\r\n<li style=\"text-align: justify;\">5 ans d\u2019exp\u00e9rience dans le d\u00e9veloppement et la d\u00e9livrance \u00e0 l\u2019international de formations pour des entreprises de s\u00e9curit\u00e9\u00a0priv\u00e9e op\u00e9rant en Irak et Moyen-Orient, mais \u00e9galement pour les missions de l\u2019Union Europ\u00e9enne et les forces gouvernementales d\u00e9ploy\u00e9es pour les missions de maintien de la paix de l\u2019ONU<\/li>\r\n<li style=\"text-align: justify;\">Des qualifications d\u00e9livr\u00e9es par les organismes de contr\u00f4le britanniques et reconnues \u00e0 l\u2019international<\/li>\r\n<li style=\"text-align: justify;\">Un centre de formation fran\u00e7ais sp\u00e9cialis\u00e9 dans l\u2019instruction d\u2019unit\u00e9s sp\u00e9ciales et mis \u00e0 la disposition de nos clients priv\u00e9s.<\/li>\r\n<\/ul>\r\n                            <\/div>\r\n                        <\/div>\r\n                    <\/div>\r\n                    <div id=\"part2\">\r\n                        <ul class=\"hover-boxes\">\r\n                            <li>\r\n                                \r\n                                    <a href=\"#\"><img loading=\"lazy\" src=\"\/wp-content\/uploads\/2016\/01\/heat.jpg\" alt=\"Ship Security Officer (SSO)\" width=\"323\" height=\"218\" class=\"alignnone wp-image-2106\" \/>\r\n                                    <\/a><div class=\"overlay\">\r\n                                        <h5><a href=\"#\">Hostile Environment Awareness Training (HEAT)<\/a><\/h5>\r\n                                        <p><a href=\"#\">Prendre conscience et savoir reconnaitre des situations \u00e0 risques lors d&rsquo;un d\u00e9ploiement en environnement d\u00e9grad\u00e9 afin de s&rsquo;y adapter le plus efficacement possible<\/a>.<\/p><a href=\"#\">\r\n                                    <\/a><\/div><a href=\"#\">\r\n                                <\/a>\r\n                            <\/li>\r\n                            <li>\r\n                                <a href=\"#\">\r\n                                    <img loading=\"lazy\" src=\"\/wp-content\/uploads\/2016\/01\/Best-Advance-Driving-Courses.jpg\" alt=\"Company Security Officer (CSO)\" width=\"323\" height=\"218\" class=\"alignnone size-full wp-image-2107\" \/>\r\n                                    <div class=\"overlay\">\r\n                                        <h5>Conduite d\u00e9fensive<\/h5>\r\n                                        <p>Defensive Driver Training (DDT) Enseigner, aux normes RoSPA, les techniques de conduite n\u00e9cessaires pour r\u00e9agir \u00e0 toute situation \u00e0 risques pour le v\u00e9hicule et ses occupants.<\/p>\r\n                                    <\/div>\r\n                                <\/a>\r\n                            <\/li>\r\n                            <li>\r\n                                <a href=\"#\">\r\n                                    <img loading=\"lazy\" src=\"\/wp-content\/uploads\/2016\/02\/CP-St-astier.jpg\" alt=\"Port Facility Security Officer (PFSO)\" width=\"323\" height=\"218\" class=\"alignnone size-full wp-image-2108\" \/>\r\n                                    <div class=\"overlay\">\r\n                                        <h5>Protection rapproch\u00e9e<\/h5>\r\n                                        <p>Formation compl\u00e8te pour les individus souhaitant devenir agent de protection rapproch\u00e9e VIP\/Environnement hostile.<\/p>\r\n                                    <\/div>\r\n                                <\/a>\r\n                            <\/li>\r\n                            <li>\r\n                                <a href=\"#\">\r\n                                    <img loading=\"lazy\" src=\"\/wp-content\/uploads\/2016\/01\/risk-management-1.jpg\" width=\"640\" height=\"426\" class=\"alignnone wp-image-3846 size-full\" srcset=\"https:\/\/so-global.com\/wp-content\/uploads\/2016\/01\/risk-management-1.jpg 640w, https:\/\/so-global.com\/wp-content\/uploads\/2016\/01\/risk-management-1-300x200.jpg 300w, https:\/\/so-global.com\/wp-content\/uploads\/2016\/01\/risk-management-1-363x242.jpg 363w\" sizes=\"(max-width: 640px) 100vw, 640px\" \/>\r\n                                    <div class=\"overlay\">\r\n                                        <h5>Suret\u00e9 et gestion des risques<\/h5>\r\n                                        <p>Fournir aux stagiaires les connaissances n\u00e9cessaires pour devenir un consultant en gestion des risques s\u00e9curitaires: etudes risques pays, analyse des menaces, r\u00e9daction de plans de suret\u00e9, gestion de crises&#8230;<\/p>\r\n                                    <\/div>\r\n                                <\/a>\r\n                            <\/li>\r\n                            <li>\r\n                                <a href=\"#\">\r\n                                    <img loading=\"lazy\" src=\"\/wp-content\/uploads\/2016\/01\/stock-photo-rio-de-janeiro-rj-brazil-december-operation-center-monitoring-citywide-safety-security-189012017-1.jpg\" width=\"640\" height=\"426\" class=\"alignnone wp-image-3841 size-full\" srcset=\"https:\/\/so-global.com\/wp-content\/uploads\/2016\/01\/stock-photo-rio-de-janeiro-rj-brazil-december-operation-center-monitoring-citywide-safety-security-189012017-1.jpg 640w, https:\/\/so-global.com\/wp-content\/uploads\/2016\/01\/stock-photo-rio-de-janeiro-rj-brazil-december-operation-center-monitoring-citywide-safety-security-189012017-1-300x200.jpg 300w, https:\/\/so-global.com\/wp-content\/uploads\/2016\/01\/stock-photo-rio-de-janeiro-rj-brazil-december-operation-center-monitoring-citywide-safety-security-189012017-1-363x242.jpg 363w\" sizes=\"(max-width: 640px) 100vw, 640px\" \/>\r\n                                    <div class=\"overlay\">\r\n                                        <h5>Gestion de crises<\/h5>\r\n                                        <p>D\u00e9terminer et g\u00e9rer l&rsquo;impact des risques op\u00e9rationnels et financiers pour assurer la continuit\u00e9 des activit\u00e9s.<\/p>\r\n                                    <\/div>\r\n                                <\/a>\r\n                            <\/li>\r\n                            <li>\r\n                                <a href=\"#\">\r\n                                    <img loading=\"lazy\" src=\"\/wp-content\/uploads\/2016\/01\/conflict-management.jpg\" width=\"640\" height=\"426\" class=\"alignnone wp-image-3844 size-full\" srcset=\"https:\/\/so-global.com\/wp-content\/uploads\/2016\/01\/conflict-management.jpg 640w, https:\/\/so-global.com\/wp-content\/uploads\/2016\/01\/conflict-management-300x200.jpg 300w, https:\/\/so-global.com\/wp-content\/uploads\/2016\/01\/conflict-management-363x242.jpg 363w\" sizes=\"(max-width: 640px) 100vw, 640px\" \/>\r\n                                    <div class=\"overlay\">\r\n                                        <h5>Gestion des conflits<\/h5>\r\n                                        <p>Former les responsables d&rsquo;entreprises et les personnels du secteur public \u00e0 la gestion des conflits, \u00e0 la prise en charge de negotiations et \u00e0 la r\u00e9solution des tensions en environnement professionnel.<\/p>\r\n                                    <\/div>\r\n                                <\/a>\r\n                            <\/li>\r\n                            <li>\r\n                                <a href=\"#\">\r\n                                    <img loading=\"lazy\" src=\"\/wp-content\/uploads\/2016\/01\/cyber-2.jpg\" width=\"640\" height=\"426\" class=\"alignnone wp-image-3843 size-full\" srcset=\"https:\/\/so-global.com\/wp-content\/uploads\/2016\/01\/cyber-2.jpg 640w, https:\/\/so-global.com\/wp-content\/uploads\/2016\/01\/cyber-2-300x200.jpg 300w, https:\/\/so-global.com\/wp-content\/uploads\/2016\/01\/cyber-2-363x242.jpg 363w\" sizes=\"(max-width: 640px) 100vw, 640px\" \/>\r\n                                    <div class=\"overlay\">\r\n                                        <h5>Formation Cyber-s\u00e9curit\u00e9<\/h5>\r\n                                        <p>Fournir aux personnels gouvernementaux et du secteur priv\u00e9 les bases des mesures de protection contre les cyber-attaques.<\/p>\r\n                                    <\/div>\r\n                                <\/a>\r\n                            <\/li>\r\n                        \r\n                        <\/ul>\r\n                    <\/div>\r\n                    <div id=\"part3\" class=\"infographic-container training\">\r\n                        <img loading=\"lazy\" src=\"\/wp-content\/uploads\/2016\/04\/training-infographics.png\" alt=\"Over 5000 personnel trained in France - Security training; Ukraine - Medical, Instructor training; Monaco - Superyatch security training; United Kingdom - Specialist training \u2013 Ministry of Defence; Djibouti - Maritime security training; India - Maritime security training; Iraq - Close protection, Medical, Driver, Hostile Environment training; Italy - Close protection training; UAE - Instructor training; Afghanistan - Instructor, Hostile Environment training\" width=\"819\" height=\"628\" class=\"alignnone wp-image-2117\" \/>\r\n                        \r\n                        <img loading=\"lazy\" src=\"\/wp-content\/uploads\/2016\/03\/Training.png\" alt=\"300 instructors, 1200 maritime operators, 2500 team medics, 500 close protection officers, 400 drivers\" width=\"234\" height=\"530\" class=\"alignnone wp-image-2118\" \/>\r\n\r\n                    <\/div><\/div>","protected":false},"excerpt":{"rendered":"FORMATIONS QUALIFIANTES SURET\u00c9\/GESTION DES RISQUES contactez-nous Notre m\u00e9tier : fournir des formations de pointe et reconnues \u00e0 l\u2019international en protection rapproch\u00e9e, gestion des risques et gestion des crises pour les personnels du secteur priv\u00e9, des organisations internationales et des Etats pouvant \u00eatre amen\u00e9s \u00e0 op\u00e9rer en environnement d\u00e9grad\u00e9. Nos services : Analyse des besoins en &hellip; <a href=\"https:\/\/so-global.com\/fr\/training\/security-training\/\" class=\"more-link\">Continue reading <span class=\"screen-reader-text\">Suret\u00e9<\/span><\/a>","protected":false},"author":1,"featured_media":0,"parent":2776,"menu_order":0,"comment_status":"closed","ping_status":"closed","template":"","meta":[],"yoast_head":"<!-- This site is optimized with the Yoast SEO plugin v16.9 - https:\/\/yoast.com\/wordpress\/plugins\/seo\/ -->\n<title>Suret\u00e9 - Maritime Training &amp; Sea Security | Sovereign Global<\/title>\n<meta name=\"robots\" content=\"noindex, follow, max-snippet:-1, max-image-preview:large, max-video-preview:-1\" \/>\n<meta property=\"og:locale\" content=\"fr_FR\" \/>\n<meta property=\"og:type\" content=\"article\" \/>\n<meta property=\"og:title\" content=\"Suret\u00e9 - Maritime Training &amp; Sea Security | Sovereign Global\" \/>\n<meta property=\"og:description\" content=\"FORMATIONS QUALIFIANTES SURET\u00c9\/GESTION DES RISQUES contactez-nous Notre m\u00e9tier : fournir des formations de pointe et reconnues \u00e0 l\u2019international en protection rapproch\u00e9e, gestion des risques et gestion des crises pour les personnels du secteur priv\u00e9, des organisations internationales et des Etats pouvant \u00eatre amen\u00e9s \u00e0 op\u00e9rer en environnement d\u00e9grad\u00e9. Nos services : Analyse des besoins en &hellip; Continue reading Suret\u00e9\" \/>\n<meta property=\"og:url\" content=\"https:\/\/so-global.com\/fr\/training\/security-training\/\" \/>\n<meta property=\"og:site_name\" content=\"Maritime Training &amp; Sea Security | Sovereign Global\" \/>\n<meta property=\"article:modified_time\" content=\"2017-07-18T12:56:57+00:00\" \/>\n<meta property=\"og:image\" content=\"https:\/\/so-global.com\/wp-content\/uploads\/2015\/09\/acc-mca.jpg\" \/>\n<meta name=\"twitter:card\" content=\"summary\" \/>\n<meta name=\"twitter:label1\" content=\"Dur\u00e9e de lecture est.\" \/>\n\t<meta name=\"twitter:data1\" content=\"3 minutes\" \/>\n<script type=\"application\/ld+json\" class=\"yoast-schema-graph\">{\"@context\":\"https:\/\/schema.org\",\"@graph\":[{\"@type\":\"WebSite\",\"@id\":\"https:\/\/so-global.com\/#website\",\"url\":\"https:\/\/so-global.com\/\",\"name\":\"Maritime Training &amp; Sea Security | Sovereign Global\",\"description\":\"Sovereign\",\"potentialAction\":[{\"@type\":\"SearchAction\",\"target\":{\"@type\":\"EntryPoint\",\"urlTemplate\":\"https:\/\/so-global.com\/?s={search_term_string}\"},\"query-input\":\"required name=search_term_string\"}],\"inLanguage\":\"fr-FR\"},{\"@type\":\"ImageObject\",\"@id\":\"https:\/\/so-global.com\/fr\/training\/security-training\/#primaryimage\",\"inLanguage\":\"fr-FR\",\"url\":\"\/wp-content\/uploads\/2015\/09\/acc-mca.jpg\",\"contentUrl\":\"\/wp-content\/uploads\/2015\/09\/acc-mca.jpg\"},{\"@type\":\"WebPage\",\"@id\":\"https:\/\/so-global.com\/fr\/training\/security-training\/#webpage\",\"url\":\"https:\/\/so-global.com\/fr\/training\/security-training\/\",\"name\":\"Suret\\u00e9 - Maritime Training &amp; Sea Security | Sovereign Global\",\"isPartOf\":{\"@id\":\"https:\/\/so-global.com\/#website\"},\"primaryImageOfPage\":{\"@id\":\"https:\/\/so-global.com\/fr\/training\/security-training\/#primaryimage\"},\"datePublished\":\"2016-03-01T11:08:40+00:00\",\"dateModified\":\"2017-07-18T12:56:57+00:00\",\"breadcrumb\":{\"@id\":\"https:\/\/so-global.com\/fr\/training\/security-training\/#breadcrumb\"},\"inLanguage\":\"fr-FR\",\"potentialAction\":[{\"@type\":\"ReadAction\",\"target\":[\"https:\/\/so-global.com\/fr\/training\/security-training\/\"]}]},{\"@type\":\"BreadcrumbList\",\"@id\":\"https:\/\/so-global.com\/fr\/training\/security-training\/#breadcrumb\",\"itemListElement\":[{\"@type\":\"ListItem\",\"position\":1,\"name\":\"Home\",\"item\":\"https:\/\/so-global.com\/\"},{\"@type\":\"ListItem\",\"position\":2,\"name\":\"Formations\",\"item\":\"https:\/\/so-global.com\/fr\/?page_id=2776\/\"},{\"@type\":\"ListItem\",\"position\":3,\"name\":\"Suret\\u00e9\"}]}]}<\/script>\n<!-- \/ Yoast SEO plugin. -->","yoast_head_json":{"title":"Suret\u00e9 - Maritime Training &amp; Sea Security | Sovereign Global","robots":{"index":"noindex","follow":"follow","max-snippet":"max-snippet:-1","max-image-preview":"max-image-preview:large","max-video-preview":"max-video-preview:-1"},"og_locale":"fr_FR","og_type":"article","og_title":"Suret\u00e9 - Maritime Training &amp; Sea Security | Sovereign Global","og_description":"FORMATIONS QUALIFIANTES SURET\u00c9\/GESTION DES RISQUES contactez-nous Notre m\u00e9tier : fournir des formations de pointe et reconnues \u00e0 l\u2019international en protection rapproch\u00e9e, gestion des risques et gestion des crises pour les personnels du secteur priv\u00e9, des organisations internationales et des Etats pouvant \u00eatre amen\u00e9s \u00e0 op\u00e9rer en environnement d\u00e9grad\u00e9. Nos services : Analyse des besoins en &hellip; Continue reading Suret\u00e9","og_url":"https:\/\/so-global.com\/fr\/training\/security-training\/","og_site_name":"Maritime Training &amp; Sea Security | Sovereign Global","article_modified_time":"2017-07-18T12:56:57+00:00","og_image":[{"url":"https:\/\/so-global.com\/wp-content\/uploads\/2015\/09\/acc-mca.jpg"}],"twitter_card":"summary","twitter_misc":{"Dur\u00e9e de lecture est.":"3 minutes"},"schema":{"@context":"https:\/\/schema.org","@graph":[{"@type":"WebSite","@id":"https:\/\/so-global.com\/#website","url":"https:\/\/so-global.com\/","name":"Maritime Training &amp; Sea Security | Sovereign Global","description":"Sovereign","potentialAction":[{"@type":"SearchAction","target":{"@type":"EntryPoint","urlTemplate":"https:\/\/so-global.com\/?s={search_term_string}"},"query-input":"required name=search_term_string"}],"inLanguage":"fr-FR"},{"@type":"ImageObject","@id":"https:\/\/so-global.com\/fr\/training\/security-training\/#primaryimage","inLanguage":"fr-FR","url":"\/wp-content\/uploads\/2015\/09\/acc-mca.jpg","contentUrl":"\/wp-content\/uploads\/2015\/09\/acc-mca.jpg"},{"@type":"WebPage","@id":"https:\/\/so-global.com\/fr\/training\/security-training\/#webpage","url":"https:\/\/so-global.com\/fr\/training\/security-training\/","name":"Suret\u00e9 - Maritime Training &amp; Sea Security | Sovereign Global","isPartOf":{"@id":"https:\/\/so-global.com\/#website"},"primaryImageOfPage":{"@id":"https:\/\/so-global.com\/fr\/training\/security-training\/#primaryimage"},"datePublished":"2016-03-01T11:08:40+00:00","dateModified":"2017-07-18T12:56:57+00:00","breadcrumb":{"@id":"https:\/\/so-global.com\/fr\/training\/security-training\/#breadcrumb"},"inLanguage":"fr-FR","potentialAction":[{"@type":"ReadAction","target":["https:\/\/so-global.com\/fr\/training\/security-training\/"]}]},{"@type":"BreadcrumbList","@id":"https:\/\/so-global.com\/fr\/training\/security-training\/#breadcrumb","itemListElement":[{"@type":"ListItem","position":1,"name":"Home","item":"https:\/\/so-global.com\/"},{"@type":"ListItem","position":2,"name":"Formations","item":"https:\/\/so-global.com\/fr\/?page_id=2776\/"},{"@type":"ListItem","position":3,"name":"Suret\u00e9"}]}]}},"_links":{"self":[{"href":"https:\/\/so-global.com\/fr\/wp-json\/wp\/v2\/pages\/2807"}],"collection":[{"href":"https:\/\/so-global.com\/fr\/wp-json\/wp\/v2\/pages"}],"about":[{"href":"https:\/\/so-global.com\/fr\/wp-json\/wp\/v2\/types\/page"}],"author":[{"embeddable":true,"href":"https:\/\/so-global.com\/fr\/wp-json\/wp\/v2\/users\/1"}],"replies":[{"embeddable":true,"href":"https:\/\/so-global.com\/fr\/wp-json\/wp\/v2\/comments?post=2807"}],"version-history":[{"count":37,"href":"https:\/\/so-global.com\/fr\/wp-json\/wp\/v2\/pages\/2807\/revisions"}],"predecessor-version":[{"id":4179,"href":"https:\/\/so-global.com\/fr\/wp-json\/wp\/v2\/pages\/2807\/revisions\/4179"}],"up":[{"embeddable":true,"href":"https:\/\/so-global.com\/fr\/wp-json\/wp\/v2\/pages\/2776"}],"wp:attachment":[{"href":"https:\/\/so-global.com\/fr\/wp-json\/wp\/v2\/media?parent=2807"}],"curies":[{"name":"wp","href":"https:\/\/api.w.org\/{rel}","templated":true}]}}