{"id":2798,"date":"2016-03-01T12:03:54","date_gmt":"2016-03-01T11:03:54","guid":{"rendered":"http:\/\/sovereign.wpstaging.alert.com.mt\/fr\/?page_id=2798"},"modified":"2017-07-18T14:51:28","modified_gmt":"2017-07-18T12:51:28","slug":"government","status":"publish","type":"page","link":"https:\/\/so-global.com\/fr\/training\/government\/","title":{"rendered":"Etats &#038; OI"},"content":{"rendered":"<div id=\"part1\" class=\"table-like-intro\">\r\n                        <div class=\"top-panel\">\r\n                            <h2>Formations pour les Etats\u00a0et les organisations internationales<\/h2>\r\n                        <\/div>\r\n                        <div class=\"intro-content\">\r\n<div class=\"pull-left\">\r\n                            <div class=\"intro-image-container\">\r\n<img loading=\"lazy\" src=\"\/wp-content\/uploads\/2015\/09\/government1.jpg\" alt=\"government1\" width=\"442\" height=\"442\" class=\"alignnone size-full wp-image-2299\" srcset=\"https:\/\/so-global.com\/wp-content\/uploads\/2015\/09\/government1.jpg 640w, https:\/\/so-global.com\/wp-content\/uploads\/2015\/09\/government1-150x150.jpg 150w, https:\/\/so-global.com\/wp-content\/uploads\/2015\/09\/government1-300x300.jpg 300w\" sizes=\"(max-width: 442px) 100vw, 442px\" \/>    \r\n<img loading=\"lazy\" src=\"\/wp-content\/uploads\/2015\/09\/government2.jpg\" alt=\"government2\" width=\"442\" height=\"442\" class=\"alignnone size-full wp-image-2300\" srcset=\"https:\/\/so-global.com\/wp-content\/uploads\/2015\/09\/government2.jpg 640w, https:\/\/so-global.com\/wp-content\/uploads\/2015\/09\/government2-150x150.jpg 150w, https:\/\/so-global.com\/wp-content\/uploads\/2015\/09\/government2-300x300.jpg 300w\" sizes=\"(max-width: 442px) 100vw, 442px\" \/>\r\n<img loading=\"lazy\" src=\"\/wp-content\/uploads\/2015\/09\/government3.jpg\" alt=\"government3\" width=\"442\" height=\"442\" class=\"alignnone size-full wp-image-2301\" srcset=\"https:\/\/so-global.com\/wp-content\/uploads\/2015\/09\/government3.jpg 640w, https:\/\/so-global.com\/wp-content\/uploads\/2015\/09\/government3-150x150.jpg 150w, https:\/\/so-global.com\/wp-content\/uploads\/2015\/09\/government3-300x300.jpg 300w\" sizes=\"(max-width: 442px) 100vw, 442px\" \/>\r\n<img loading=\"lazy\" src=\"\/wp-content\/uploads\/2015\/09\/government4.jpg\" alt=\"government4\" width=\"442\" height=\"442\" class=\"alignnone size-full wp-image-2302\" srcset=\"https:\/\/so-global.com\/wp-content\/uploads\/2015\/09\/government4.jpg 640w, https:\/\/so-global.com\/wp-content\/uploads\/2015\/09\/government4-150x150.jpg 150w, https:\/\/so-global.com\/wp-content\/uploads\/2015\/09\/government4-300x300.jpg 300w\" sizes=\"(max-width: 442px) 100vw, 442px\" \/>\r\n<img loading=\"lazy\" src=\"\/wp-content\/uploads\/2015\/09\/government5.jpg\" alt=\"government5\" width=\"442\" height=\"442\" class=\"alignnone size-full wp-image-2303\" srcset=\"https:\/\/so-global.com\/wp-content\/uploads\/2015\/09\/government5.jpg 640w, https:\/\/so-global.com\/wp-content\/uploads\/2015\/09\/government5-150x150.jpg 150w, https:\/\/so-global.com\/wp-content\/uploads\/2015\/09\/government5-300x300.jpg 300w\" sizes=\"(max-width: 442px) 100vw, 442px\" \/>            \r\n                        <\/div>\r\n<ul>\r\n    <li><img loading=\"lazy\" src=\"\/wp-content\/uploads\/2015\/09\/acc-mca.jpg\" alt=\"Maritime and Coastguard Agency\" width=\"103\" height=\"103\" class=\"alignnone size-full wp-image-2511\" srcset=\"https:\/\/so-global.com\/wp-content\/uploads\/2015\/09\/acc-mca.jpg 225w, https:\/\/so-global.com\/wp-content\/uploads\/2015\/09\/acc-mca-150x150.jpg 150w\" sizes=\"(max-width: 103px) 100vw, 103px\" \/><\/li>\r\n    <li><img loading=\"lazy\" src=\"\/wp-content\/uploads\/2015\/09\/acc-dot.jpg\" alt=\"Department for Transport\" width=\"103\" height=\"103\" class=\"alignnone size-full wp-image-2512\" srcset=\"https:\/\/so-global.com\/wp-content\/uploads\/2015\/09\/acc-dot.jpg 225w, https:\/\/so-global.com\/wp-content\/uploads\/2015\/09\/acc-dot-150x150.jpg 150w\" sizes=\"(max-width: 103px) 100vw, 103px\" \/><\/li>\r\n    <li><img loading=\"lazy\" src=\"\/wp-content\/uploads\/2015\/09\/acc-city-guilds.jpg\" alt=\"City &#038; Guilds Approved Centre\" width=\"103\" height=\"103\" class=\"alignnone size-full wp-image-2513\" srcset=\"https:\/\/so-global.com\/wp-content\/uploads\/2015\/09\/acc-city-guilds.jpg 225w, https:\/\/so-global.com\/wp-content\/uploads\/2015\/09\/acc-city-guilds-150x150.jpg 150w\" sizes=\"(max-width: 103px) 100vw, 103px\" \/><\/li>\r\n    <li><img loading=\"lazy\" src=\"\/wp-content\/uploads\/2015\/09\/acc-edexcel.jpg\" alt=\"Edexcel Approved Centre\" width=\"103\" height=\"103\" class=\"alignnone size-full wp-image-2514\" srcset=\"https:\/\/so-global.com\/wp-content\/uploads\/2015\/09\/acc-edexcel.jpg 225w, https:\/\/so-global.com\/wp-content\/uploads\/2015\/09\/acc-edexcel-150x150.jpg 150w\" sizes=\"(max-width: 103px) 100vw, 103px\" \/><\/li>\r\n    <li><img loading=\"lazy\" src=\"\/wp-content\/uploads\/2015\/09\/acc-highfield.jpg\" alt=\"Highfield Approved HABC Centre\" width=\"103\" height=\"103\" class=\"alignnone size-full wp-image-2515\" srcset=\"https:\/\/so-global.com\/wp-content\/uploads\/2015\/09\/acc-highfield.jpg 225w, https:\/\/so-global.com\/wp-content\/uploads\/2015\/09\/acc-highfield-150x150.jpg 150w\" sizes=\"(max-width: 103px) 100vw, 103px\" \/><\/li>\r\n    <li><img loading=\"lazy\" src=\"\/wp-content\/uploads\/2015\/09\/acc-ilm.jpg\" alt=\"Institute of Leadership and Management\" width=\"103\" height=\"103\" class=\"alignnone size-full wp-image-2516\" srcset=\"https:\/\/so-global.com\/wp-content\/uploads\/2015\/09\/acc-ilm.jpg 225w, https:\/\/so-global.com\/wp-content\/uploads\/2015\/09\/acc-ilm-150x150.jpg 150w\" sizes=\"(max-width: 103px) 100vw, 103px\" \/><\/li>\r\n    <li><img loading=\"lazy\" src=\"\/wp-content\/uploads\/2015\/09\/acc-cso.jpg\" alt=\"CSO Alliance Marine\" width=\"103\" height=\"103\" class=\"alignnone size-full wp-image-2517\" srcset=\"https:\/\/so-global.com\/wp-content\/uploads\/2015\/09\/acc-cso.jpg 225w, https:\/\/so-global.com\/wp-content\/uploads\/2015\/09\/acc-cso-150x150.jpg 150w\" sizes=\"(max-width: 103px) 100vw, 103px\" \/><\/li>\r\n    <li><img loading=\"lazy\" src=\"\/wp-content\/uploads\/2015\/09\/acc-liverpool.jpg\" alt=\"Liverpool and Sefton Chambers of Commerce\" width=\"103\" height=\"103\" class=\"alignnone size-full wp-image-2518\" srcset=\"https:\/\/so-global.com\/wp-content\/uploads\/2015\/09\/acc-liverpool.jpg 225w, https:\/\/so-global.com\/wp-content\/uploads\/2015\/09\/acc-liverpool-150x150.jpg 150w\" sizes=\"(max-width: 103px) 100vw, 103px\" \/><\/li>\r\n    <li><img loading=\"lazy\" src=\"\/wp-content\/uploads\/2015\/09\/acc-uk-chamber.jpg\" alt=\"UK Chamber of Shipping\" width=\"103\" height=\"103\" class=\"alignnone size-full wp-image-2519\" srcset=\"https:\/\/so-global.com\/wp-content\/uploads\/2015\/09\/acc-uk-chamber.jpg 225w, https:\/\/so-global.com\/wp-content\/uploads\/2015\/09\/acc-uk-chamber-150x150.jpg 150w\" sizes=\"(max-width: 103px) 100vw, 103px\" \/><\/li>\r\n    <li><img loading=\"lazy\" src=\"\/wp-content\/uploads\/2015\/09\/acc-rospa.jpg\" alt=\"The Royal Society for the Prevention of Accidents\" width=\"103\" height=\"103\" class=\"alignnone size-full wp-image-2520\" srcset=\"https:\/\/so-global.com\/wp-content\/uploads\/2015\/09\/acc-rospa.jpg 225w, https:\/\/so-global.com\/wp-content\/uploads\/2015\/09\/acc-rospa-150x150.jpg 150w\" sizes=\"(max-width: 103px) 100vw, 103px\" \/><\/li>\r\n<\/ul>\r\n<a href=\"mailto:training@so-global.com\">\r\n    <span class=\"icon-container\">\r\n     <img loading=\"lazy\" src=\"\/wp-content\/themes\/sovereign\/img\/icon-mail.png\" width=\"19\" height=\"14\" alt=\"E-mail\" \/>\r\n    <\/span>\r\n     contactez-nous<\/a>\r\n<\/div>\r\n\r\n                            <div class=\"intro-text-container\">\r\n                                <p style=\"text-align: justify;\"><b>Notre m\u00e9tier :<\/b>\u00a0assister les Etats et les organisations internationales dans le d\u00e9veloppement et la mise en \u0153uvre de formations sur mesure. Nos conseillers, anciens officiers, sous-officiers et hauts-fonctionnaires fran\u00e7ais, britanniques et am\u00e9ricains veillent \u00e0 ce que chaque programme r\u00e9ponde en tout point aux besoins identifi\u00e9s en amont ainsi qu&rsquo;aux exigences de nos clients. Nous travaillons essentiellement avec\u00a0:<br \/>\r\n<\/p><ul>\r\n<li style=\"text-align: justify;\">Les forces arm\u00e9es &#8211; Minist\u00e8res de la D\u00e9fense<\/li>\r\n<li style=\"text-align: justify;\">Les forces de police &#8211; Minist\u00e8res de l\u2019Int\u00e9rieur<\/li>\r\n<li style=\"text-align: justify;\">Les unit\u00e9s de garde-c\u00f4tes\u00a0&#8211; Minist\u00e8res de la mer, Minist\u00e8res des transports<\/li>\r\n<li style=\"text-align: justify;\">Le corps diplomatique et m\u00e9dical\u00a0&#8211; Minist\u00e8re des Affaires Etrang\u00e8res, Minist\u00e8res de la sant\u00e9<\/li>\r\n<\/ul>\r\n<p style=\"text-align: justify;\"><b><br \/>Nos\u00a0services :<\/b><\/p><div>\r\n<ul>\r\n<li style=\"text-align: justify;\">Analyse des besoins en formation\u00a0&#8211; une \u00e9tape indispensable pour comprendre les besoins et les attentes de nos clients afin de proposer des solutions r\u00e9pondant \u00e0 chacune de leurs exigences<\/li>\r\n<li style=\"text-align: justify;\">D\u00e9veloppement et mise en \u0153uvre\u00a0&#8211; chaque programme d\u00e9livr\u00e9 est unique dans l\u2019agencement et le d\u00e9veloppement de ses modules afin de proposer les formations plus adapt\u00e9es et r\u00e9alistes possibles, dans le respect des normes internationales et du secteur d\u2019activit\u00e9 concern\u00e9<\/li>\r\n<li style=\"text-align: justify;\">D\u00e9livrance \u00e0 l\u2019international &#8211; une \u00e9quipe de formateurs regroupant des anciens op\u00e9rateurs des forces sp\u00e9ciales, des sp\u00e9cialistes du renseignement et des hauts fonctionnaires pouvant \u00eatre mobilis\u00e9s \u00e0 tout instant pour assurer nos formations sur les lieux d\u2019instruction choisis par nos clients<\/li>\r\n<li style=\"text-align: justify;\">Evaluation &#8211; chaque stagiaire est \u00e9valu\u00e9 \u00e0 la fin de nos prestations pour v\u00e9rifier ses\u00a0capacit\u00e9s \u00e0 appliquer correctement les enseignements re\u00e7us dans son\u00a0environnement professionnel<\/li>\r\n<\/ul>\r\n\r\n                                <\/div>\r\n                                <p style=\"text-align: justify;\"><b><br \/>Notre valeur ajout\u00e9e\u00a0:<\/b> 5 ann\u00e9es d\u2019exp\u00e9rience dans le conseil et le d\u00e9veloppement de programmes de formation pour les gouvernements et les organisations internationales en Europe, en Afrique et au Moyen-Orient, notamment pour l\u2019Union Europ\u00e9enne et les pays contributeurs aux op\u00e9rations de maintien de la paix de l\u2019ONU. Nos programmes sont exportables n\u2019importe o\u00f9 dans le monde gr\u00e2ce \u00e0 un large panel d\u2019accr\u00e9ditations internationales d\u00e9tenu par nos centres de formations et nos instructeurs. Ceux-ci peuvent \u00e9galement se d\u00e9rouler \u00e0 notre centre d\u2019instruction sp\u00e9cialis\u00e9 de St-Astier (France) ou au sein de notre centre de formation maritime de Liverpool (Royaume Uni).<\/p>\r\n                            <\/div>\r\n                        <\/div>\r\n                    <\/div>\r\n<div id=\"part2\" class=\"infographic-container training\">\r\n                        <img loading=\"lazy\" src=\"\/wp-content\/uploads\/2016\/04\/training-infographics.png\" alt=\"Over 5000 personnel trained in France - Security training; Ukraine - Medical, Instructor training; Monaco - Superyatch security training; United Kingdom - Specialist training \u2013 Ministry of Defence; Djibouti - Maritime security training; India - Maritime security training; Iraq - Close protection, Medical, Driver, Hostile Environment training; Italy - Close protection training; UAE - Instructor training; Afghanistan - Instructor, Hostile Environment training\" width=\"819\" height=\"628\" class=\"alignnone wp-image-2117\" \/>\r\n                        \r\n                        <img loading=\"lazy\" src=\"\/wp-content\/uploads\/2016\/03\/Training.png\" alt=\"300 instructors, 1200 maritime operators, 2500 team medics, 500 close protection officers, 400 drivers\" width=\"234\" height=\"530\" class=\"alignnone wp-image-2118\" \/>\r\n\r\n                    <\/div>","protected":false},"excerpt":{"rendered":"Formations pour les Etats\u00a0et les organisations internationales contactez-nous Notre m\u00e9tier :\u00a0assister les Etats et les organisations internationales dans le d\u00e9veloppement et la mise en \u0153uvre de formations sur mesure. Nos conseillers, anciens officiers, sous-officiers et hauts-fonctionnaires fran\u00e7ais, britanniques et am\u00e9ricains veillent \u00e0 ce que chaque programme r\u00e9ponde en tout point aux besoins identifi\u00e9s en amont &hellip; <a href=\"https:\/\/so-global.com\/fr\/training\/government\/\" class=\"more-link\">Continue reading <span class=\"screen-reader-text\">Etats &#038; OI<\/span><\/a>","protected":false},"author":1,"featured_media":0,"parent":2776,"menu_order":0,"comment_status":"closed","ping_status":"closed","template":"","meta":[],"yoast_head":"<!-- This site is optimized with the Yoast SEO plugin v16.9 - https:\/\/yoast.com\/wordpress\/plugins\/seo\/ -->\n<title>Etats &amp; OI - Maritime Training &amp; Sea Security | Sovereign Global<\/title>\n<meta name=\"robots\" content=\"noindex, follow, max-snippet:-1, max-image-preview:large, max-video-preview:-1\" \/>\n<meta property=\"og:locale\" content=\"fr_FR\" \/>\n<meta property=\"og:type\" content=\"article\" \/>\n<meta property=\"og:title\" content=\"Etats &amp; OI - Maritime Training &amp; Sea Security | Sovereign Global\" \/>\n<meta property=\"og:description\" content=\"Formations pour les Etats\u00a0et les organisations internationales contactez-nous Notre m\u00e9tier :\u00a0assister les Etats et les organisations internationales dans le d\u00e9veloppement et la mise en \u0153uvre de formations sur mesure. Nos conseillers, anciens officiers, sous-officiers et hauts-fonctionnaires fran\u00e7ais, britanniques et am\u00e9ricains veillent \u00e0 ce que chaque programme r\u00e9ponde en tout point aux besoins identifi\u00e9s en amont &hellip; Continue reading Etats &#038; OI\" \/>\n<meta property=\"og:url\" content=\"https:\/\/so-global.com\/fr\/training\/government\/\" \/>\n<meta property=\"og:site_name\" content=\"Maritime Training &amp; Sea Security | Sovereign Global\" \/>\n<meta property=\"article:modified_time\" content=\"2017-07-18T12:51:28+00:00\" \/>\n<meta property=\"og:image\" content=\"https:\/\/so-global.com\/wp-content\/uploads\/2015\/09\/government1.jpg\" \/>\n<meta name=\"twitter:card\" content=\"summary\" \/>\n<meta name=\"twitter:label1\" content=\"Dur\u00e9e de lecture est.\" \/>\n\t<meta name=\"twitter:data1\" content=\"2 minutes\" \/>\n<script type=\"application\/ld+json\" class=\"yoast-schema-graph\">{\"@context\":\"https:\/\/schema.org\",\"@graph\":[{\"@type\":\"WebSite\",\"@id\":\"https:\/\/so-global.com\/#website\",\"url\":\"https:\/\/so-global.com\/\",\"name\":\"Maritime Training &amp; Sea Security | Sovereign Global\",\"description\":\"Sovereign\",\"potentialAction\":[{\"@type\":\"SearchAction\",\"target\":{\"@type\":\"EntryPoint\",\"urlTemplate\":\"https:\/\/so-global.com\/?s={search_term_string}\"},\"query-input\":\"required name=search_term_string\"}],\"inLanguage\":\"fr-FR\"},{\"@type\":\"ImageObject\",\"@id\":\"https:\/\/so-global.com\/fr\/training\/government\/#primaryimage\",\"inLanguage\":\"fr-FR\",\"url\":\"\/wp-content\/uploads\/2015\/09\/government1.jpg\",\"contentUrl\":\"\/wp-content\/uploads\/2015\/09\/government1.jpg\"},{\"@type\":\"WebPage\",\"@id\":\"https:\/\/so-global.com\/fr\/training\/government\/#webpage\",\"url\":\"https:\/\/so-global.com\/fr\/training\/government\/\",\"name\":\"Etats & OI - Maritime Training &amp; Sea Security | Sovereign Global\",\"isPartOf\":{\"@id\":\"https:\/\/so-global.com\/#website\"},\"primaryImageOfPage\":{\"@id\":\"https:\/\/so-global.com\/fr\/training\/government\/#primaryimage\"},\"datePublished\":\"2016-03-01T11:03:54+00:00\",\"dateModified\":\"2017-07-18T12:51:28+00:00\",\"breadcrumb\":{\"@id\":\"https:\/\/so-global.com\/fr\/training\/government\/#breadcrumb\"},\"inLanguage\":\"fr-FR\",\"potentialAction\":[{\"@type\":\"ReadAction\",\"target\":[\"https:\/\/so-global.com\/fr\/training\/government\/\"]}]},{\"@type\":\"BreadcrumbList\",\"@id\":\"https:\/\/so-global.com\/fr\/training\/government\/#breadcrumb\",\"itemListElement\":[{\"@type\":\"ListItem\",\"position\":1,\"name\":\"Home\",\"item\":\"https:\/\/so-global.com\/\"},{\"@type\":\"ListItem\",\"position\":2,\"name\":\"Formations\",\"item\":\"https:\/\/so-global.com\/fr\/?page_id=2776\/\"},{\"@type\":\"ListItem\",\"position\":3,\"name\":\"Etats &#038; OI\"}]}]}<\/script>\n<!-- \/ Yoast SEO plugin. -->","yoast_head_json":{"title":"Etats & OI - Maritime Training &amp; Sea Security | Sovereign Global","robots":{"index":"noindex","follow":"follow","max-snippet":"max-snippet:-1","max-image-preview":"max-image-preview:large","max-video-preview":"max-video-preview:-1"},"og_locale":"fr_FR","og_type":"article","og_title":"Etats & OI - Maritime Training &amp; Sea Security | Sovereign Global","og_description":"Formations pour les Etats\u00a0et les organisations internationales contactez-nous Notre m\u00e9tier :\u00a0assister les Etats et les organisations internationales dans le d\u00e9veloppement et la mise en \u0153uvre de formations sur mesure. Nos conseillers, anciens officiers, sous-officiers et hauts-fonctionnaires fran\u00e7ais, britanniques et am\u00e9ricains veillent \u00e0 ce que chaque programme r\u00e9ponde en tout point aux besoins identifi\u00e9s en amont &hellip; Continue reading Etats &#038; OI","og_url":"https:\/\/so-global.com\/fr\/training\/government\/","og_site_name":"Maritime Training &amp; Sea Security | Sovereign Global","article_modified_time":"2017-07-18T12:51:28+00:00","og_image":[{"url":"https:\/\/so-global.com\/wp-content\/uploads\/2015\/09\/government1.jpg"}],"twitter_card":"summary","twitter_misc":{"Dur\u00e9e de lecture est.":"2 minutes"},"schema":{"@context":"https:\/\/schema.org","@graph":[{"@type":"WebSite","@id":"https:\/\/so-global.com\/#website","url":"https:\/\/so-global.com\/","name":"Maritime Training &amp; Sea Security | Sovereign Global","description":"Sovereign","potentialAction":[{"@type":"SearchAction","target":{"@type":"EntryPoint","urlTemplate":"https:\/\/so-global.com\/?s={search_term_string}"},"query-input":"required name=search_term_string"}],"inLanguage":"fr-FR"},{"@type":"ImageObject","@id":"https:\/\/so-global.com\/fr\/training\/government\/#primaryimage","inLanguage":"fr-FR","url":"\/wp-content\/uploads\/2015\/09\/government1.jpg","contentUrl":"\/wp-content\/uploads\/2015\/09\/government1.jpg"},{"@type":"WebPage","@id":"https:\/\/so-global.com\/fr\/training\/government\/#webpage","url":"https:\/\/so-global.com\/fr\/training\/government\/","name":"Etats & OI - Maritime Training &amp; Sea Security | Sovereign Global","isPartOf":{"@id":"https:\/\/so-global.com\/#website"},"primaryImageOfPage":{"@id":"https:\/\/so-global.com\/fr\/training\/government\/#primaryimage"},"datePublished":"2016-03-01T11:03:54+00:00","dateModified":"2017-07-18T12:51:28+00:00","breadcrumb":{"@id":"https:\/\/so-global.com\/fr\/training\/government\/#breadcrumb"},"inLanguage":"fr-FR","potentialAction":[{"@type":"ReadAction","target":["https:\/\/so-global.com\/fr\/training\/government\/"]}]},{"@type":"BreadcrumbList","@id":"https:\/\/so-global.com\/fr\/training\/government\/#breadcrumb","itemListElement":[{"@type":"ListItem","position":1,"name":"Home","item":"https:\/\/so-global.com\/"},{"@type":"ListItem","position":2,"name":"Formations","item":"https:\/\/so-global.com\/fr\/?page_id=2776\/"},{"@type":"ListItem","position":3,"name":"Etats &#038; OI"}]}]}},"_links":{"self":[{"href":"https:\/\/so-global.com\/fr\/wp-json\/wp\/v2\/pages\/2798"}],"collection":[{"href":"https:\/\/so-global.com\/fr\/wp-json\/wp\/v2\/pages"}],"about":[{"href":"https:\/\/so-global.com\/fr\/wp-json\/wp\/v2\/types\/page"}],"author":[{"embeddable":true,"href":"https:\/\/so-global.com\/fr\/wp-json\/wp\/v2\/users\/1"}],"replies":[{"embeddable":true,"href":"https:\/\/so-global.com\/fr\/wp-json\/wp\/v2\/comments?post=2798"}],"version-history":[{"count":31,"href":"https:\/\/so-global.com\/fr\/wp-json\/wp\/v2\/pages\/2798\/revisions"}],"predecessor-version":[{"id":4173,"href":"https:\/\/so-global.com\/fr\/wp-json\/wp\/v2\/pages\/2798\/revisions\/4173"}],"up":[{"embeddable":true,"href":"https:\/\/so-global.com\/fr\/wp-json\/wp\/v2\/pages\/2776"}],"wp:attachment":[{"href":"https:\/\/so-global.com\/fr\/wp-json\/wp\/v2\/media?parent=2798"}],"curies":[{"name":"wp","href":"https:\/\/api.w.org\/{rel}","templated":true}]}}