{"id":2795,"date":"2016-03-01T12:01:31","date_gmt":"2016-03-01T11:01:31","guid":{"rendered":"http:\/\/sovereign.wpstaging.alert.com.mt\/fr\/?page_id=2795"},"modified":"2017-05-02T08:18:30","modified_gmt":"2017-05-02T06:18:30","slug":"peacekeeping-training","status":"publish","type":"page","link":"https:\/\/so-global.com\/fr\/training\/peacekeeping-training\/","title":{"rendered":"Casques bleus (ONU)"},"content":{"rendered":"<div id=\"part1\" class=\"table-like-intro\">\r\n                        <div class=\"top-panel\">\r\n                            <h2><strong>Pr\u00e9paration d\u2019unit\u00e9s militaires et de police selon les crit\u00e8res de l\u2019ONU<\/strong><\/h2>    <\/div>\r\n                        <div class=\"intro-content\">\r\n<div class=\"pull-left\">\r\n                            <div class=\"intro-image-container\">\r\n<img loading=\"lazy\" src=\"\/wp-content\/uploads\/2016\/02\/1.jpg\" alt=\"1\" width=\"444\" height=\"444\" class=\"alignnone size-full wp-image-2498\" srcset=\"https:\/\/so-global.com\/wp-content\/uploads\/2016\/02\/1.jpg 640w, https:\/\/so-global.com\/wp-content\/uploads\/2016\/02\/1-150x150.jpg 150w, https:\/\/so-global.com\/wp-content\/uploads\/2016\/02\/1-300x300.jpg 300w\" sizes=\"(max-width: 444px) 100vw, 444px\" \/>\r\n<img loading=\"lazy\" src=\"\/wp-content\/uploads\/2016\/02\/2.jpg\" alt=\"2\" width=\"444\" height=\"444\" class=\"alignnone size-full wp-image-2499\" srcset=\"https:\/\/so-global.com\/wp-content\/uploads\/2016\/02\/2.jpg 640w, https:\/\/so-global.com\/wp-content\/uploads\/2016\/02\/2-150x150.jpg 150w, https:\/\/so-global.com\/wp-content\/uploads\/2016\/02\/2-300x300.jpg 300w\" sizes=\"(max-width: 444px) 100vw, 444px\" \/>\r\n<img loading=\"lazy\" src=\"\/wp-content\/uploads\/2016\/02\/3.jpg\" alt=\"3\" width=\"44\" height=\"444\" class=\"alignnone size-full wp-image-2500\" \/>\r\n<img loading=\"lazy\" src=\"\/wp-content\/uploads\/2016\/02\/4.jpg\" alt=\"4\" width=\"444\" height=\"444\" class=\"alignnone size-full wp-image-2501\" srcset=\"https:\/\/so-global.com\/wp-content\/uploads\/2016\/02\/4.jpg 640w, https:\/\/so-global.com\/wp-content\/uploads\/2016\/02\/4-150x150.jpg 150w, https:\/\/so-global.com\/wp-content\/uploads\/2016\/02\/4-300x300.jpg 300w\" sizes=\"(max-width: 444px) 100vw, 444px\" \/>\r\n<img loading=\"lazy\" src=\"\/wp-content\/uploads\/2016\/02\/5.jpg\" alt=\"5\" width=\"444\" height=\"444\" class=\"alignnone size-full wp-image-2492\" srcset=\"https:\/\/so-global.com\/wp-content\/uploads\/2016\/02\/5.jpg 640w, https:\/\/so-global.com\/wp-content\/uploads\/2016\/02\/5-150x150.jpg 150w, https:\/\/so-global.com\/wp-content\/uploads\/2016\/02\/5-300x300.jpg 300w\" sizes=\"(max-width: 444px) 100vw, 444px\" \/>\r\n<img loading=\"lazy\" src=\"\/wp-content\/uploads\/2016\/02\/6.jpg\" alt=\"6\" width=\"444\" height=\"444\" class=\"alignnone size-full wp-image-2493\" srcset=\"https:\/\/so-global.com\/wp-content\/uploads\/2016\/02\/6.jpg 640w, https:\/\/so-global.com\/wp-content\/uploads\/2016\/02\/6-150x150.jpg 150w, https:\/\/so-global.com\/wp-content\/uploads\/2016\/02\/6-300x300.jpg 300w\" sizes=\"(max-width: 444px) 100vw, 444px\" \/>\r\n<img loading=\"lazy\" src=\"\/wp-content\/uploads\/2016\/02\/7.jpg\" alt=\"7\" width=\"444\" height=\"444\" class=\"alignnone size-full wp-image-2494\" srcset=\"https:\/\/so-global.com\/wp-content\/uploads\/2016\/02\/7.jpg 640w, https:\/\/so-global.com\/wp-content\/uploads\/2016\/02\/7-150x150.jpg 150w, https:\/\/so-global.com\/wp-content\/uploads\/2016\/02\/7-300x300.jpg 300w\" sizes=\"(max-width: 444px) 100vw, 444px\" \/>\r\n<img loading=\"lazy\" src=\"\/wp-content\/uploads\/2016\/02\/8.jpg\" alt=\"8\" width=\"444\" height=\"444\" class=\"alignnone size-full wp-image-2495\" srcset=\"https:\/\/so-global.com\/wp-content\/uploads\/2016\/02\/8.jpg 640w, https:\/\/so-global.com\/wp-content\/uploads\/2016\/02\/8-150x150.jpg 150w, https:\/\/so-global.com\/wp-content\/uploads\/2016\/02\/8-300x300.jpg 300w\" sizes=\"(max-width: 444px) 100vw, 444px\" \/>\r\n<img loading=\"lazy\" src=\"\/wp-content\/uploads\/2016\/02\/9.jpg\" alt=\"9\" width=\"444\" height=\"444\" class=\"alignnone size-full wp-image-2496\" srcset=\"https:\/\/so-global.com\/wp-content\/uploads\/2016\/02\/9.jpg 640w, https:\/\/so-global.com\/wp-content\/uploads\/2016\/02\/9-150x150.jpg 150w, https:\/\/so-global.com\/wp-content\/uploads\/2016\/02\/9-300x300.jpg 300w\" sizes=\"(max-width: 444px) 100vw, 444px\" \/>\r\n<img loading=\"lazy\" src=\"\/wp-content\/uploads\/2016\/02\/10.jpg\" alt=\"10\" width=\"444\" height=\"444\" class=\"alignnone size-full wp-image-2497\" srcset=\"https:\/\/so-global.com\/wp-content\/uploads\/2016\/02\/10.jpg 640w, https:\/\/so-global.com\/wp-content\/uploads\/2016\/02\/10-150x150.jpg 150w, https:\/\/so-global.com\/wp-content\/uploads\/2016\/02\/10-300x300.jpg 300w\" sizes=\"(max-width: 444px) 100vw, 444px\" \/>\r\n<\/div>\r\n<\/div>\r\n<div class=\"intro-text-container\">\r\n<p style=\"text-align: justify;\"><b>Notre m\u00e9tier :<\/b> garantir que chaque contingent de casques bleus sera pr\u00e9par\u00e9 et \u00e9quip\u00e9 dans le respect des standards les plus stricts du D\u00e9partement des Op\u00e9rations de Maintien de la Paix de l\u2019ONU\u00a0et ce jusqu\u2019au terme de son d\u00e9ploiement op\u00e9rationnel.<\/p>\r\n<p style=\"text-align: justify;\"><b><br \/>Nos\u00a0services :<\/b> proposer des programmes de pr\u00e9paration op\u00e9rationnelle adapt\u00e9s \u00e0 l\u2019environnement mat\u00e9riel, culturel et op\u00e9rationnel des unit\u00e9s tout en coordonnant nos actions, si n\u00e9cessaire, avec celles des programmes de coop\u00e9ration officiels, qu\u2019il s\u2019agisse de ceux men\u00e9s par la France, les Etats-Unis ou l\u2019Union Europ\u00e9enne.<\/p><div>\r\n<\/div>\r\n<p style=\"text-align: justify;\"><b><br \/>Notre valeur ajout\u00e9e :<\/b> une resource de plusieurs centaines de formateurs sp\u00e9cialis\u00e9s, fran\u00e7ais et britanniques, d\u00e9tenant une exp\u00e9rience unique des actions de coop\u00e9ration de d\u00e9fense et des op\u00e9rations de maintien de la paix. Le d\u00e9roulement et la qualit\u00e9 des formations d\u00e9livr\u00e9es sont contr\u00f4l\u00e9es par notre direction des op\u00e9rations, en conformit\u00e9 avec notre accr\u00e9ditation ISO 9001\u00a0: 2008.<\/p>\r\n                            <\/div>\r\n                        <\/div>\r\n                    <\/div>\r\n<div id=\"part2\">\r\n    <ul class=\"hover-boxes\">\r\n        <li><a href=\"#\">\r\n                <img loading=\"lazy\" src=\"\/wp-content\/uploads\/2016\/02\/stock-photo-anty-tank-mines-and-soldiers-3086123-1.jpg\" width=\"596\" height=\"402\" class=\"alignnone wp-image-3905 size-full\" srcset=\"https:\/\/so-global.com\/wp-content\/uploads\/2016\/02\/stock-photo-anty-tank-mines-and-soldiers-3086123-1.jpg 596w, https:\/\/so-global.com\/wp-content\/uploads\/2016\/02\/stock-photo-anty-tank-mines-and-soldiers-3086123-1-300x202.jpg 300w\" sizes=\"(max-width: 596px) 100vw, 596px\" \/>\r\n                <div class=\"overlay\">\r\n                    <h5>FORMATION MILITAIRE ONU<br \/><br \/><\/h5>\r\n                    <p>R\u00e9aliser la parfaite int\u00e9gration dans la communaut\u00e9 militaire des soldats qui doivent \u00eatre des citoyens inform\u00e9s des probl\u00e8mes de d\u00e9fense, conscients des buts de l&rsquo;institution militaire, de leurs devoirs et, en particulier, de l&rsquo;obligation de servir dans le respect des lois jusque dans les situations les plus difficiles.<\/p>\r\n                    <p>Leur faire acqu\u00e9rir un comportement digne qui se manifeste par la fiert\u00e9 d&rsquo;\u00eatre soldat et par la conscience du r\u00f4le de l&rsquo;institution militaire dont chacun doit conna\u00eetre l&rsquo;organisation, les moyens et les hommes.<\/p>\r\n                <\/div>\r\n            <\/a><\/li>\r\n        <li> <a href=\"#\">\r\n                <img loading=\"lazy\" src=\"\/wp-content\/uploads\/2016\/02\/un-and-peacekeeping-1.jpg\" width=\"596\" height=\"402\" class=\"alignnone wp-image-3906 size-full\" srcset=\"https:\/\/so-global.com\/wp-content\/uploads\/2016\/02\/un-and-peacekeeping-1.jpg 596w, https:\/\/so-global.com\/wp-content\/uploads\/2016\/02\/un-and-peacekeeping-1-300x202.jpg 300w\" sizes=\"(max-width: 596px) 100vw, 596px\" \/>\r\n                <div class=\"overlay\">\r\n                    <h5>ONU ET OPERATIONS DE MAINTIEN DE LA PAIX<\/h5>\r\n                    <p>Conna\u00eetre l\u2019organisation g\u00e9n\u00e9rale de l\u2019ONU ainsi que ses r\u00e8gles et principes de fonctionnement.<\/p>\r\n                    <p>Conna\u00eetre le code du soldat de l\u2019ONU, ma\u00eetriser les r\u00e8gles de comportement, d\u00e9tenir les notions n\u00e9cessaires sur le Droit des Conflits Arm\u00e9s.<\/p>\r\n                <\/div>\r\n            <\/a><\/li>\r\n        <li><a href=\"#\">\r\n                <img loading=\"lazy\" src=\"\/wp-content\/uploads\/2016\/02\/field-tactical-1.jpg\" width=\"596\" height=\"402\" class=\"alignnone wp-image-3907 size-full\" srcset=\"https:\/\/so-global.com\/wp-content\/uploads\/2016\/02\/field-tactical-1.jpg 596w, https:\/\/so-global.com\/wp-content\/uploads\/2016\/02\/field-tactical-1-300x202.jpg 300w\" sizes=\"(max-width: 596px) 100vw, 596px\" \/>\r\n                <div class=\"overlay\">\r\n                    <h5>INSTRUCTION TACTIQUE ONU<br \/><br \/><\/h5>\r\n                    <p>les comp\u00e9tences n\u00e9cessaires au commandement op\u00e9rationnel d\u2019un \u00e9l\u00e9ment tactique \u00e0 l\u2019\u00e9chelon consid\u00e9r\u00e9 et d\u00e9velopper la capacit\u00e9 de r\u00e9action aux al\u00e9as des situations de crise rencontr\u00e9es.<\/p>\r\n                <\/div>\r\n            <\/a><\/li>\r\n<li><a href=\"#\">\r\n                <img loading=\"lazy\" src=\"\/wp-content\/uploads\/2016\/02\/operational-maintenance.jpg\" width=\"323\" height=\"218\" class=\"alignnone wp-image-2821\" srcset=\"https:\/\/so-global.com\/wp-content\/uploads\/2016\/02\/operational-maintenance.jpg 596w, https:\/\/so-global.com\/wp-content\/uploads\/2016\/02\/operational-maintenance-300x202.jpg 300w\" sizes=\"(max-width: 323px) 100vw, 323px\" \/>\r\n                <div class=\"overlay\">\r\n                    <h5>MAINTENANCE OPERATIONNELLE ET LOGISTIQUE ONU<\/h5>\r\n                    <p>Maitriser les comp\u00e9tences n\u00e9cessaires \u00e0 la maintenance des mat\u00e9riels livr\u00e9s aux normes ONU<\/p>\r\n                    <p>Maitriser les proc\u00e9dures et les op\u00e9rations logistiques aux normes ONU<\/p>\r\n                <\/div>\r\n            <\/a><\/li>\r\n<li> <a href=\"#\">\r\n                <img loading=\"lazy\" src=\"\/wp-content\/uploads\/2016\/02\/unForceGeneration.jpg\" width=\"323\" height=\"218\" class=\"alignnone wp-image-3570\" srcset=\"https:\/\/so-global.com\/wp-content\/uploads\/2016\/02\/unForceGeneration.jpg 596w, https:\/\/so-global.com\/wp-content\/uploads\/2016\/02\/unForceGeneration-300x202.jpg 300w\" sizes=\"(max-width: 323px) 100vw, 323px\" \/>\r\n                <div class=\"overlay\">\r\n                    <h5>GENERATION DE FORCE ONU<br \/><br \/><\/h5>\r\n                    <p>Acqu\u00e9rir les principes g\u00e9n\u00e9raux concernant la g\u00e9n\u00e9ration et l&rsquo;organisation d&rsquo;un contingent de casques bleus pour l&rsquo;ONU selon les standards de l&rsquo;organisation.<\/p>\r\n                <\/div>\r\n            <\/a><\/li>\r\n<li> <a href=\"#\">\r\n                <img loading=\"lazy\" src=\"\/wp-content\/uploads\/2015\/09\/Rajs-100809-4099curv8bit.jpg\" width=\"323\" height=\"218\" class=\"alignnone wp-image-2823\" \/>\r\n                <div class=\"overlay\">\r\n                    <h5>GENRES ET DROIS HUMAINS<br \/><br \/><\/h5>\r\n                    <p>Ce cours offre une introduction g\u00e9n\u00e9rale \u00e0 l\u2019\u00e9volution du concept d\u2019\u00e9galit\u00e9 des sexes et des droits de la femme dans le syst\u00e8me international des droits humains. Il offre une compr\u00e9hension de base de la place centrale de l\u2019\u00e9galit\u00e9 des sexes dans la discours sur les droits humains dans le syst\u00e8me de l&rsquo;ONU.<\/p>\r\n                <\/div>\r\n            <\/a><\/li>\r\n<li><a href=\"#\">\r\n                <img loading=\"lazy\" src=\"\/wp-content\/uploads\/2016\/02\/first-aid.jpg\" width=\"596\" height=\"402\" class=\"alignnone wp-image-3908 size-full\" srcset=\"https:\/\/so-global.com\/wp-content\/uploads\/2016\/02\/first-aid.jpg 596w, https:\/\/so-global.com\/wp-content\/uploads\/2016\/02\/first-aid-300x202.jpg 300w\" sizes=\"(max-width: 596px) 100vw, 596px\" \/>    \r\n                <div class=\"overlay\">\r\n                    <h5>SECOURISME<br \/><br \/><\/h5>\r\n                    <p>Donner aux personnels les connaissances de secourisme n\u00e9cessaires \u00e0 la pr\u00e9servation de l\u2019int\u00e9grit\u00e9 physique d\u2019une victime, en l\u2019abritant de la menace et en attendant l\u2019arriv\u00e9e des secours.<\/p>\r\n                <\/div>\r\n            <\/a><\/li>\r\n<li><a href=\"#\">\r\n                <img loading=\"lazy\" src=\"\/wp-content\/uploads\/2016\/02\/topography.jpg\" alt=\"topography\" width=\"323\" height=\"218\" class=\"alignnone size-full wp-image-2817\" srcset=\"https:\/\/so-global.com\/wp-content\/uploads\/2016\/02\/topography.jpg 596w, https:\/\/so-global.com\/wp-content\/uploads\/2016\/02\/topography-300x202.jpg 300w\" sizes=\"(max-width: 323px) 100vw, 323px\" \/>\r\n                <div class=\"overlay\">\r\n                    <h5>TOPOGRAPHIE<br \/><br \/><\/h5>\r\n                    <p>\u00catre capable de s&rsquo;orienter ou de localiser un objectif \u00e0 l&rsquo;aide d&rsquo;instruments topographiques et de documents cartographiques ou photographiques, pour l&rsquo;accomplissement des missions susceptibles d&rsquo;\u00eatre confi\u00e9es.<\/p>\r\n                <\/div>\r\n            <\/a><\/li>\r\n<li><a href=\"#\">\r\n                <img loading=\"lazy\" src=\"\/wp-content\/uploads\/2016\/02\/firearms.jpg\" alt=\"firearms\" width=\"323\" height=\"218\" class=\"alignnone size-full wp-image-2819\" srcset=\"https:\/\/so-global.com\/wp-content\/uploads\/2016\/02\/firearms.jpg 596w, https:\/\/so-global.com\/wp-content\/uploads\/2016\/02\/firearms-300x202.jpg 300w\" sizes=\"(max-width: 323px) 100vw, 323px\" \/>\r\n                <div class=\"overlay\">\r\n                    <h5>INSTRUCTION SUR LE TIR<br \/><br \/><\/h5>\r\n                    <p>Acqu\u00e9rir la ma\u00eetrise de l\u2019utilisation de son arme en ayant les connaissances indispensables \u00e0 la pratique du tir, au service de l\u2019arme et aux r\u00e8gles de s\u00e9curit\u00e9.<\/p>\r\n                <\/div>\r\n            <\/a><\/li>\r\n<li><a href=\"#\">\r\n                <img loading=\"lazy\" src=\"\/wp-content\/uploads\/2016\/02\/cied.jpg\" width=\"596\" height=\"402\" class=\"alignnone wp-image-3909 size-full\" srcset=\"https:\/\/so-global.com\/wp-content\/uploads\/2016\/02\/cied.jpg 596w, https:\/\/so-global.com\/wp-content\/uploads\/2016\/02\/cied-300x202.jpg 300w\" sizes=\"(max-width: 596px) 100vw, 596px\" \/>    \r\n                <div class=\"overlay\">\r\n                    <h5>C \u2013 IED<br \/><br \/><\/h5>\r\n                    <p>Au niveau des chefs tactiques sur le terrain, conna\u00eetre la nature des obstacles \u00e0 base de mines et engins explosifs susceptibles de se trouver sur la zone d\u2019engagement.<\/p>\r\n                <\/div>\r\n            <\/a><\/li>\r\n<li><a href=\"#\">\r\n                <img loading=\"lazy\" src=\"\/wp-content\/uploads\/2016\/01\/Best-Advance-Driving-Courses.jpg\" alt=\"Company Security Officer (CSO)\" width=\"323\" height=\"218\" class=\"alignnone size-full wp-image-2107\" \/>\r\n                <div class=\"overlay\">\r\n                    <h5>Conduite d\u00e9fensive<br \/><br \/><\/h5>\r\n                    <p>Defensive Driver Training (DDT) Enseigner, aux normes RoSPA, les techniques de conduite n\u00e9cessaires pour r\u00e9agir \u00e0 toute situation \u00e0 risques pour le v\u00e9hicule et ses occupants.<\/p>\r\n                <\/div>\r\n            <\/a><\/li>\r\n<li><a href=\"#\">\r\n                <img loading=\"lazy\" src=\"\/wp-content\/uploads\/2016\/02\/english.jpg\" width=\"596\" height=\"402\" class=\"alignnone wp-image-3910 size-full\" srcset=\"https:\/\/so-global.com\/wp-content\/uploads\/2016\/02\/english.jpg 596w, https:\/\/so-global.com\/wp-content\/uploads\/2016\/02\/english-300x202.jpg 300w\" sizes=\"(max-width: 596px) 100vw, 596px\" \/>\r\n                <div class=\"overlay\">\r\n                    <h5>LANGUES<br \/><br \/><\/h5>\r\n                    <p>Acqu\u00e9rir le vocabulaire et les techniques propres d\u2019\u00e9changes \u00e9crits et oraux \u00e0 l\u2019utilisation des langues \u00e9trang\u00e8res dans l\u2019environnement sp\u00e9cifique des op\u00e9rations de maintien de la paix de l\u2019ONU.<\/p>\r\n                <\/div>\r\n            <\/a><\/li>\r\n<\/ul>\r\n<\/div>\r\n\r\n<div id=\"part3\" class=\"infographic-container\">\r\n<img loading=\"lazy\" class=\"alignnone wp-image-2925\" src=\"\/wp-content\/uploads\/2016\/03\/peacekeeping-infographic1-fr-1.jpg\" width=\"585\" height=\"773\" srcset=\"https:\/\/so-global.com\/wp-content\/uploads\/2016\/03\/peacekeeping-infographic1-fr-1.jpg 1138w, https:\/\/so-global.com\/wp-content\/uploads\/2016\/03\/peacekeeping-infographic1-fr-1-227x300.jpg 227w, https:\/\/so-global.com\/wp-content\/uploads\/2016\/03\/peacekeeping-infographic1-fr-1-768x1015.jpg 768w, https:\/\/so-global.com\/wp-content\/uploads\/2016\/03\/peacekeeping-infographic1-fr-1-775x1024.jpg 775w\" sizes=\"(max-width: 585px) 100vw, 585px\" \/>\r\n<img loading=\"lazy\" src=\"\/wp-content\/uploads\/2016\/03\/Peacekeeping-infographics-FR.png\" alt=\"Peacekeeping infographics FR\" width=\"585\" height=\"773\" class=\"alignnone size-full wp-image-2814\" \/>\r\n<\/div>","protected":false},"excerpt":{"rendered":"Pr\u00e9paration d\u2019unit\u00e9s militaires et de police selon les crit\u00e8res de l\u2019ONU Notre m\u00e9tier : garantir que chaque contingent de casques bleus sera pr\u00e9par\u00e9 et \u00e9quip\u00e9 dans le respect des standards les plus stricts du D\u00e9partement des Op\u00e9rations de Maintien de la Paix de l\u2019ONU\u00a0et ce jusqu\u2019au terme de son d\u00e9ploiement op\u00e9rationnel. Nos\u00a0services : proposer des &hellip; <a href=\"https:\/\/so-global.com\/fr\/training\/peacekeeping-training\/\" class=\"more-link\">Continue reading <span class=\"screen-reader-text\">Casques bleus (ONU)<\/span><\/a>","protected":false},"author":1,"featured_media":0,"parent":2776,"menu_order":0,"comment_status":"closed","ping_status":"closed","template":"","meta":[],"yoast_head":"<!-- This site is optimized with the Yoast SEO plugin v16.9 - https:\/\/yoast.com\/wordpress\/plugins\/seo\/ -->\n<title>Casques bleus (ONU) - Maritime Training &amp; Sea Security | Sovereign Global<\/title>\n<meta name=\"robots\" content=\"noindex, follow, max-snippet:-1, max-image-preview:large, max-video-preview:-1\" \/>\n<meta property=\"og:locale\" content=\"fr_FR\" \/>\n<meta property=\"og:type\" content=\"article\" \/>\n<meta property=\"og:title\" content=\"Casques bleus (ONU) - Maritime Training &amp; Sea Security | Sovereign Global\" \/>\n<meta property=\"og:description\" content=\"Pr\u00e9paration d\u2019unit\u00e9s militaires et de police selon les crit\u00e8res de l\u2019ONU Notre m\u00e9tier : garantir que chaque contingent de casques bleus sera pr\u00e9par\u00e9 et \u00e9quip\u00e9 dans le respect des standards les plus stricts du D\u00e9partement des Op\u00e9rations de Maintien de la Paix de l\u2019ONU\u00a0et ce jusqu\u2019au terme de son d\u00e9ploiement op\u00e9rationnel. Nos\u00a0services : proposer des &hellip; Continue reading Casques bleus (ONU)\" \/>\n<meta property=\"og:url\" content=\"https:\/\/so-global.com\/fr\/training\/peacekeeping-training\/\" \/>\n<meta property=\"og:site_name\" content=\"Maritime Training &amp; Sea Security | Sovereign Global\" \/>\n<meta property=\"article:modified_time\" content=\"2017-05-02T06:18:30+00:00\" \/>\n<meta property=\"og:image\" content=\"https:\/\/so-global.com\/wp-content\/uploads\/2016\/02\/1.jpg\" \/>\n<meta name=\"twitter:card\" content=\"summary\" \/>\n<meta name=\"twitter:label1\" content=\"Dur\u00e9e de lecture est.\" \/>\n\t<meta name=\"twitter:data1\" content=\"3 minutes\" \/>\n<script type=\"application\/ld+json\" class=\"yoast-schema-graph\">{\"@context\":\"https:\/\/schema.org\",\"@graph\":[{\"@type\":\"WebSite\",\"@id\":\"https:\/\/so-global.com\/#website\",\"url\":\"https:\/\/so-global.com\/\",\"name\":\"Maritime Training &amp; Sea Security | Sovereign Global\",\"description\":\"Sovereign\",\"potentialAction\":[{\"@type\":\"SearchAction\",\"target\":{\"@type\":\"EntryPoint\",\"urlTemplate\":\"https:\/\/so-global.com\/?s={search_term_string}\"},\"query-input\":\"required name=search_term_string\"}],\"inLanguage\":\"fr-FR\"},{\"@type\":\"ImageObject\",\"@id\":\"https:\/\/so-global.com\/fr\/training\/peacekeeping-training\/#primaryimage\",\"inLanguage\":\"fr-FR\",\"url\":\"\/wp-content\/uploads\/2016\/02\/1.jpg\",\"contentUrl\":\"\/wp-content\/uploads\/2016\/02\/1.jpg\"},{\"@type\":\"WebPage\",\"@id\":\"https:\/\/so-global.com\/fr\/training\/peacekeeping-training\/#webpage\",\"url\":\"https:\/\/so-global.com\/fr\/training\/peacekeeping-training\/\",\"name\":\"Casques bleus (ONU) - Maritime Training &amp; Sea Security | Sovereign Global\",\"isPartOf\":{\"@id\":\"https:\/\/so-global.com\/#website\"},\"primaryImageOfPage\":{\"@id\":\"https:\/\/so-global.com\/fr\/training\/peacekeeping-training\/#primaryimage\"},\"datePublished\":\"2016-03-01T11:01:31+00:00\",\"dateModified\":\"2017-05-02T06:18:30+00:00\",\"breadcrumb\":{\"@id\":\"https:\/\/so-global.com\/fr\/training\/peacekeeping-training\/#breadcrumb\"},\"inLanguage\":\"fr-FR\",\"potentialAction\":[{\"@type\":\"ReadAction\",\"target\":[\"https:\/\/so-global.com\/fr\/training\/peacekeeping-training\/\"]}]},{\"@type\":\"BreadcrumbList\",\"@id\":\"https:\/\/so-global.com\/fr\/training\/peacekeeping-training\/#breadcrumb\",\"itemListElement\":[{\"@type\":\"ListItem\",\"position\":1,\"name\":\"Home\",\"item\":\"https:\/\/so-global.com\/\"},{\"@type\":\"ListItem\",\"position\":2,\"name\":\"Formations\",\"item\":\"https:\/\/so-global.com\/fr\/?page_id=2776\/\"},{\"@type\":\"ListItem\",\"position\":3,\"name\":\"Casques bleus (ONU)\"}]}]}<\/script>\n<!-- \/ Yoast SEO plugin. -->","yoast_head_json":{"title":"Casques bleus (ONU) - Maritime Training &amp; Sea Security | Sovereign Global","robots":{"index":"noindex","follow":"follow","max-snippet":"max-snippet:-1","max-image-preview":"max-image-preview:large","max-video-preview":"max-video-preview:-1"},"og_locale":"fr_FR","og_type":"article","og_title":"Casques bleus (ONU) - Maritime Training &amp; Sea Security | Sovereign Global","og_description":"Pr\u00e9paration d\u2019unit\u00e9s militaires et de police selon les crit\u00e8res de l\u2019ONU Notre m\u00e9tier : garantir que chaque contingent de casques bleus sera pr\u00e9par\u00e9 et \u00e9quip\u00e9 dans le respect des standards les plus stricts du D\u00e9partement des Op\u00e9rations de Maintien de la Paix de l\u2019ONU\u00a0et ce jusqu\u2019au terme de son d\u00e9ploiement op\u00e9rationnel. Nos\u00a0services : proposer des &hellip; Continue reading Casques bleus (ONU)","og_url":"https:\/\/so-global.com\/fr\/training\/peacekeeping-training\/","og_site_name":"Maritime Training &amp; Sea Security | Sovereign Global","article_modified_time":"2017-05-02T06:18:30+00:00","og_image":[{"url":"https:\/\/so-global.com\/wp-content\/uploads\/2016\/02\/1.jpg"}],"twitter_card":"summary","twitter_misc":{"Dur\u00e9e de lecture est.":"3 minutes"},"schema":{"@context":"https:\/\/schema.org","@graph":[{"@type":"WebSite","@id":"https:\/\/so-global.com\/#website","url":"https:\/\/so-global.com\/","name":"Maritime Training &amp; Sea Security | Sovereign Global","description":"Sovereign","potentialAction":[{"@type":"SearchAction","target":{"@type":"EntryPoint","urlTemplate":"https:\/\/so-global.com\/?s={search_term_string}"},"query-input":"required name=search_term_string"}],"inLanguage":"fr-FR"},{"@type":"ImageObject","@id":"https:\/\/so-global.com\/fr\/training\/peacekeeping-training\/#primaryimage","inLanguage":"fr-FR","url":"\/wp-content\/uploads\/2016\/02\/1.jpg","contentUrl":"\/wp-content\/uploads\/2016\/02\/1.jpg"},{"@type":"WebPage","@id":"https:\/\/so-global.com\/fr\/training\/peacekeeping-training\/#webpage","url":"https:\/\/so-global.com\/fr\/training\/peacekeeping-training\/","name":"Casques bleus (ONU) - Maritime Training &amp; Sea Security | Sovereign Global","isPartOf":{"@id":"https:\/\/so-global.com\/#website"},"primaryImageOfPage":{"@id":"https:\/\/so-global.com\/fr\/training\/peacekeeping-training\/#primaryimage"},"datePublished":"2016-03-01T11:01:31+00:00","dateModified":"2017-05-02T06:18:30+00:00","breadcrumb":{"@id":"https:\/\/so-global.com\/fr\/training\/peacekeeping-training\/#breadcrumb"},"inLanguage":"fr-FR","potentialAction":[{"@type":"ReadAction","target":["https:\/\/so-global.com\/fr\/training\/peacekeeping-training\/"]}]},{"@type":"BreadcrumbList","@id":"https:\/\/so-global.com\/fr\/training\/peacekeeping-training\/#breadcrumb","itemListElement":[{"@type":"ListItem","position":1,"name":"Home","item":"https:\/\/so-global.com\/"},{"@type":"ListItem","position":2,"name":"Formations","item":"https:\/\/so-global.com\/fr\/?page_id=2776\/"},{"@type":"ListItem","position":3,"name":"Casques bleus (ONU)"}]}]}},"_links":{"self":[{"href":"https:\/\/so-global.com\/fr\/wp-json\/wp\/v2\/pages\/2795"}],"collection":[{"href":"https:\/\/so-global.com\/fr\/wp-json\/wp\/v2\/pages"}],"about":[{"href":"https:\/\/so-global.com\/fr\/wp-json\/wp\/v2\/types\/page"}],"author":[{"embeddable":true,"href":"https:\/\/so-global.com\/fr\/wp-json\/wp\/v2\/users\/1"}],"replies":[{"embeddable":true,"href":"https:\/\/so-global.com\/fr\/wp-json\/wp\/v2\/comments?post=2795"}],"version-history":[{"count":27,"href":"https:\/\/so-global.com\/fr\/wp-json\/wp\/v2\/pages\/2795\/revisions"}],"predecessor-version":[{"id":4131,"href":"https:\/\/so-global.com\/fr\/wp-json\/wp\/v2\/pages\/2795\/revisions\/4131"}],"up":[{"embeddable":true,"href":"https:\/\/so-global.com\/fr\/wp-json\/wp\/v2\/pages\/2776"}],"wp:attachment":[{"href":"https:\/\/so-global.com\/fr\/wp-json\/wp\/v2\/media?parent=2795"}],"curies":[{"name":"wp","href":"https:\/\/api.w.org\/{rel}","templated":true}]}}