{"id":2792,"date":"2016-03-01T11:59:19","date_gmt":"2016-03-01T10:59:19","guid":{"rendered":"http:\/\/sovereign.wpstaging.alert.com.mt\/fr\/?page_id=2792"},"modified":"2017-05-02T08:11:50","modified_gmt":"2017-05-02T06:11:50","slug":"medical-support","status":"publish","type":"page","link":"https:\/\/so-global.com\/fr\/peacebuilding\/medical-support\/","title":{"rendered":"M\u00e9dical"},"content":{"rendered":"<div id=\"part1\" class=\"table-like-intro\">\r\n                        <div class=\"top-panel\">\r\n                            <h2>D\u00c9PLOIEMENT CL\u00c9 EN MAIN DE CAPACIT\u00c9S M\u00c9DICALES<\/h2>    \r\n<\/div>\r\n                        <div class=\"intro-content\">\r\n    <div class=\"pull-left\">\r\n                            <div class=\"intro-image-container\">\r\n<img loading=\"lazy\" src=\"\/wp-content\/uploads\/2015\/09\/peacebuilding-medical1-1.jpg\" alt=\"peacebuilding-medical1\" width=\"442\" height=\"316\" class=\"alignnone size-full wp-image-2836\" \/>\r\n<img loading=\"lazy\" src=\"\/wp-content\/uploads\/2015\/09\/peacebuilding-medical2.jpg\" alt=\"peacebuilding-medical2\" width=\"442\" height=\"316\" class=\"alignnone size-full wp-image-2838\" \/>\r\n<img loading=\"lazy\" src=\"\/wp-content\/uploads\/2015\/09\/peacebuilding-medical3.jpg\" alt=\"peacebuilding-medical3\" width=\"442\" height=\"316\" class=\"alignnone size-full wp-image-2839\" \/>\r\n<img loading=\"lazy\" src=\"\/wp-content\/uploads\/2015\/09\/peacebuilding-medical4.jpg\" alt=\"peacebuilding-medical4\" width=\"442\" height=\"316\" class=\"alignnone size-full wp-image-2840\" \/>\r\n<img loading=\"lazy\" src=\"\/wp-content\/uploads\/2015\/09\/peacebuilding-medical5.jpg\" alt=\"peacebuilding-medical5\" width=\"442\" height=\"316\" class=\"alignnone size-full wp-image-2841\" \/>\r\n<img loading=\"lazy\" src=\"\/wp-content\/uploads\/2015\/09\/peacebuilding-medical6.jpg\" alt=\"peacebuilding-medical6\" width=\"442\" height=\"316\" class=\"alignnone size-full wp-image-2842\" \/>\r\n<img loading=\"lazy\" src=\"\/wp-content\/uploads\/2015\/09\/peacebuilding-medical7.jpg\" alt=\"peacebuilding-medical7\" width=\"442\" height=\"316\" class=\"alignnone size-full wp-image-2843\" \/>\r\n<\/div>\r\n<\/div>\r\n<div class=\"intro-text-container\">\r\n                                <p style=\"text-align: justify;\"><b>Notre m\u00e9tier :<\/b> Fournir des structures m\u00e9dico-chirurgicales et des services d\u2019\u00e9vacuation a\u00e9rienne de premier ordre aux Etats et aux organisations internationales.<\/p>\r\n                                <p style=\"text-align: justify;\"><b><br \/>Nos services :<\/b><\/p>\r\n                                <ul style=\"text-align: justify;\">\r\n                                    <li>Formation et \u00e9quipement d&rsquo;unit\u00e9s m\u00e9dicales de niveau 1 pour les pays contributeurs aux op\u00e9rations de maintien de la paix de l&rsquo;ONU<\/li>\r\n                                    <li>Recrutement, \u00e9quipement, d\u00e9ploiement et gestion d&rsquo;\u00e9quipes d&rsquo;\u00e9vacuation a\u00e9ro-m\u00e9dicales en environnements d\u00e9grad\u00e9s<\/li>\r\n                                    <li>D\u00e9veloppement, d\u00e9ploiement et mise en oeuvre de structures m\u00e9dico-chirurgicales mobiles de niveau 2\u00a0 pour les pays contributeurs aux op\u00e9rations de maintien de la paix de l&rsquo;ONU (projet)<\/li><li><\/li><li><\/li>\r\n                                <\/ul><br \/><p style=\"text-align: justify;\"><b><br \/>Notre valeur ajout\u00e9e :<\/b>\u00a0En tant qu&rsquo;int\u00e9grateur de programmes nous travaillons en partenariat avec deux acteurs de r\u00e9f\u00e9rence:<\/p>\r\n                                <ul>\r\n                                    <li style=\"text-align: justify;\">Le Service de Sant\u00e9 des Arm\u00e9es fran\u00e7ais, reconnu \u00e0 l&rsquo;international pour son expertise op\u00e9rationnelle et technique<\/li>\r\n                                    <li style=\"text-align: justify;\"><i>SOS M\u00e9d\u00e9cin S\u00e9n\u00e9gal<\/i>, <span>une structure m\u00e9dicale d\u2019urgences et de r\u00e9animation, de transport et d\u2019\u00e9vacuation sanitaire d&rsquo;excellence\u00a0en Afrique de l&rsquo;Ouest<\/span><\/li>\r\n                                <\/ul>\r\n                            <\/div>\r\n                        <\/div>\r\n                    <\/div>\r\n                    <div id=\"part2\" class=\"infographic-container\">\r\n<img loading=\"lazy\" src=\"\/wp-content\/uploads\/2016\/03\/Infographics-Medical-1-final.png\" alt=\"medical-infographic1\" width=\"585\" height=\"733\" class=\"alignnone size-full wp-image-2688\" \/><img loading=\"lazy\" src=\"\/wp-content\/uploads\/2016\/03\/Infographics-Medical-2-final.png\" alt=\"medical-infographic2\" width=\"585\" height=\"733\" class=\"alignnone size-full wp-image-2689\" \/>\r\n<\/div>","protected":false},"excerpt":{"rendered":"D\u00c9PLOIEMENT CL\u00c9 EN MAIN DE CAPACIT\u00c9S M\u00c9DICALES Notre m\u00e9tier : Fournir des structures m\u00e9dico-chirurgicales et des services d\u2019\u00e9vacuation a\u00e9rienne de premier ordre aux Etats et aux organisations internationales. Nos services : Formation et \u00e9quipement d&rsquo;unit\u00e9s m\u00e9dicales de niveau 1 pour les pays contributeurs aux op\u00e9rations de maintien de la paix de l&rsquo;ONU Recrutement, \u00e9quipement, d\u00e9ploiement &hellip; <a href=\"https:\/\/so-global.com\/fr\/peacebuilding\/medical-support\/\" class=\"more-link\">Continue reading <span class=\"screen-reader-text\">M\u00e9dical<\/span><\/a>","protected":false},"author":1,"featured_media":0,"parent":2773,"menu_order":0,"comment_status":"closed","ping_status":"closed","template":"","meta":[],"yoast_head":"<!-- This site is optimized with the Yoast SEO plugin v16.9 - https:\/\/yoast.com\/wordpress\/plugins\/seo\/ -->\n<title>M\u00e9dical - Maritime Training &amp; Sea Security | Sovereign Global<\/title>\n<meta name=\"robots\" content=\"noindex, follow, max-snippet:-1, max-image-preview:large, max-video-preview:-1\" \/>\n<meta property=\"og:locale\" content=\"fr_FR\" \/>\n<meta property=\"og:type\" content=\"article\" \/>\n<meta property=\"og:title\" content=\"M\u00e9dical - Maritime Training &amp; Sea Security | Sovereign Global\" \/>\n<meta property=\"og:description\" content=\"D\u00c9PLOIEMENT CL\u00c9 EN MAIN DE CAPACIT\u00c9S M\u00c9DICALES Notre m\u00e9tier : Fournir des structures m\u00e9dico-chirurgicales et des services d\u2019\u00e9vacuation a\u00e9rienne de premier ordre aux Etats et aux organisations internationales. Nos services : Formation et \u00e9quipement d&rsquo;unit\u00e9s m\u00e9dicales de niveau 1 pour les pays contributeurs aux op\u00e9rations de maintien de la paix de l&rsquo;ONU Recrutement, \u00e9quipement, d\u00e9ploiement &hellip; Continue reading M\u00e9dical\" \/>\n<meta property=\"og:url\" content=\"https:\/\/so-global.com\/fr\/peacebuilding\/medical-support\/\" \/>\n<meta property=\"og:site_name\" content=\"Maritime Training &amp; Sea Security | Sovereign Global\" \/>\n<meta property=\"article:modified_time\" content=\"2017-05-02T06:11:50+00:00\" \/>\n<meta property=\"og:image\" content=\"https:\/\/so-global.com\/wp-content\/uploads\/2015\/09\/peacebuilding-medical1-1.jpg\" \/>\n<meta name=\"twitter:card\" content=\"summary\" \/>\n<meta name=\"twitter:label1\" content=\"Dur\u00e9e de lecture est.\" \/>\n\t<meta name=\"twitter:data1\" content=\"1 minute\" \/>\n<script type=\"application\/ld+json\" class=\"yoast-schema-graph\">{\"@context\":\"https:\/\/schema.org\",\"@graph\":[{\"@type\":\"WebSite\",\"@id\":\"https:\/\/so-global.com\/#website\",\"url\":\"https:\/\/so-global.com\/\",\"name\":\"Maritime Training &amp; Sea Security | Sovereign Global\",\"description\":\"Sovereign\",\"potentialAction\":[{\"@type\":\"SearchAction\",\"target\":{\"@type\":\"EntryPoint\",\"urlTemplate\":\"https:\/\/so-global.com\/?s={search_term_string}\"},\"query-input\":\"required name=search_term_string\"}],\"inLanguage\":\"fr-FR\"},{\"@type\":\"ImageObject\",\"@id\":\"https:\/\/so-global.com\/fr\/peacebuilding\/medical-support\/#primaryimage\",\"inLanguage\":\"fr-FR\",\"url\":\"\/wp-content\/uploads\/2015\/09\/peacebuilding-medical1-1.jpg\",\"contentUrl\":\"\/wp-content\/uploads\/2015\/09\/peacebuilding-medical1-1.jpg\"},{\"@type\":\"WebPage\",\"@id\":\"https:\/\/so-global.com\/fr\/peacebuilding\/medical-support\/#webpage\",\"url\":\"https:\/\/so-global.com\/fr\/peacebuilding\/medical-support\/\",\"name\":\"M\\u00e9dical - Maritime Training &amp; Sea Security | Sovereign Global\",\"isPartOf\":{\"@id\":\"https:\/\/so-global.com\/#website\"},\"primaryImageOfPage\":{\"@id\":\"https:\/\/so-global.com\/fr\/peacebuilding\/medical-support\/#primaryimage\"},\"datePublished\":\"2016-03-01T10:59:19+00:00\",\"dateModified\":\"2017-05-02T06:11:50+00:00\",\"breadcrumb\":{\"@id\":\"https:\/\/so-global.com\/fr\/peacebuilding\/medical-support\/#breadcrumb\"},\"inLanguage\":\"fr-FR\",\"potentialAction\":[{\"@type\":\"ReadAction\",\"target\":[\"https:\/\/so-global.com\/fr\/peacebuilding\/medical-support\/\"]}]},{\"@type\":\"BreadcrumbList\",\"@id\":\"https:\/\/so-global.com\/fr\/peacebuilding\/medical-support\/#breadcrumb\",\"itemListElement\":[{\"@type\":\"ListItem\",\"position\":1,\"name\":\"Home\",\"item\":\"https:\/\/so-global.com\/\"},{\"@type\":\"ListItem\",\"position\":2,\"name\":\"Maintien de la paix\",\"item\":\"https:\/\/so-global.com\/fr\/peacebuilding\/\"},{\"@type\":\"ListItem\",\"position\":3,\"name\":\"M\\u00e9dical\"}]}]}<\/script>\n<!-- \/ Yoast SEO plugin. -->","yoast_head_json":{"title":"M\u00e9dical - Maritime Training &amp; Sea Security | Sovereign Global","robots":{"index":"noindex","follow":"follow","max-snippet":"max-snippet:-1","max-image-preview":"max-image-preview:large","max-video-preview":"max-video-preview:-1"},"og_locale":"fr_FR","og_type":"article","og_title":"M\u00e9dical - Maritime Training &amp; Sea Security | Sovereign Global","og_description":"D\u00c9PLOIEMENT CL\u00c9 EN MAIN DE CAPACIT\u00c9S M\u00c9DICALES Notre m\u00e9tier : Fournir des structures m\u00e9dico-chirurgicales et des services d\u2019\u00e9vacuation a\u00e9rienne de premier ordre aux Etats et aux organisations internationales. Nos services : Formation et \u00e9quipement d&rsquo;unit\u00e9s m\u00e9dicales de niveau 1 pour les pays contributeurs aux op\u00e9rations de maintien de la paix de l&rsquo;ONU Recrutement, \u00e9quipement, d\u00e9ploiement &hellip; Continue reading M\u00e9dical","og_url":"https:\/\/so-global.com\/fr\/peacebuilding\/medical-support\/","og_site_name":"Maritime Training &amp; Sea Security | Sovereign Global","article_modified_time":"2017-05-02T06:11:50+00:00","og_image":[{"url":"https:\/\/so-global.com\/wp-content\/uploads\/2015\/09\/peacebuilding-medical1-1.jpg"}],"twitter_card":"summary","twitter_misc":{"Dur\u00e9e de lecture est.":"1 minute"},"schema":{"@context":"https:\/\/schema.org","@graph":[{"@type":"WebSite","@id":"https:\/\/so-global.com\/#website","url":"https:\/\/so-global.com\/","name":"Maritime Training &amp; Sea Security | Sovereign Global","description":"Sovereign","potentialAction":[{"@type":"SearchAction","target":{"@type":"EntryPoint","urlTemplate":"https:\/\/so-global.com\/?s={search_term_string}"},"query-input":"required name=search_term_string"}],"inLanguage":"fr-FR"},{"@type":"ImageObject","@id":"https:\/\/so-global.com\/fr\/peacebuilding\/medical-support\/#primaryimage","inLanguage":"fr-FR","url":"\/wp-content\/uploads\/2015\/09\/peacebuilding-medical1-1.jpg","contentUrl":"\/wp-content\/uploads\/2015\/09\/peacebuilding-medical1-1.jpg"},{"@type":"WebPage","@id":"https:\/\/so-global.com\/fr\/peacebuilding\/medical-support\/#webpage","url":"https:\/\/so-global.com\/fr\/peacebuilding\/medical-support\/","name":"M\u00e9dical - Maritime Training &amp; Sea Security | Sovereign Global","isPartOf":{"@id":"https:\/\/so-global.com\/#website"},"primaryImageOfPage":{"@id":"https:\/\/so-global.com\/fr\/peacebuilding\/medical-support\/#primaryimage"},"datePublished":"2016-03-01T10:59:19+00:00","dateModified":"2017-05-02T06:11:50+00:00","breadcrumb":{"@id":"https:\/\/so-global.com\/fr\/peacebuilding\/medical-support\/#breadcrumb"},"inLanguage":"fr-FR","potentialAction":[{"@type":"ReadAction","target":["https:\/\/so-global.com\/fr\/peacebuilding\/medical-support\/"]}]},{"@type":"BreadcrumbList","@id":"https:\/\/so-global.com\/fr\/peacebuilding\/medical-support\/#breadcrumb","itemListElement":[{"@type":"ListItem","position":1,"name":"Home","item":"https:\/\/so-global.com\/"},{"@type":"ListItem","position":2,"name":"Maintien de la paix","item":"https:\/\/so-global.com\/fr\/peacebuilding\/"},{"@type":"ListItem","position":3,"name":"M\u00e9dical"}]}]}},"_links":{"self":[{"href":"https:\/\/so-global.com\/fr\/wp-json\/wp\/v2\/pages\/2792"}],"collection":[{"href":"https:\/\/so-global.com\/fr\/wp-json\/wp\/v2\/pages"}],"about":[{"href":"https:\/\/so-global.com\/fr\/wp-json\/wp\/v2\/types\/page"}],"author":[{"embeddable":true,"href":"https:\/\/so-global.com\/fr\/wp-json\/wp\/v2\/users\/1"}],"replies":[{"embeddable":true,"href":"https:\/\/so-global.com\/fr\/wp-json\/wp\/v2\/comments?post=2792"}],"version-history":[{"count":25,"href":"https:\/\/so-global.com\/fr\/wp-json\/wp\/v2\/pages\/2792\/revisions"}],"predecessor-version":[{"id":4129,"href":"https:\/\/so-global.com\/fr\/wp-json\/wp\/v2\/pages\/2792\/revisions\/4129"}],"up":[{"embeddable":true,"href":"https:\/\/so-global.com\/fr\/wp-json\/wp\/v2\/pages\/2773"}],"wp:attachment":[{"href":"https:\/\/so-global.com\/fr\/wp-json\/wp\/v2\/media?parent=2792"}],"curies":[{"name":"wp","href":"https:\/\/api.w.org\/{rel}","templated":true}]}}