{"id":2788,"date":"2016-03-01T11:57:34","date_gmt":"2016-03-01T10:57:34","guid":{"rendered":"http:\/\/sovereign.wpstaging.alert.com.mt\/fr\/?page_id=2788"},"modified":"2017-04-28T16:49:50","modified_gmt":"2017-04-28T14:49:50","slug":"c-iedoed","status":"publish","type":"page","link":"https:\/\/so-global.com\/fr\/peacebuilding\/c-iedoed\/","title":{"rendered":"LUTTE EEI\/NEDEX"},"content":{"rendered":"<div id=\"part1\" class=\"table-like-intro\">\r\n                        <div class=\"top-panel\"><h2>G\u00e9n\u00e9ration de capacit\u00e9s\u00a0pour la lutte contre les EEI et la neutralisation d&rsquo;engins explosifs (C-IED\/EOD)\r\n                            <\/h2>\r\n<\/div>\r\n                        <div class=\"intro-content\">\r\n    <div class=\"pull-left\">\r\n                            <div class=\"intro-image-container\">\r\n<img loading=\"lazy\" src=\"\/wp-content\/uploads\/2016\/01\/cied1.jpg\" alt=\"C-IED \/ EOD TRAINING\" width=\"442\" height=\"316\" class=\"alignnone size-full wp-image-2326\" \/>\r\n<img loading=\"lazy\" src=\"\/wp-content\/uploads\/2016\/01\/cied2.jpg\" alt=\"C-IED \/ EOD TRAINING\" width=\"442\" height=\"316\" class=\"alignnone size-full wp-image-2327\" \/>\r\n<img loading=\"lazy\" src=\"\/wp-content\/uploads\/2016\/01\/cied3.jpg\" alt=\"C-IED \/ EOD TRAINING\" width=\"442\" height=\"316\" class=\"alignnone size-full wp-image-2328\" \/>\r\n<img loading=\"lazy\" src=\"\/wp-content\/uploads\/2016\/01\/cied4.jpg\" alt=\"C-IED \/ EOD TRAINING\" width=\"442\" height=\"316\" class=\"alignnone size-full wp-image-2329\" \/>\r\n<img loading=\"lazy\" src=\"\/wp-content\/uploads\/2016\/01\/cied5.jpg\" alt=\"C-IED \/ EOD TRAINING\" width=\"442\" height=\"316\" class=\"alignnone size-full wp-image-2330\" \/>\r\n<\/div>\r\n<\/div>\r\n<div class=\"intro-text-container\">\r\n                                <p style=\"text-align: justify;\"><b><br \/>Notre m\u00e9tier :<\/b> <span>Assister les \u00c9tats et les organisations internationales pour la formation, la mise en service op\u00e9rationnel et le soutien dans la dur\u00e9e de capacit\u00e9s NEDEX (Neutralisation et destruction d&rsquo;engins explosifs \/ EOD) et de lutte contre les Engins Explosifs Improvis\u00e9s (lutte EEI\/C-IED).\u00a0<\/span><\/p>\r\n                                <p style=\"text-align: justify;\"><b>Nos services :<\/b><\/p>\r\n                                <ul style=\"text-align: justify;\"><ul style=\"text-align: justify;\">\r\n                                    <li><span>Mettre en \u0153uvre des programmes majeurs de formation<\/span><\/li>\r\n                                    <li><span>Former, \u00e9quiper et d\u00e9ployer des praticiens, experts EOD et C-IED (projet)<\/span><\/li>\r\n                                    <li><span>Assurer des actions p\u00e9dagogiques de sensibilisation et de r\u00e9action \u00e0 la menace<\/span><\/li>\r\n                                <\/ul><\/ul><br \/>\r\n                                <p style=\"text-align: justify;\"><b><br \/>Notre valeur ajout\u00e9e\u00a0:<\/b><\/p>\r\n                                <ul>\r\n                                    <li style=\"text-align: justify;\"><span>Un pool de sp\u00e9cialistes EOD \/ C-IED d\u00e9tenant une solide exp\u00e9rience op\u00e9rationnelle et technique (au minimum 15 ans de pratique r\u00e9guli\u00e8rement entretenue)<\/span><\/li>\r\n                                    <li style=\"text-align: justify;\"><span>Des actions de formation r\u00e9pondant aux besoins sp\u00e9cifiques des \u00c9tats et des organisations internationales<\/span><\/li>\r\n                                    <li style=\"text-align: justify;\"><span>Une capacit\u00e9 de d\u00e9ploiement rapide au sein des missions de l\u2019ONU<\/span><\/li>\r\n                                <\/ul>\r\n                            <\/div>\r\n                        <\/div>\r\n                    <\/div>\r\n                    <div id=\"part2\" class=\"infographic-container\">\r\n<img loading=\"lazy\" src=\"\/wp-content\/uploads\/2016\/03\/cied-infographic1-fr.jpg\" width=\"585\" height=\"733\" class=\"alignnone wp-image-2981\" srcset=\"https:\/\/so-global.com\/wp-content\/uploads\/2016\/03\/cied-infographic1-fr.jpg 1142w, https:\/\/so-global.com\/wp-content\/uploads\/2016\/03\/cied-infographic1-fr-240x300.jpg 240w, https:\/\/so-global.com\/wp-content\/uploads\/2016\/03\/cied-infographic1-fr-768x962.jpg 768w, https:\/\/so-global.com\/wp-content\/uploads\/2016\/03\/cied-infographic1-fr-818x1024.jpg 818w\" sizes=\"(max-width: 585px) 100vw, 585px\" \/>\r\n<img loading=\"lazy\" src=\"\/wp-content\/uploads\/2016\/03\/cied-infographic2-fr.jpg\" width=\"585\" height=\"733\" class=\"alignnone wp-image-2979\" srcset=\"https:\/\/so-global.com\/wp-content\/uploads\/2016\/03\/cied-infographic2-fr.jpg 1142w, https:\/\/so-global.com\/wp-content\/uploads\/2016\/03\/cied-infographic2-fr-240x300.jpg 240w, https:\/\/so-global.com\/wp-content\/uploads\/2016\/03\/cied-infographic2-fr-768x962.jpg 768w, https:\/\/so-global.com\/wp-content\/uploads\/2016\/03\/cied-infographic2-fr-818x1024.jpg 818w\" sizes=\"(max-width: 585px) 100vw, 585px\" \/>\r\n                    <\/div>","protected":false},"excerpt":{"rendered":"G\u00e9n\u00e9ration de capacit\u00e9s\u00a0pour la lutte contre les EEI et la neutralisation d&rsquo;engins explosifs (C-IED\/EOD) Notre m\u00e9tier : Assister les \u00c9tats et les organisations internationales pour la formation, la mise en service op\u00e9rationnel et le soutien dans la dur\u00e9e de capacit\u00e9s NEDEX (Neutralisation et destruction d&rsquo;engins explosifs \/ EOD) et de lutte contre les Engins Explosifs &hellip; <a href=\"https:\/\/so-global.com\/fr\/peacebuilding\/c-iedoed\/\" class=\"more-link\">Continue reading <span class=\"screen-reader-text\">LUTTE EEI\/NEDEX<\/span><\/a>","protected":false},"author":1,"featured_media":0,"parent":2773,"menu_order":0,"comment_status":"closed","ping_status":"closed","template":"","meta":[],"yoast_head":"<!-- This site is optimized with the Yoast SEO plugin v16.9 - https:\/\/yoast.com\/wordpress\/plugins\/seo\/ -->\n<title>LUTTE EEI\/NEDEX - Maritime Training &amp; Sea Security | Sovereign Global<\/title>\n<meta name=\"robots\" content=\"noindex, follow, max-snippet:-1, max-image-preview:large, max-video-preview:-1\" \/>\n<meta property=\"og:locale\" content=\"fr_FR\" \/>\n<meta property=\"og:type\" content=\"article\" \/>\n<meta property=\"og:title\" content=\"LUTTE EEI\/NEDEX - Maritime Training &amp; Sea Security | Sovereign Global\" \/>\n<meta property=\"og:description\" content=\"G\u00e9n\u00e9ration de capacit\u00e9s\u00a0pour la lutte contre les EEI et la neutralisation d&rsquo;engins explosifs (C-IED\/EOD) Notre m\u00e9tier : Assister les \u00c9tats et les organisations internationales pour la formation, la mise en service op\u00e9rationnel et le soutien dans la dur\u00e9e de capacit\u00e9s NEDEX (Neutralisation et destruction d&rsquo;engins explosifs \/ EOD) et de lutte contre les Engins Explosifs &hellip; Continue reading LUTTE EEI\/NEDEX\" \/>\n<meta property=\"og:url\" content=\"https:\/\/so-global.com\/fr\/peacebuilding\/c-iedoed\/\" \/>\n<meta property=\"og:site_name\" content=\"Maritime Training &amp; Sea Security | Sovereign Global\" \/>\n<meta property=\"article:modified_time\" content=\"2017-04-28T14:49:50+00:00\" \/>\n<meta property=\"og:image\" content=\"https:\/\/so-global.com\/wp-content\/uploads\/2016\/01\/cied1.jpg\" \/>\n<meta name=\"twitter:card\" content=\"summary\" \/>\n<meta name=\"twitter:label1\" content=\"Dur\u00e9e de lecture est.\" \/>\n\t<meta name=\"twitter:data1\" content=\"1 minute\" \/>\n<script type=\"application\/ld+json\" class=\"yoast-schema-graph\">{\"@context\":\"https:\/\/schema.org\",\"@graph\":[{\"@type\":\"WebSite\",\"@id\":\"https:\/\/so-global.com\/#website\",\"url\":\"https:\/\/so-global.com\/\",\"name\":\"Maritime Training &amp; Sea Security | Sovereign Global\",\"description\":\"Sovereign\",\"potentialAction\":[{\"@type\":\"SearchAction\",\"target\":{\"@type\":\"EntryPoint\",\"urlTemplate\":\"https:\/\/so-global.com\/?s={search_term_string}\"},\"query-input\":\"required name=search_term_string\"}],\"inLanguage\":\"fr-FR\"},{\"@type\":\"ImageObject\",\"@id\":\"https:\/\/so-global.com\/fr\/peacebuilding\/c-iedoed\/#primaryimage\",\"inLanguage\":\"fr-FR\",\"url\":\"\/wp-content\/uploads\/2016\/01\/cied1.jpg\",\"contentUrl\":\"\/wp-content\/uploads\/2016\/01\/cied1.jpg\"},{\"@type\":\"WebPage\",\"@id\":\"https:\/\/so-global.com\/fr\/peacebuilding\/c-iedoed\/#webpage\",\"url\":\"https:\/\/so-global.com\/fr\/peacebuilding\/c-iedoed\/\",\"name\":\"LUTTE EEI\/NEDEX - Maritime Training &amp; Sea Security | Sovereign Global\",\"isPartOf\":{\"@id\":\"https:\/\/so-global.com\/#website\"},\"primaryImageOfPage\":{\"@id\":\"https:\/\/so-global.com\/fr\/peacebuilding\/c-iedoed\/#primaryimage\"},\"datePublished\":\"2016-03-01T10:57:34+00:00\",\"dateModified\":\"2017-04-28T14:49:50+00:00\",\"breadcrumb\":{\"@id\":\"https:\/\/so-global.com\/fr\/peacebuilding\/c-iedoed\/#breadcrumb\"},\"inLanguage\":\"fr-FR\",\"potentialAction\":[{\"@type\":\"ReadAction\",\"target\":[\"https:\/\/so-global.com\/fr\/peacebuilding\/c-iedoed\/\"]}]},{\"@type\":\"BreadcrumbList\",\"@id\":\"https:\/\/so-global.com\/fr\/peacebuilding\/c-iedoed\/#breadcrumb\",\"itemListElement\":[{\"@type\":\"ListItem\",\"position\":1,\"name\":\"Home\",\"item\":\"https:\/\/so-global.com\/\"},{\"@type\":\"ListItem\",\"position\":2,\"name\":\"Maintien de la paix\",\"item\":\"https:\/\/so-global.com\/fr\/peacebuilding\/\"},{\"@type\":\"ListItem\",\"position\":3,\"name\":\"LUTTE EEI\/NEDEX\"}]}]}<\/script>\n<!-- \/ Yoast SEO plugin. -->","yoast_head_json":{"title":"LUTTE EEI\/NEDEX - Maritime Training &amp; Sea Security | Sovereign Global","robots":{"index":"noindex","follow":"follow","max-snippet":"max-snippet:-1","max-image-preview":"max-image-preview:large","max-video-preview":"max-video-preview:-1"},"og_locale":"fr_FR","og_type":"article","og_title":"LUTTE EEI\/NEDEX - Maritime Training &amp; Sea Security | Sovereign Global","og_description":"G\u00e9n\u00e9ration de capacit\u00e9s\u00a0pour la lutte contre les EEI et la neutralisation d&rsquo;engins explosifs (C-IED\/EOD) Notre m\u00e9tier : Assister les \u00c9tats et les organisations internationales pour la formation, la mise en service op\u00e9rationnel et le soutien dans la dur\u00e9e de capacit\u00e9s NEDEX (Neutralisation et destruction d&rsquo;engins explosifs \/ EOD) et de lutte contre les Engins Explosifs &hellip; Continue reading LUTTE EEI\/NEDEX","og_url":"https:\/\/so-global.com\/fr\/peacebuilding\/c-iedoed\/","og_site_name":"Maritime Training &amp; Sea Security | Sovereign Global","article_modified_time":"2017-04-28T14:49:50+00:00","og_image":[{"url":"https:\/\/so-global.com\/wp-content\/uploads\/2016\/01\/cied1.jpg"}],"twitter_card":"summary","twitter_misc":{"Dur\u00e9e de lecture est.":"1 minute"},"schema":{"@context":"https:\/\/schema.org","@graph":[{"@type":"WebSite","@id":"https:\/\/so-global.com\/#website","url":"https:\/\/so-global.com\/","name":"Maritime Training &amp; Sea Security | Sovereign Global","description":"Sovereign","potentialAction":[{"@type":"SearchAction","target":{"@type":"EntryPoint","urlTemplate":"https:\/\/so-global.com\/?s={search_term_string}"},"query-input":"required name=search_term_string"}],"inLanguage":"fr-FR"},{"@type":"ImageObject","@id":"https:\/\/so-global.com\/fr\/peacebuilding\/c-iedoed\/#primaryimage","inLanguage":"fr-FR","url":"\/wp-content\/uploads\/2016\/01\/cied1.jpg","contentUrl":"\/wp-content\/uploads\/2016\/01\/cied1.jpg"},{"@type":"WebPage","@id":"https:\/\/so-global.com\/fr\/peacebuilding\/c-iedoed\/#webpage","url":"https:\/\/so-global.com\/fr\/peacebuilding\/c-iedoed\/","name":"LUTTE EEI\/NEDEX - Maritime Training &amp; Sea Security | Sovereign Global","isPartOf":{"@id":"https:\/\/so-global.com\/#website"},"primaryImageOfPage":{"@id":"https:\/\/so-global.com\/fr\/peacebuilding\/c-iedoed\/#primaryimage"},"datePublished":"2016-03-01T10:57:34+00:00","dateModified":"2017-04-28T14:49:50+00:00","breadcrumb":{"@id":"https:\/\/so-global.com\/fr\/peacebuilding\/c-iedoed\/#breadcrumb"},"inLanguage":"fr-FR","potentialAction":[{"@type":"ReadAction","target":["https:\/\/so-global.com\/fr\/peacebuilding\/c-iedoed\/"]}]},{"@type":"BreadcrumbList","@id":"https:\/\/so-global.com\/fr\/peacebuilding\/c-iedoed\/#breadcrumb","itemListElement":[{"@type":"ListItem","position":1,"name":"Home","item":"https:\/\/so-global.com\/"},{"@type":"ListItem","position":2,"name":"Maintien de la paix","item":"https:\/\/so-global.com\/fr\/peacebuilding\/"},{"@type":"ListItem","position":3,"name":"LUTTE EEI\/NEDEX"}]}]}},"_links":{"self":[{"href":"https:\/\/so-global.com\/fr\/wp-json\/wp\/v2\/pages\/2788"}],"collection":[{"href":"https:\/\/so-global.com\/fr\/wp-json\/wp\/v2\/pages"}],"about":[{"href":"https:\/\/so-global.com\/fr\/wp-json\/wp\/v2\/types\/page"}],"author":[{"embeddable":true,"href":"https:\/\/so-global.com\/fr\/wp-json\/wp\/v2\/users\/1"}],"replies":[{"embeddable":true,"href":"https:\/\/so-global.com\/fr\/wp-json\/wp\/v2\/comments?post=2788"}],"version-history":[{"count":18,"href":"https:\/\/so-global.com\/fr\/wp-json\/wp\/v2\/pages\/2788\/revisions"}],"predecessor-version":[{"id":4126,"href":"https:\/\/so-global.com\/fr\/wp-json\/wp\/v2\/pages\/2788\/revisions\/4126"}],"up":[{"embeddable":true,"href":"https:\/\/so-global.com\/fr\/wp-json\/wp\/v2\/pages\/2773"}],"wp:attachment":[{"href":"https:\/\/so-global.com\/fr\/wp-json\/wp\/v2\/media?parent=2788"}],"curies":[{"name":"wp","href":"https:\/\/api.w.org\/{rel}","templated":true}]}}