{"id":2785,"date":"2016-03-01T11:56:39","date_gmt":"2016-03-01T10:56:39","guid":{"rendered":"http:\/\/sovereign.wpstaging.alert.com.mt\/fr\/?page_id=2785"},"modified":"2017-04-28T16:45:20","modified_gmt":"2017-04-28T14:45:20","slug":"peacekeeping","status":"publish","type":"page","link":"https:\/\/so-global.com\/fr\/peacebuilding\/peacekeeping\/","title":{"rendered":"G\u00e9n\u00e9ration de forces ONU"},"content":{"rendered":"<br \/>\r\n\r\n<div id=\"part1\" class=\"table-like-intro\">\r\n                        <div class=\"top-panel\">\r\n                            <h2>Assistance, Conseil, Formation, \u00e9quipement, d\u00e9ploiement de casques bleus<\/h2>    <\/div>\r\n\r\n<div class=\"intro-content\">\r\n<div class=\"pull-left\">\r\n<div class=\"intro-image-container\">\r\n<img loading=\"lazy\" src=\"\/wp-content\/uploads\/2015\/09\/peacekeeping11.jpg\" alt=\"peacekeeping1\" width=\"422\" height=\"422\" class=\"alignnone size-full wp-image-2033\" srcset=\"https:\/\/so-global.com\/wp-content\/uploads\/2015\/09\/peacekeeping11.jpg 640w, https:\/\/so-global.com\/wp-content\/uploads\/2015\/09\/peacekeeping11-150x150.jpg 150w, https:\/\/so-global.com\/wp-content\/uploads\/2015\/09\/peacekeeping11-300x300.jpg 300w\" sizes=\"(max-width: 422px) 100vw, 422px\" \/>\r\n<img loading=\"lazy\" src=\"\/wp-content\/uploads\/2015\/09\/peacekeeping2.jpg\" alt=\"peacekeeping2\" width=\"422\" height=\"422\" class=\"alignnone size-full wp-image-2034\" srcset=\"https:\/\/so-global.com\/wp-content\/uploads\/2015\/09\/peacekeeping2.jpg 640w, https:\/\/so-global.com\/wp-content\/uploads\/2015\/09\/peacekeeping2-150x150.jpg 150w, https:\/\/so-global.com\/wp-content\/uploads\/2015\/09\/peacekeeping2-300x300.jpg 300w\" sizes=\"(max-width: 422px) 100vw, 422px\" \/>\r\n<img loading=\"lazy\" src=\"\/wp-content\/uploads\/2015\/09\/peacekeeping3.jpg\" alt=\"peacekeeping3\" width=\"422\" height=\"422\" class=\"alignnone size-full wp-image-2035\" srcset=\"https:\/\/so-global.com\/wp-content\/uploads\/2015\/09\/peacekeeping3.jpg 640w, https:\/\/so-global.com\/wp-content\/uploads\/2015\/09\/peacekeeping3-150x150.jpg 150w, https:\/\/so-global.com\/wp-content\/uploads\/2015\/09\/peacekeeping3-300x300.jpg 300w\" sizes=\"(max-width: 422px) 100vw, 422px\" \/>\r\n<img loading=\"lazy\" src=\"\/wp-content\/uploads\/2015\/09\/peacekeeping4.jpg\" alt=\"peacekeeping4\" width=\"422\" height=\"422\" class=\"alignnone size-full wp-image-2036\" srcset=\"https:\/\/so-global.com\/wp-content\/uploads\/2015\/09\/peacekeeping4.jpg 640w, https:\/\/so-global.com\/wp-content\/uploads\/2015\/09\/peacekeeping4-150x150.jpg 150w, https:\/\/so-global.com\/wp-content\/uploads\/2015\/09\/peacekeeping4-300x300.jpg 300w\" sizes=\"(max-width: 422px) 100vw, 422px\" \/>\r\n<img loading=\"lazy\" src=\"\/wp-content\/uploads\/2015\/09\/peacekeeping5.jpg\" alt=\"peacekeeping5\" width=\"422\" height=\"422\" class=\"alignnone size-full wp-image-2037\" srcset=\"https:\/\/so-global.com\/wp-content\/uploads\/2015\/09\/peacekeeping5.jpg 640w, https:\/\/so-global.com\/wp-content\/uploads\/2015\/09\/peacekeeping5-150x150.jpg 150w, https:\/\/so-global.com\/wp-content\/uploads\/2015\/09\/peacekeeping5-300x300.jpg 300w\" sizes=\"(max-width: 422px) 100vw, 422px\" \/>\r\n<img loading=\"lazy\" src=\"\/wp-content\/uploads\/2015\/09\/peacekeeping6.jpg\" alt=\"peacekeeping6\" width=\"422\" height=\"422\" class=\"alignnone size-full wp-image-2038\" srcset=\"https:\/\/so-global.com\/wp-content\/uploads\/2015\/09\/peacekeeping6.jpg 640w, https:\/\/so-global.com\/wp-content\/uploads\/2015\/09\/peacekeeping6-150x150.jpg 150w, https:\/\/so-global.com\/wp-content\/uploads\/2015\/09\/peacekeeping6-300x300.jpg 300w\" sizes=\"(max-width: 422px) 100vw, 422px\" \/>\r\n<\/div>\r\n<\/div>\r\n<div class=\"intro-text-container\">\r\n<p style=\"text-align: justify;\"><b>Notre m\u00e9tier :<\/b>\u00a0mettre en oeuvre pour le compte de nos clients, les Etats contributeurs aux op\u00e9rations de maintien de la paix de l&rsquo;ONU (T\/PCC), un mod\u00e8le unique de g\u00e9n\u00e9ration de forces pour tout type de contingents: unit\u00e9 de police constitu\u00e9e, bataillon d&rsquo;infanterie, compagnie de protection&#8230;<\/p>\r\n\r\n<p style=\"text-align: justify;\"><b><br \/>Nos services :<\/b>\u00a0<\/p><ul style=\"text-align: justify;\"><li>Conseil aux missions permanentes \u00e0 l&rsquo;ONU<\/li><li>Formation et d\u00e9ploiement d&rsquo;unit\u00e9s militaires et de police<\/li><li>Achat et livraison de l&rsquo;\u00e9quipement aux standards ONU<\/li><li>Assistance au contingent d\u00e9ploy\u00e9 lors des visites de contr\u00f4le ONU<\/li><li>Assistance au maintien en condition op\u00e9rationnelle pour les unit\u00e9s d\u00e9ploy\u00e9es<\/li><li><\/li><\/ul>\r\n\r\n<p style=\"text-align: justify;\"><b><br \/>Notre valeur ajout\u00e9e\u00a0:<\/b>\u00a0fournir aux T\/PCC un mod\u00e8le cl\u00e9 en main financ\u00e9 par les remboursements annuels de l&rsquo;ONU pour les contingents de casques bleus d\u00e9ploy\u00e9s.<\/p>\r\n\r\n<\/div>\r\n<\/div>\r\n<\/div>\r\n<div id=\"part2\" class=\"infographic-container\">\r\n\r\n<img loading=\"lazy\" class=\"alignnone wp-image-2925\" src=\"\/wp-content\/uploads\/2016\/03\/peacekeeping-infographic1-fr-1.jpg\" width=\"585\" height=\"773\" srcset=\"https:\/\/so-global.com\/wp-content\/uploads\/2016\/03\/peacekeeping-infographic1-fr-1.jpg 1138w, https:\/\/so-global.com\/wp-content\/uploads\/2016\/03\/peacekeeping-infographic1-fr-1-227x300.jpg 227w, https:\/\/so-global.com\/wp-content\/uploads\/2016\/03\/peacekeeping-infographic1-fr-1-768x1015.jpg 768w, https:\/\/so-global.com\/wp-content\/uploads\/2016\/03\/peacekeeping-infographic1-fr-1-775x1024.jpg 775w\" sizes=\"(max-width: 585px) 100vw, 585px\" \/>\r\n<img loading=\"lazy\" src=\"\/wp-content\/uploads\/2016\/03\/Peacekeeping-infographics-FR.png\" alt=\"Peacekeeping infographics FR\" width=\"585\" height=\"773\" class=\"alignnone size-full wp-image-2814\" \/>\r\n<\/div>\r\n<div id=\"part3\" class=\"table-like-content\">\r\n    <div class=\"red-panel top\">\r\n        <h2>PROGRAMMES DE G\u00c9N\u00c9RATION DE FORCE CL\u00c9 EN MAIN<\/h2>\r\n    <\/div>\r\n<ul class=\"table-like-boxes\">\r\n                            <li>\r\n                                <div class=\"box-content\">\r\n                                    <div class=\"image-bg\">\r\n                                        <img loading=\"lazy\" src=\"\/wp-content\/uploads\/2015\/09\/Rajs-100809-4099curv8bit.jpg\" width=\"500\" height=\"332\" class=\"alignnone wp-image-2171\" srcset=\"https:\/\/so-global.com\/wp-content\/uploads\/2015\/09\/Rajs-100809-4099curv8bit.jpg 1000w, https:\/\/so-global.com\/wp-content\/uploads\/2015\/09\/Rajs-100809-4099curv8bit-300x199.jpg 300w, https:\/\/so-global.com\/wp-content\/uploads\/2015\/09\/Rajs-100809-4099curv8bit-363x242.jpg 363w\" sizes=\"(max-width: 500px) 100vw, 500px\" \/>\r\n                                        <span>ASSISTANCE ONU<\/span>\r\n                                    <\/div>\r\n                                    <div class=\"image-overlay\">\r\n                                        <h3>Assistance ONU<\/h3>\r\n                                        <ul>\r\n                                            <li>Conseil aux missions permanentes au si\u00e8ge de l&rsquo;ONU \u00e0 New York<\/li>\r\n                                            <li>Assistance durant la negotiation du Memorandum of Understanding et pendant les visites d&rsquo;inspection<\/li>\r\n                                        <\/ul>\r\n                                    <\/div>\r\n                                <\/div>\r\n                            <\/li>\r\n                            <li>\r\n                                <div class=\"box-content\">\r\n                                    <div class=\"image-bg\">\r\n                                                                                <img loading=\"lazy\" src=\"\/wp-content\/uploads\/2015\/09\/peacekeeping12.jpg\" alt=\"peacekeeping1\" width=\"500\" height=\"500\" class=\"alignnone wp-image-2047\" srcset=\"https:\/\/so-global.com\/wp-content\/uploads\/2015\/09\/peacekeeping12.jpg 640w, https:\/\/so-global.com\/wp-content\/uploads\/2015\/09\/peacekeeping12-150x150.jpg 150w, https:\/\/so-global.com\/wp-content\/uploads\/2015\/09\/peacekeeping12-300x300.jpg 300w\" sizes=\"(max-width: 500px) 100vw, 500px\" \/>\u00a0<span>Formation<\/span>    <\/div>\r\n                                    <div class=\"image-overlay\">\r\n                                        <h3>Programmes de formation sur-mesure<\/h3>\r\n                                        <ul>\r\n                                            <li>Formations g\u00e9n\u00e9rales et sp\u00e9cialis\u00e9es pour tout type de contingent &#8211; plus de d\u00e9tails<\/li>\r\n                                            <li>Assistance au d\u00e9ploiement de la force sur le th\u00e9\u00e2tre d&rsquo;op\u00e9ration<\/li>\r\n                                        <\/ul>\r\n                                    <\/div>\r\n                                <\/div>\r\n                            <\/li>\r\n                            <li>\r\n                                <div class=\"box-content\">\r\n                                    <div class=\"image-bg\">\r\n                                                                                <img loading=\"lazy\" src=\"\/wp-content\/uploads\/2015\/09\/peacekeeping21.jpg\" alt=\"peacekeeping2\" width=\"500\" height=\"500\" class=\"alignnone wp-image-2048\" srcset=\"https:\/\/so-global.com\/wp-content\/uploads\/2015\/09\/peacekeeping21.jpg 640w, https:\/\/so-global.com\/wp-content\/uploads\/2015\/09\/peacekeeping21-150x150.jpg 150w, https:\/\/so-global.com\/wp-content\/uploads\/2015\/09\/peacekeeping21-300x300.jpg 300w\" sizes=\"(max-width: 500px) 100vw, 500px\" \/>\u00a0<span>Equipement<\/span>    <\/div>\r\n                                    <div class=\"image-overlay\">\r\n                                        <h3>Achat, livraison et MCO<\/h3>\r\n                                        <ul>\r\n                                            <li>V\u00e9hicules de tout type: transports de troupe blind\u00e9s, v\u00e9hicules neufs et d&rsquo;occasion<\/li><li>Equipements de soutien de l&rsquo;homme (collectifs et individuels)<\/li><li>Exp\u00e9dition toute destination<\/li><li>Aide \u00e0 la projection sur le th\u00e9\u00e2tre d&rsquo;op\u00e9rations<\/li>\r\n                                            <li>Optimisation des co\u00fbts, gestion des fournisseurs et des garanties<\/li>\r\n                                        <\/ul>\r\n                                    <\/div>\r\n                                <\/div>\r\n                            <\/li>\r\n                            <li>\r\n                                <div class=\"box-content\">\r\n                                    <div class=\"image-bg\">\r\n                                        <img loading=\"lazy\" src=\"\/wp-content\/uploads\/2015\/09\/peacekeeping41.jpg\" alt=\"peacekeeping4\" width=\"500\" height=\"500\" class=\"alignnone wp-image-2050\" srcset=\"https:\/\/so-global.com\/wp-content\/uploads\/2015\/09\/peacekeeping41.jpg 640w, https:\/\/so-global.com\/wp-content\/uploads\/2015\/09\/peacekeeping41-150x150.jpg 150w, https:\/\/so-global.com\/wp-content\/uploads\/2015\/09\/peacekeeping41-300x300.jpg 300w\" sizes=\"(max-width: 500px) 100vw, 500px\" \/>\r\n                                        <span>Comit\u00e9 de pilotage<\/span>\r\n                                    <\/div>\r\n                                    <div class=\"image-overlay\">\r\n                                        <h3>Comit\u00e9 de pilotage<\/h3>\r\n                                        <ul>\r\n                                            <li>Gestion de programmes<\/li>\r\n                                            <li>Conseil d&rsquo;\u00e9tat-major<\/li>\r\n                                            <li>Organe de liaison entre les repr\u00e9sentants du pays contributeurs et les responsables Sovereign Global<\/li>\r\n                                        <\/ul>\r\n                                    <\/div>\r\n                                <\/div>\r\n                            <\/li>\r\n                        <\/ul>\r\n                        \r\n<div class=\"red-panel bottom\">\r\n    <h2>POUR ASSURER UN TAUX DE REMBOURSEMENT OPTIMAL DES UNIT\u00c9S DE CASQUES BLEUS D\u00c9PLOY\u00c9ES<\/h2>\r\n<\/div>\r\n<\/div>","protected":false},"excerpt":{"rendered":"Assistance, Conseil, Formation, \u00e9quipement, d\u00e9ploiement de casques bleus Notre m\u00e9tier :\u00a0mettre en oeuvre pour le compte de nos clients, les Etats contributeurs aux op\u00e9rations de maintien de la paix de l&rsquo;ONU (T\/PCC), un mod\u00e8le unique de g\u00e9n\u00e9ration de forces pour tout type de contingents: unit\u00e9 de police constitu\u00e9e, bataillon d&rsquo;infanterie, compagnie de protection&#8230; Nos services &hellip; <a href=\"https:\/\/so-global.com\/fr\/peacebuilding\/peacekeeping\/\" class=\"more-link\">Continue reading <span class=\"screen-reader-text\">G\u00e9n\u00e9ration de forces ONU<\/span><\/a>","protected":false},"author":1,"featured_media":0,"parent":2773,"menu_order":0,"comment_status":"closed","ping_status":"closed","template":"","meta":[],"yoast_head":"<!-- This site is optimized with the Yoast SEO plugin v16.9 - https:\/\/yoast.com\/wordpress\/plugins\/seo\/ -->\n<title>G\u00e9n\u00e9ration de forces ONU - Maritime Training &amp; Sea Security | Sovereign Global<\/title>\n<meta name=\"robots\" content=\"noindex, follow, max-snippet:-1, max-image-preview:large, max-video-preview:-1\" \/>\n<meta property=\"og:locale\" content=\"fr_FR\" \/>\n<meta property=\"og:type\" content=\"article\" \/>\n<meta property=\"og:title\" content=\"G\u00e9n\u00e9ration de forces ONU - Maritime Training &amp; Sea Security | Sovereign Global\" \/>\n<meta property=\"og:description\" content=\"Assistance, Conseil, Formation, \u00e9quipement, d\u00e9ploiement de casques bleus Notre m\u00e9tier :\u00a0mettre en oeuvre pour le compte de nos clients, les Etats contributeurs aux op\u00e9rations de maintien de la paix de l&rsquo;ONU (T\/PCC), un mod\u00e8le unique de g\u00e9n\u00e9ration de forces pour tout type de contingents: unit\u00e9 de police constitu\u00e9e, bataillon d&rsquo;infanterie, compagnie de protection&#8230; Nos services &hellip; Continue reading G\u00e9n\u00e9ration de forces ONU\" \/>\n<meta property=\"og:url\" content=\"https:\/\/so-global.com\/fr\/peacebuilding\/peacekeeping\/\" \/>\n<meta property=\"og:site_name\" content=\"Maritime Training &amp; Sea Security | Sovereign Global\" \/>\n<meta property=\"article:modified_time\" content=\"2017-04-28T14:45:20+00:00\" \/>\n<meta property=\"og:image\" content=\"https:\/\/so-global.com\/wp-content\/uploads\/2015\/09\/peacekeeping11.jpg\" \/>\n<meta name=\"twitter:card\" content=\"summary\" \/>\n<meta name=\"twitter:label1\" content=\"Dur\u00e9e de lecture est.\" \/>\n\t<meta name=\"twitter:data1\" content=\"2 minutes\" \/>\n<script type=\"application\/ld+json\" class=\"yoast-schema-graph\">{\"@context\":\"https:\/\/schema.org\",\"@graph\":[{\"@type\":\"WebSite\",\"@id\":\"https:\/\/so-global.com\/#website\",\"url\":\"https:\/\/so-global.com\/\",\"name\":\"Maritime Training &amp; Sea Security | Sovereign Global\",\"description\":\"Sovereign\",\"potentialAction\":[{\"@type\":\"SearchAction\",\"target\":{\"@type\":\"EntryPoint\",\"urlTemplate\":\"https:\/\/so-global.com\/?s={search_term_string}\"},\"query-input\":\"required name=search_term_string\"}],\"inLanguage\":\"fr-FR\"},{\"@type\":\"ImageObject\",\"@id\":\"https:\/\/so-global.com\/fr\/peacebuilding\/peacekeeping\/#primaryimage\",\"inLanguage\":\"fr-FR\",\"url\":\"\/wp-content\/uploads\/2015\/09\/peacekeeping11.jpg\",\"contentUrl\":\"\/wp-content\/uploads\/2015\/09\/peacekeeping11.jpg\"},{\"@type\":\"WebPage\",\"@id\":\"https:\/\/so-global.com\/fr\/peacebuilding\/peacekeeping\/#webpage\",\"url\":\"https:\/\/so-global.com\/fr\/peacebuilding\/peacekeeping\/\",\"name\":\"G\\u00e9n\\u00e9ration de forces ONU - Maritime Training &amp; Sea Security | Sovereign Global\",\"isPartOf\":{\"@id\":\"https:\/\/so-global.com\/#website\"},\"primaryImageOfPage\":{\"@id\":\"https:\/\/so-global.com\/fr\/peacebuilding\/peacekeeping\/#primaryimage\"},\"datePublished\":\"2016-03-01T10:56:39+00:00\",\"dateModified\":\"2017-04-28T14:45:20+00:00\",\"breadcrumb\":{\"@id\":\"https:\/\/so-global.com\/fr\/peacebuilding\/peacekeeping\/#breadcrumb\"},\"inLanguage\":\"fr-FR\",\"potentialAction\":[{\"@type\":\"ReadAction\",\"target\":[\"https:\/\/so-global.com\/fr\/peacebuilding\/peacekeeping\/\"]}]},{\"@type\":\"BreadcrumbList\",\"@id\":\"https:\/\/so-global.com\/fr\/peacebuilding\/peacekeeping\/#breadcrumb\",\"itemListElement\":[{\"@type\":\"ListItem\",\"position\":1,\"name\":\"Home\",\"item\":\"https:\/\/so-global.com\/\"},{\"@type\":\"ListItem\",\"position\":2,\"name\":\"Maintien de la paix\",\"item\":\"https:\/\/so-global.com\/fr\/peacebuilding\/\"},{\"@type\":\"ListItem\",\"position\":3,\"name\":\"G\\u00e9n\\u00e9ration de forces ONU\"}]}]}<\/script>\n<!-- \/ Yoast SEO plugin. -->","yoast_head_json":{"title":"G\u00e9n\u00e9ration de forces ONU - Maritime Training &amp; Sea Security | Sovereign Global","robots":{"index":"noindex","follow":"follow","max-snippet":"max-snippet:-1","max-image-preview":"max-image-preview:large","max-video-preview":"max-video-preview:-1"},"og_locale":"fr_FR","og_type":"article","og_title":"G\u00e9n\u00e9ration de forces ONU - Maritime Training &amp; Sea Security | Sovereign Global","og_description":"Assistance, Conseil, Formation, \u00e9quipement, d\u00e9ploiement de casques bleus Notre m\u00e9tier :\u00a0mettre en oeuvre pour le compte de nos clients, les Etats contributeurs aux op\u00e9rations de maintien de la paix de l&rsquo;ONU (T\/PCC), un mod\u00e8le unique de g\u00e9n\u00e9ration de forces pour tout type de contingents: unit\u00e9 de police constitu\u00e9e, bataillon d&rsquo;infanterie, compagnie de protection&#8230; Nos services &hellip; Continue reading G\u00e9n\u00e9ration de forces ONU","og_url":"https:\/\/so-global.com\/fr\/peacebuilding\/peacekeeping\/","og_site_name":"Maritime Training &amp; Sea Security | Sovereign Global","article_modified_time":"2017-04-28T14:45:20+00:00","og_image":[{"url":"https:\/\/so-global.com\/wp-content\/uploads\/2015\/09\/peacekeeping11.jpg"}],"twitter_card":"summary","twitter_misc":{"Dur\u00e9e de lecture est.":"2 minutes"},"schema":{"@context":"https:\/\/schema.org","@graph":[{"@type":"WebSite","@id":"https:\/\/so-global.com\/#website","url":"https:\/\/so-global.com\/","name":"Maritime Training &amp; Sea Security | Sovereign Global","description":"Sovereign","potentialAction":[{"@type":"SearchAction","target":{"@type":"EntryPoint","urlTemplate":"https:\/\/so-global.com\/?s={search_term_string}"},"query-input":"required name=search_term_string"}],"inLanguage":"fr-FR"},{"@type":"ImageObject","@id":"https:\/\/so-global.com\/fr\/peacebuilding\/peacekeeping\/#primaryimage","inLanguage":"fr-FR","url":"\/wp-content\/uploads\/2015\/09\/peacekeeping11.jpg","contentUrl":"\/wp-content\/uploads\/2015\/09\/peacekeeping11.jpg"},{"@type":"WebPage","@id":"https:\/\/so-global.com\/fr\/peacebuilding\/peacekeeping\/#webpage","url":"https:\/\/so-global.com\/fr\/peacebuilding\/peacekeeping\/","name":"G\u00e9n\u00e9ration de forces ONU - Maritime Training &amp; Sea Security | Sovereign Global","isPartOf":{"@id":"https:\/\/so-global.com\/#website"},"primaryImageOfPage":{"@id":"https:\/\/so-global.com\/fr\/peacebuilding\/peacekeeping\/#primaryimage"},"datePublished":"2016-03-01T10:56:39+00:00","dateModified":"2017-04-28T14:45:20+00:00","breadcrumb":{"@id":"https:\/\/so-global.com\/fr\/peacebuilding\/peacekeeping\/#breadcrumb"},"inLanguage":"fr-FR","potentialAction":[{"@type":"ReadAction","target":["https:\/\/so-global.com\/fr\/peacebuilding\/peacekeeping\/"]}]},{"@type":"BreadcrumbList","@id":"https:\/\/so-global.com\/fr\/peacebuilding\/peacekeeping\/#breadcrumb","itemListElement":[{"@type":"ListItem","position":1,"name":"Home","item":"https:\/\/so-global.com\/"},{"@type":"ListItem","position":2,"name":"Maintien de la paix","item":"https:\/\/so-global.com\/fr\/peacebuilding\/"},{"@type":"ListItem","position":3,"name":"G\u00e9n\u00e9ration de forces ONU"}]}]}},"_links":{"self":[{"href":"https:\/\/so-global.com\/fr\/wp-json\/wp\/v2\/pages\/2785"}],"collection":[{"href":"https:\/\/so-global.com\/fr\/wp-json\/wp\/v2\/pages"}],"about":[{"href":"https:\/\/so-global.com\/fr\/wp-json\/wp\/v2\/types\/page"}],"author":[{"embeddable":true,"href":"https:\/\/so-global.com\/fr\/wp-json\/wp\/v2\/users\/1"}],"replies":[{"embeddable":true,"href":"https:\/\/so-global.com\/fr\/wp-json\/wp\/v2\/comments?post=2785"}],"version-history":[{"count":22,"href":"https:\/\/so-global.com\/fr\/wp-json\/wp\/v2\/pages\/2785\/revisions"}],"predecessor-version":[{"id":4123,"href":"https:\/\/so-global.com\/fr\/wp-json\/wp\/v2\/pages\/2785\/revisions\/4123"}],"up":[{"embeddable":true,"href":"https:\/\/so-global.com\/fr\/wp-json\/wp\/v2\/pages\/2773"}],"wp:attachment":[{"href":"https:\/\/so-global.com\/fr\/wp-json\/wp\/v2\/media?parent=2785"}],"curies":[{"name":"wp","href":"https:\/\/api.w.org\/{rel}","templated":true}]}}