{"id":2782,"date":"2016-03-01T11:55:20","date_gmt":"2016-03-01T10:55:20","guid":{"rendered":"http:\/\/sovereign.wpstaging.alert.com.mt\/fr\/?page_id=2782"},"modified":"2017-04-28T16:40:42","modified_gmt":"2017-04-28T14:40:42","slug":"maritime-surveillance","status":"publish","type":"page","link":"https:\/\/so-global.com\/fr\/maritime-services\/maritime-surveillance\/","title":{"rendered":"Surveillance maritime"},"content":{"rendered":"<div id=\"part1\" class=\"table-like-intro\">\r\n                        <div class=\"top-panel\">\r\n                            <h2>Navires multimissions pour l&rsquo;action de l&rsquo;Etat en mer<\/h2>\r\n                        <\/div>\r\n                        <div class=\"intro-content\">\r\n                                                                                                                <div class=\"pull-left\">\r\n                            <div class=\"intro-image-container\">\r\n<img loading=\"lazy\" src=\"\/wp-content\/uploads\/2015\/09\/pic-maritime-surveillance.jpg\" width=\"640\" height=\"480\" class=\"alignnone wp-image-3633 size-full\" srcset=\"https:\/\/so-global.com\/wp-content\/uploads\/2015\/09\/pic-maritime-surveillance.jpg 640w, https:\/\/so-global.com\/wp-content\/uploads\/2015\/09\/pic-maritime-surveillance-300x225.jpg 300w\" sizes=\"(max-width: 640px) 100vw, 640px\" \/>\r\n<img loading=\"lazy\" src=\"\/wp-content\/uploads\/2015\/09\/surveillance4-1.jpg\" width=\"640\" height=\"480\" class=\"alignnone wp-image-3776 size-full\" srcset=\"https:\/\/so-global.com\/wp-content\/uploads\/2015\/09\/surveillance4-1.jpg 640w, https:\/\/so-global.com\/wp-content\/uploads\/2015\/09\/surveillance4-1-300x225.jpg 300w\" sizes=\"(max-width: 640px) 100vw, 640px\" \/>\r\n<img loading=\"lazy\" src=\"\/wp-content\/uploads\/2015\/09\/surveillance1-1.jpg\" alt=\"surveillance1\" width=\"640\" height=\"480\" class=\"alignnone size-full wp-image-3775\" srcset=\"https:\/\/so-global.com\/wp-content\/uploads\/2015\/09\/surveillance1-1.jpg 640w, https:\/\/so-global.com\/wp-content\/uploads\/2015\/09\/surveillance1-1-300x225.jpg 300w\" sizes=\"(max-width: 640px) 100vw, 640px\" \/>\u00a0\r\n<img loading=\"lazy\" src=\"\/wp-content\/uploads\/2016\/04\/Cape-Verde-1.jpg\" alt=\"Cape Verde 1\" width=\"640\" height=\"480\" class=\"alignnone wp-image-3459\" srcset=\"https:\/\/so-global.com\/wp-content\/uploads\/2016\/04\/Cape-Verde-1.jpg 1280w, https:\/\/so-global.com\/wp-content\/uploads\/2016\/04\/Cape-Verde-1-300x225.jpg 300w, https:\/\/so-global.com\/wp-content\/uploads\/2016\/04\/Cape-Verde-1-768x576.jpg 768w, https:\/\/so-global.com\/wp-content\/uploads\/2016\/04\/Cape-Verde-1-1024x768.jpg 1024w\" sizes=\"(max-width: 640px) 100vw, 640px\" \/>\r\n<\/div>\r\n<\/div>\r\n        <div class=\"intro-text-container\">\r\n                                <p style=\"text-align: justify;\"><b>Notre m\u00e9tier :<\/b>\u00a0fournir aux garde-c\u00f4tes (ou \u00e0 la Marine) de l\u2019Etat client les vecteurs maritimes\u00a0n\u00e9cessaires \u00e0 la mise en \u0153uvre de l\u2019action de l\u2019Etat en mer : protection des ressources hauturi\u00e8res et offshores, lutte contre la criminalit\u00e9 maritime, missions anti-pollutions, contr\u00f4le des trafics, etc.<\/p>\r\n\r\n                                <p><b><br \/>Nos\u00a0services :<\/b><\/p><ul><li style=\"text-align: justify;\">Affr\u00e8tement de navires multimissions avec \u00e9quipement adapt\u00e9 \u00e0 tout type de patrouille : le navire appartient \u00e0 Sovereign Global, est affr\u00e9t\u00e9 par l&rsquo;Etat, bat\u00a0son pavillon et r\u00e9alise les missions de souverainet\u00e9 pilot\u00e9es par ses autorit\u00e9s maritimes<\/li><li style=\"text-align: justify;\">Gestion compl\u00e8te\u00a0des \u00e9quipages<\/li><li style=\"text-align: justify;\">Programmes de formation pour les\u00a0personnels de l&rsquo;Etat (garde-c\u00f4tes et marins)<\/li><li style=\"text-align: justify;\">Maintien en condition op\u00e9rationnelle des b\u00e2timents<\/li><li><\/li><\/ul>\r\n\r\n                            <p style=\"text-align: justify;\"><b><br \/>Notre valeur ajout\u00e9e\u00a0:<\/b>\u00a0une offre de services cl\u00e9 en main avec la flexibilit\u00e9 d&rsquo;un contrat clair BIMCO, des b\u00e2timents d\u00e9ploy\u00e9s sur zone en moins de 90 jours apr\u00e8s signature du contrat, 25 jours de patrouille en mer garantis par mois, un plan de formation complet du personnel \u00e9tatique \u00e0 bord.<\/p>\r\n                            <\/div>\r\n                        <\/div>\r\n                    <\/div>\r\n<div id=\"part2\" class=\"infographic-container\">\r\n                        <h3>En 28 mois d&rsquo;op\u00e9ration en Afrique de l&rsquo;Ouest<\/h3>\r\n<img loading=\"lazy\" src=\"\/wp-content\/uploads\/2016\/03\/surveilance-infographic1-fr-1.png\" width=\"1136\" height=\"590\" class=\"alignnone wp-image-2854 size-full\" \/>\r\n<img loading=\"lazy\" src=\"\/wp-content\/uploads\/2016\/03\/surveilance-infographic2-fr.jpg\" width=\"1136\" height=\"590\" class=\"alignnone wp-image-2856 size-full\" srcset=\"https:\/\/so-global.com\/wp-content\/uploads\/2016\/03\/surveilance-infographic2-fr.jpg 1136w, https:\/\/so-global.com\/wp-content\/uploads\/2016\/03\/surveilance-infographic2-fr-300x156.jpg 300w, https:\/\/so-global.com\/wp-content\/uploads\/2016\/03\/surveilance-infographic2-fr-768x399.jpg 768w, https:\/\/so-global.com\/wp-content\/uploads\/2016\/03\/surveilance-infographic2-fr-1024x532.jpg 1024w\" sizes=\"(max-width: 1136px) 100vw, 1136px\" \/>\r\n                    <\/div>\r\n<div id=\"part3\" class=\"table-like-content\">\r\n                        <div class=\"red-panel\">\r\n                            <h2>25 jours de mer par mois guarantis, maintien en condition op\u00e9rationnelle et \u00e9quipage Sovereign Global<\/h2>\r\n                        <\/div>\r\n                        <div class=\"navy-container\">\r\n                            <ul class=\"table-like-boxes spread\">\r\n                                <li>\r\n                                    <div class=\"box-content\">\r\n                                        <div><h3 style=\"text-align: center;\">Affr\u00e8tement de navires multimissions<\/h3><\/div>\r\n                                        <ul>\r\n                                            <li>Patrouilleurs offshore issus de la flotte Sovereign Global<\/li>\r\n                                            <li>Combinaison de patrouilleurs rapides et de navires de surveillance<\/li>\r\n                                            <li>Capteurs\u00a0de renseignement et de surveillance derni\u00e8re g\u00e9n\u00e9ration<\/li>\r\n                                            <li>Equipement MARPOL<\/li>\r\n                                            <li>2 intercepteurs type ETRACO\u00a0par navire<\/li>\r\n                                            <li>Centre m\u00e9dical de niveau 1 avec syst\u00e8me de suivi des patients par satellite<\/li>\r\n                                        <\/ul>\r\n                                    <\/div>\r\n                                <\/li>\r\n                                <li>\r\n                                    <div class=\"box-content\">\r\n                                        <div><h3 style=\"text-align: center;\">Programmes de formation<\/h3><\/div>\r\n                                        <ul>\r\n                                            <li>Pour les garde-c\u00f4tes et les forces navales<\/li>\r\n                                        <\/ul>\r\n                                    <\/div>\r\n                                <\/li>\r\n                                <li>\r\n                                    <div class=\"box-content\">\r\n                                        <div><h3 style=\"text-align: center;\">Large \u00e9ventail de missions<\/h3><\/div>\r\n                                        <ul>\r\n                                            <li>Surveillance d&rsquo;infrastructures sensibles\u00a0<\/li>\r\n                                            <li>Lutte contre la criminalit\u00e9 maritime<\/li>\r\n                                            <li>Missions anti-pollution<\/li>\r\n                                            <li>Surveillance des p\u00eaches\u00a0<\/li>\r\n                                            <li>Sauvegarde de la vie en mer<\/li>\r\n                                        <\/ul>\r\n                                    <\/div>\r\n                                <\/li>\r\n                                <li>\r\n                                    <div class=\"box-content\">\r\n                                        <div><h3 style=\"text-align: center;\">Maintenance des navires<\/h3><\/div>\r\n                                        <ul>\r\n                                            <li>Base logistique implant\u00e9e sur le territoire de l&rsquo;Etat client<\/li>\r\n                                            <li>Gestion des fournisseurs et des garanties<\/li>\r\n                                        <\/ul>\r\n                                    <\/div>\r\n                                <\/li>\r\n                            <\/ul>\r\n<img loading=\"lazy\" src=\"\/wp-content\/uploads\/2015\/09\/arrow-on-1.png\" alt=\"arrow-on\" width=\"26\" height=\"78\" class=\"alignnone size-full wp-image-2895\" \/>\r\n                        <\/div>\r\n                    <\/div>","protected":false},"excerpt":{"rendered":"Navires multimissions pour l&rsquo;action de l&rsquo;Etat en mer \u00a0 Notre m\u00e9tier :\u00a0fournir aux garde-c\u00f4tes (ou \u00e0 la Marine) de l\u2019Etat client les vecteurs maritimes\u00a0n\u00e9cessaires \u00e0 la mise en \u0153uvre de l\u2019action de l\u2019Etat en mer : protection des ressources hauturi\u00e8res et offshores, lutte contre la criminalit\u00e9 maritime, missions anti-pollutions, contr\u00f4le des trafics, etc. Nos\u00a0services :Affr\u00e8tement &hellip; <a href=\"https:\/\/so-global.com\/fr\/maritime-services\/maritime-surveillance\/\" class=\"more-link\">Continue reading <span class=\"screen-reader-text\">Surveillance maritime<\/span><\/a>","protected":false},"author":1,"featured_media":0,"parent":2770,"menu_order":0,"comment_status":"closed","ping_status":"closed","template":"","meta":[],"yoast_head":"<!-- This site is optimized with the Yoast SEO plugin v16.9 - https:\/\/yoast.com\/wordpress\/plugins\/seo\/ -->\n<title>Surveillance maritime - Maritime Training &amp; Sea Security | Sovereign Global<\/title>\n<meta name=\"robots\" content=\"noindex, follow, max-snippet:-1, max-image-preview:large, max-video-preview:-1\" \/>\n<meta property=\"og:locale\" content=\"fr_FR\" \/>\n<meta property=\"og:type\" content=\"article\" \/>\n<meta property=\"og:title\" content=\"Surveillance maritime - Maritime Training &amp; Sea Security | Sovereign Global\" \/>\n<meta property=\"og:description\" content=\"Navires multimissions pour l&rsquo;action de l&rsquo;Etat en mer \u00a0 Notre m\u00e9tier :\u00a0fournir aux garde-c\u00f4tes (ou \u00e0 la Marine) de l\u2019Etat client les vecteurs maritimes\u00a0n\u00e9cessaires \u00e0 la mise en \u0153uvre de l\u2019action de l\u2019Etat en mer : protection des ressources hauturi\u00e8res et offshores, lutte contre la criminalit\u00e9 maritime, missions anti-pollutions, contr\u00f4le des trafics, etc. Nos\u00a0services :Affr\u00e8tement &hellip; Continue reading Surveillance maritime\" \/>\n<meta property=\"og:url\" content=\"https:\/\/so-global.com\/fr\/maritime-services\/maritime-surveillance\/\" \/>\n<meta property=\"og:site_name\" content=\"Maritime Training &amp; Sea Security | Sovereign Global\" \/>\n<meta property=\"article:modified_time\" content=\"2017-04-28T14:40:42+00:00\" \/>\n<meta property=\"og:image\" content=\"https:\/\/so-global.com\/wp-content\/uploads\/2015\/09\/pic-maritime-surveillance.jpg\" \/>\n<meta name=\"twitter:card\" content=\"summary\" \/>\n<meta name=\"twitter:label1\" content=\"Dur\u00e9e de lecture est.\" \/>\n\t<meta name=\"twitter:data1\" content=\"2 minutes\" \/>\n<script type=\"application\/ld+json\" class=\"yoast-schema-graph\">{\"@context\":\"https:\/\/schema.org\",\"@graph\":[{\"@type\":\"WebSite\",\"@id\":\"https:\/\/so-global.com\/#website\",\"url\":\"https:\/\/so-global.com\/\",\"name\":\"Maritime Training &amp; Sea Security | Sovereign Global\",\"description\":\"Sovereign\",\"potentialAction\":[{\"@type\":\"SearchAction\",\"target\":{\"@type\":\"EntryPoint\",\"urlTemplate\":\"https:\/\/so-global.com\/?s={search_term_string}\"},\"query-input\":\"required name=search_term_string\"}],\"inLanguage\":\"fr-FR\"},{\"@type\":\"ImageObject\",\"@id\":\"https:\/\/so-global.com\/fr\/maritime-services\/maritime-surveillance\/#primaryimage\",\"inLanguage\":\"fr-FR\",\"url\":\"\/wp-content\/uploads\/2015\/09\/pic-maritime-surveillance.jpg\",\"contentUrl\":\"\/wp-content\/uploads\/2015\/09\/pic-maritime-surveillance.jpg\"},{\"@type\":\"WebPage\",\"@id\":\"https:\/\/so-global.com\/fr\/maritime-services\/maritime-surveillance\/#webpage\",\"url\":\"https:\/\/so-global.com\/fr\/maritime-services\/maritime-surveillance\/\",\"name\":\"Surveillance maritime - Maritime Training &amp; Sea Security | Sovereign Global\",\"isPartOf\":{\"@id\":\"https:\/\/so-global.com\/#website\"},\"primaryImageOfPage\":{\"@id\":\"https:\/\/so-global.com\/fr\/maritime-services\/maritime-surveillance\/#primaryimage\"},\"datePublished\":\"2016-03-01T10:55:20+00:00\",\"dateModified\":\"2017-04-28T14:40:42+00:00\",\"breadcrumb\":{\"@id\":\"https:\/\/so-global.com\/fr\/maritime-services\/maritime-surveillance\/#breadcrumb\"},\"inLanguage\":\"fr-FR\",\"potentialAction\":[{\"@type\":\"ReadAction\",\"target\":[\"https:\/\/so-global.com\/fr\/maritime-services\/maritime-surveillance\/\"]}]},{\"@type\":\"BreadcrumbList\",\"@id\":\"https:\/\/so-global.com\/fr\/maritime-services\/maritime-surveillance\/#breadcrumb\",\"itemListElement\":[{\"@type\":\"ListItem\",\"position\":1,\"name\":\"Home\",\"item\":\"https:\/\/so-global.com\/\"},{\"@type\":\"ListItem\",\"position\":2,\"name\":\"Services Maritimes\",\"item\":\"https:\/\/so-global.com\/fr\/maritime-services\/\"},{\"@type\":\"ListItem\",\"position\":3,\"name\":\"Surveillance maritime\"}]}]}<\/script>\n<!-- \/ Yoast SEO plugin. -->","yoast_head_json":{"title":"Surveillance maritime - Maritime Training &amp; Sea Security | Sovereign Global","robots":{"index":"noindex","follow":"follow","max-snippet":"max-snippet:-1","max-image-preview":"max-image-preview:large","max-video-preview":"max-video-preview:-1"},"og_locale":"fr_FR","og_type":"article","og_title":"Surveillance maritime - Maritime Training &amp; Sea Security | Sovereign Global","og_description":"Navires multimissions pour l&rsquo;action de l&rsquo;Etat en mer \u00a0 Notre m\u00e9tier :\u00a0fournir aux garde-c\u00f4tes (ou \u00e0 la Marine) de l\u2019Etat client les vecteurs maritimes\u00a0n\u00e9cessaires \u00e0 la mise en \u0153uvre de l\u2019action de l\u2019Etat en mer : protection des ressources hauturi\u00e8res et offshores, lutte contre la criminalit\u00e9 maritime, missions anti-pollutions, contr\u00f4le des trafics, etc. Nos\u00a0services :Affr\u00e8tement &hellip; Continue reading Surveillance maritime","og_url":"https:\/\/so-global.com\/fr\/maritime-services\/maritime-surveillance\/","og_site_name":"Maritime Training &amp; Sea Security | Sovereign Global","article_modified_time":"2017-04-28T14:40:42+00:00","og_image":[{"url":"https:\/\/so-global.com\/wp-content\/uploads\/2015\/09\/pic-maritime-surveillance.jpg"}],"twitter_card":"summary","twitter_misc":{"Dur\u00e9e de lecture est.":"2 minutes"},"schema":{"@context":"https:\/\/schema.org","@graph":[{"@type":"WebSite","@id":"https:\/\/so-global.com\/#website","url":"https:\/\/so-global.com\/","name":"Maritime Training &amp; Sea Security | Sovereign Global","description":"Sovereign","potentialAction":[{"@type":"SearchAction","target":{"@type":"EntryPoint","urlTemplate":"https:\/\/so-global.com\/?s={search_term_string}"},"query-input":"required name=search_term_string"}],"inLanguage":"fr-FR"},{"@type":"ImageObject","@id":"https:\/\/so-global.com\/fr\/maritime-services\/maritime-surveillance\/#primaryimage","inLanguage":"fr-FR","url":"\/wp-content\/uploads\/2015\/09\/pic-maritime-surveillance.jpg","contentUrl":"\/wp-content\/uploads\/2015\/09\/pic-maritime-surveillance.jpg"},{"@type":"WebPage","@id":"https:\/\/so-global.com\/fr\/maritime-services\/maritime-surveillance\/#webpage","url":"https:\/\/so-global.com\/fr\/maritime-services\/maritime-surveillance\/","name":"Surveillance maritime - Maritime Training &amp; Sea Security | Sovereign Global","isPartOf":{"@id":"https:\/\/so-global.com\/#website"},"primaryImageOfPage":{"@id":"https:\/\/so-global.com\/fr\/maritime-services\/maritime-surveillance\/#primaryimage"},"datePublished":"2016-03-01T10:55:20+00:00","dateModified":"2017-04-28T14:40:42+00:00","breadcrumb":{"@id":"https:\/\/so-global.com\/fr\/maritime-services\/maritime-surveillance\/#breadcrumb"},"inLanguage":"fr-FR","potentialAction":[{"@type":"ReadAction","target":["https:\/\/so-global.com\/fr\/maritime-services\/maritime-surveillance\/"]}]},{"@type":"BreadcrumbList","@id":"https:\/\/so-global.com\/fr\/maritime-services\/maritime-surveillance\/#breadcrumb","itemListElement":[{"@type":"ListItem","position":1,"name":"Home","item":"https:\/\/so-global.com\/"},{"@type":"ListItem","position":2,"name":"Services Maritimes","item":"https:\/\/so-global.com\/fr\/maritime-services\/"},{"@type":"ListItem","position":3,"name":"Surveillance maritime"}]}]}},"_links":{"self":[{"href":"https:\/\/so-global.com\/fr\/wp-json\/wp\/v2\/pages\/2782"}],"collection":[{"href":"https:\/\/so-global.com\/fr\/wp-json\/wp\/v2\/pages"}],"about":[{"href":"https:\/\/so-global.com\/fr\/wp-json\/wp\/v2\/types\/page"}],"author":[{"embeddable":true,"href":"https:\/\/so-global.com\/fr\/wp-json\/wp\/v2\/users\/1"}],"replies":[{"embeddable":true,"href":"https:\/\/so-global.com\/fr\/wp-json\/wp\/v2\/comments?post=2782"}],"version-history":[{"count":30,"href":"https:\/\/so-global.com\/fr\/wp-json\/wp\/v2\/pages\/2782\/revisions"}],"predecessor-version":[{"id":4122,"href":"https:\/\/so-global.com\/fr\/wp-json\/wp\/v2\/pages\/2782\/revisions\/4122"}],"up":[{"embeddable":true,"href":"https:\/\/so-global.com\/fr\/wp-json\/wp\/v2\/pages\/2770"}],"wp:attachment":[{"href":"https:\/\/so-global.com\/fr\/wp-json\/wp\/v2\/media?parent=2782"}],"curies":[{"name":"wp","href":"https:\/\/api.w.org\/{rel}","templated":true}]}}