{"id":2779,"date":"2016-03-01T11:53:42","date_gmt":"2016-03-01T10:53:42","guid":{"rendered":"http:\/\/sovereign.wpstaging.alert.com.mt\/fr\/?page_id=2779"},"modified":"2017-04-28T16:35:19","modified_gmt":"2017-04-28T14:35:19","slug":"offshore-support-services","status":"publish","type":"page","link":"https:\/\/so-global.com\/fr\/maritime-services\/offshore-support-services\/","title":{"rendered":"Appui logistique en mer"},"content":{"rendered":"<div id=\"part1\" class=\"table-like-intro\">\r\n<div class=\"top-panel\"><h2>SERVICES D&rsquo;APPUI\u00a0LOGISTIQUE EN MER POUR LA SECURITE MARITIME<\/h2><br \/>\r\n<\/div>\r\n<div class=\"intro-content\">\r\n<div class=\"pull-left\">\r\n<div class=\"intro-image-container\">\r\n<img loading=\"lazy\" src=\"\/wp-content\/uploads\/2015\/09\/1.jpg\" alt=\"1\" width=\"444\" height=\"444\" class=\"alignnone size-full wp-image-2425\" srcset=\"https:\/\/so-global.com\/wp-content\/uploads\/2015\/09\/1.jpg 640w, https:\/\/so-global.com\/wp-content\/uploads\/2015\/09\/1-150x150.jpg 150w, https:\/\/so-global.com\/wp-content\/uploads\/2015\/09\/1-300x300.jpg 300w\" sizes=\"(max-width: 444px) 100vw, 444px\" \/>\r\n<img loading=\"lazy\" src=\"\/wp-content\/uploads\/2015\/09\/2.jpg\" alt=\"2\" width=\"444\" height=\"444\" class=\"alignnone size-full wp-image-2426\" srcset=\"https:\/\/so-global.com\/wp-content\/uploads\/2015\/09\/2.jpg 640w, https:\/\/so-global.com\/wp-content\/uploads\/2015\/09\/2-150x150.jpg 150w, https:\/\/so-global.com\/wp-content\/uploads\/2015\/09\/2-300x300.jpg 300w\" sizes=\"(max-width: 444px) 100vw, 444px\" \/>\r\n<img loading=\"lazy\" src=\"\/wp-content\/uploads\/2015\/09\/4.jpg\" alt=\"4\" width=\"444\" height=\"444\" class=\"alignnone size-full wp-image-2428\" srcset=\"https:\/\/so-global.com\/wp-content\/uploads\/2015\/09\/4.jpg 640w, https:\/\/so-global.com\/wp-content\/uploads\/2015\/09\/4-150x150.jpg 150w, https:\/\/so-global.com\/wp-content\/uploads\/2015\/09\/4-300x300.jpg 300w\" sizes=\"(max-width: 444px) 100vw, 444px\" \/>\r\n<img loading=\"lazy\" src=\"\/wp-content\/uploads\/2015\/09\/5.jpg\" alt=\"5\" width=\"444\" height=\"444\" class=\"alignnone size-full wp-image-2429\" srcset=\"https:\/\/so-global.com\/wp-content\/uploads\/2015\/09\/5.jpg 640w, https:\/\/so-global.com\/wp-content\/uploads\/2015\/09\/5-150x150.jpg 150w, https:\/\/so-global.com\/wp-content\/uploads\/2015\/09\/5-300x300.jpg 300w\" sizes=\"(max-width: 444px) 100vw, 444px\" \/>\r\n<img loading=\"lazy\" src=\"\/wp-content\/uploads\/2015\/09\/6.jpg\" alt=\"6\" width=\"444\" height=\"444\" class=\"alignnone size-full wp-image-2430\" srcset=\"https:\/\/so-global.com\/wp-content\/uploads\/2015\/09\/6.jpg 640w, https:\/\/so-global.com\/wp-content\/uploads\/2015\/09\/6-150x150.jpg 150w, https:\/\/so-global.com\/wp-content\/uploads\/2015\/09\/6-300x300.jpg 300w\" sizes=\"(max-width: 444px) 100vw, 444px\" \/>\r\n<img loading=\"lazy\" src=\"\/wp-content\/uploads\/2015\/09\/7.jpg\" alt=\"7\" width=\"444\" height=\"444\" class=\"alignnone size-full wp-image-2431\" srcset=\"https:\/\/so-global.com\/wp-content\/uploads\/2015\/09\/7.jpg 640w, https:\/\/so-global.com\/wp-content\/uploads\/2015\/09\/7-150x150.jpg 150w, https:\/\/so-global.com\/wp-content\/uploads\/2015\/09\/7-300x300.jpg 300w\" sizes=\"(max-width: 444px) 100vw, 444px\" \/>\r\n<\/div>\r\n<\/div>\r\n<div class=\"intro-text-container\">\r\n<p style=\"text-align: justify;\"><b>Notre m\u00e9tier :<\/b>\u00a0leader du march\u00e9 depuis 2012, nous prenons\u00a0en charge, au service de\u00a0l\u2019agence de s\u00e9curit\u00e9 maritime de Djibouti (DMSS), \u00a0les \u00e9quipes priv\u00e9es de protection des navires (EPPN) pour g\u00e9rer l&rsquo;ensemble de leurs activit\u00e9s jusqu&rsquo;\u00e0 leur\u00a0embarquement en haute mer aux points de passage cl\u00e9s de la zone internationale de piraterie mer rouge \/ oc\u00e9an indien.<\/p>\r\n\r\n<p style=\"text-align: justify;\"><b><br \/>Nos services : <\/b>accueil \u00e0 l\u2019a\u00e9roport, r\u00e9servation d\u2019h\u00f4tels, visa et transfert au port, stockage s\u00e9curis\u00e9 des \u00e9quipements \u00e0 terre et en mer, h\u00e9bergement et restauration des EPPN \u00e0 bord de nos Navires de Soutien Op\u00e9rationnel (NSO), transbordement (transit) en pleine mer et 24\/7 vers et depuis les navires \u00e0 prot\u00e9ger.\u00a0<\/p>\r\n\r\n<p><b><br \/>Notre valeur ajout\u00e9e :<\/b><\/p><ul><li>Ensemble des op\u00e9rations sous le contr\u00f4le direct de\u00a0l\u2019agence de s\u00e9curit\u00e9 maritime de Djibouti<\/li><li>L&rsquo;armement comme les \u00e9quipements sensibles restent en tout temps et en tout lieu contr\u00f4l\u00e9s par les autorit\u00e9s djiboutiennes<\/li><li>Deux centres d&rsquo;op\u00e9rations bas\u00e9s \u00e0 Dubai (\u00c9mirats Arabes Unis) et \u00e0 Djibouti<\/li><li style=\"text-align: justify;\">Navires de Soutien Op\u00e9rationnel et dispositif d&rsquo;ensemble disposant du seul cadre juridique reconnu dans cette profession (<a href=\"https:\/\/www.gov.uk\/guidance\/trade-control-licences-for-brokering\" target=\"_blank\">licences d&rsquo;exportation britanniques<\/a>\u00a0notamment pour l&rsquo;activit\u00e9 en haute mer).<\/li><\/ul><\/div><\/div><\/div>\r\n<div id=\"part2\" class=\"infographic-container\">\r\n<img loading=\"lazy\" class=\"alignnone wp-image-2974\" src=\"\/wp-content\/uploads\/2016\/03\/logistics-infographic1-fr.jpg\" width=\"585\" height=\"778\" srcset=\"https:\/\/so-global.com\/wp-content\/uploads\/2016\/03\/logistics-infographic1-fr.jpg 1142w, https:\/\/so-global.com\/wp-content\/uploads\/2016\/03\/logistics-infographic1-fr-226x300.jpg 226w, https:\/\/so-global.com\/wp-content\/uploads\/2016\/03\/logistics-infographic1-fr-768x1022.jpg 768w, https:\/\/so-global.com\/wp-content\/uploads\/2016\/03\/logistics-infographic1-fr-770x1024.jpg 770w\" sizes=\"(max-width: 585px) 100vw, 585px\" \/><img loading=\"lazy\" class=\"alignnone wp-image-2976\" src=\"\/wp-content\/uploads\/2016\/04\/logistics-infographic2-fr-768x1022.png\" width=\"585\" height=\"778\" \/><br \/><br \/><br \/>\r\n<\/div>\r\n\r\n<div id=\"part3\" class=\"table-like-content\">\r\n                        <div class=\"red-panel\">\r\n                            <h2>UNE OFFRE DE SERVICES COMPL\u00c8TE\u00a0SOUS LE CONTR\u00d4LE DE L&rsquo;AGENCE DE S\u00c9CURIT\u00c9 MARITIME DE DJIBOUTI<\/h2>\r\n                        <\/div>\r\n                        <div class=\"schema-container\">\r\n<img loading=\"lazy\" src=\"\/wp-content\/uploads\/2016\/04\/Appui-log-en-mer.png\" alt=\"logistics-scheme\" width=\"1170\" height=\"530\" class=\"alignnone size-full wp-image-2008\" \/>\r\n                            <article class=\"logistics-legend\">\r\n                             <br \/>    <span class=\"number-container\">1<\/span>\r\n                                <div class=\"list\">\r\n                                    <h5>CENTRES D&rsquo;OP\u00c9RATIONS SOVEREIGN GLOBAL<\/h5>\r\n                                    <ul>\r\n                                        <li>Accueil \u00e0 l\u2019a\u00e9roport, r\u00e9servation d\u2019h\u00f4tels, visa et transfert au port des EPPN<\/li>\r\n                                        <li>Stockage de l&rsquo;armement et des \u00e9quipements sensibles sous contr\u00f4le de l&rsquo;Etat djiboutien<\/li>\r\n                                        <li>Gestion de la flotte<\/li>\r\n                                    <\/ul>\r\n                                    <div class=\"image-cover\">\r\n<img loading=\"lazy\" src=\"\/wp-content\/uploads\/2015\/09\/operation-centres-1.jpg\" alt=\"operation-centres\" width=\"640\" height=\"640\" class=\"alignnone size-full wp-image-3772\" srcset=\"https:\/\/so-global.com\/wp-content\/uploads\/2015\/09\/operation-centres-1.jpg 640w, https:\/\/so-global.com\/wp-content\/uploads\/2015\/09\/operation-centres-1-150x150.jpg 150w, https:\/\/so-global.com\/wp-content\/uploads\/2015\/09\/operation-centres-1-300x300.jpg 300w\" sizes=\"(max-width: 640px) 100vw, 640px\" \/>\r\n                                        <span>1. CENTRES D&rsquo;OP\u00c9RATIONS SOVEREIGN GLOBAL<\/span>    <\/div>\r\n                                <\/div>\r\n                            <\/article>\r\n                            <article class=\"logistics-legend\">\r\n                                <span class=\"number-container\">2<\/span>\r\n                                <div class=\"list\">\r\n                                    <h5>Navettes\u00a0hebdomadaires<\/h5>\r\n                                    <ul>\r\n                                        <li>2 navettes par semaine entre les NSO, Djibouti ou Duba\u00ef<\/li>\r\n                                        <li>Agents DMSS \u00e0 bord<\/li>\r\n                                    <\/ul>\r\n                                    <div class=\"image-cover\">\r\n<img loading=\"lazy\" src=\"\/wp-content\/uploads\/2015\/09\/1.jpg\" alt=\"1\" width=\"389\" height=\"389\" class=\"alignnone size-full wp-image-2425\" srcset=\"https:\/\/so-global.com\/wp-content\/uploads\/2015\/09\/1.jpg 640w, https:\/\/so-global.com\/wp-content\/uploads\/2015\/09\/1-150x150.jpg 150w, https:\/\/so-global.com\/wp-content\/uploads\/2015\/09\/1-300x300.jpg 300w\" sizes=\"(max-width: 389px) 100vw, 389px\" \/>\r\n                                        <span>2.\u00a0NAVETTES HEBDOMADAIRES<\/span>    <\/div>\r\n                                <\/div>\r\n                            <\/article>\r\n                            <article class=\"logistics-legend\">\r\n                                <span class=\"number-container\">3<\/span>\r\n                                <div class=\"list\">\r\n                                    <h5>NAVIRES DE SOUTIEN OP\u00c9RATIONNEL<\/h5>\r\n                                    <ul>\r\n                                        <li>Restauration et h\u00e9bergement (salle de sport, sauna&#8230;)<\/li>\r\n                                        <li>Stockage de l&rsquo;armement et des \u00e9quipements sensibles sous contr\u00f4le de DMSS<\/li>\r\n                                        <li>Internet (VSAT)\u00a0et TV par satellite<\/li>\r\n                                        <li>Agents DMSS \u00e0 bord<\/li>\r\n                                        <li>Transfers du NSO au navire \u00e0 prot\u00e9ger<\/li>\r\n                                    <\/ul>\r\n                                    <div class=\"image-cover\">\r\n<img loading=\"lazy\" src=\"\/wp-content\/uploads\/2015\/09\/operational-support-vessel.jpg\" alt=\"operational-support-vessel\" width=\"389\" height=\"389\" class=\"alignnone size-full wp-image-2471\" srcset=\"https:\/\/so-global.com\/wp-content\/uploads\/2015\/09\/operational-support-vessel.jpg 640w, https:\/\/so-global.com\/wp-content\/uploads\/2015\/09\/operational-support-vessel-150x150.jpg 150w, https:\/\/so-global.com\/wp-content\/uploads\/2015\/09\/operational-support-vessel-300x300.jpg 300w\" sizes=\"(max-width: 389px) 100vw, 389px\" \/>\r\n                                        <span>3.\u00a0NAVIRES DE SOUTIEN OP\u00c9RATIONNEL<\/span>    <\/div>\r\n                                <\/div>\r\n                            <\/article>\r\n                        <\/div>\r\n                    <\/div>","protected":false},"excerpt":{"rendered":"SERVICES D&rsquo;APPUI\u00a0LOGISTIQUE EN MER POUR LA SECURITE MARITIME Notre m\u00e9tier :\u00a0leader du march\u00e9 depuis 2012, nous prenons\u00a0en charge, au service de\u00a0l\u2019agence de s\u00e9curit\u00e9 maritime de Djibouti (DMSS), \u00a0les \u00e9quipes priv\u00e9es de protection des navires (EPPN) pour g\u00e9rer l&rsquo;ensemble de leurs activit\u00e9s jusqu&rsquo;\u00e0 leur\u00a0embarquement en haute mer aux points de passage cl\u00e9s de la zone internationale &hellip; <a href=\"https:\/\/so-global.com\/fr\/maritime-services\/offshore-support-services\/\" class=\"more-link\">Continue reading <span class=\"screen-reader-text\">Appui logistique en mer<\/span><\/a>","protected":false},"author":1,"featured_media":0,"parent":2770,"menu_order":0,"comment_status":"closed","ping_status":"closed","template":"","meta":[],"yoast_head":"<!-- This site is optimized with the Yoast SEO plugin v16.9 - https:\/\/yoast.com\/wordpress\/plugins\/seo\/ -->\n<title>Appui logistique en mer - Maritime Training &amp; Sea Security | Sovereign Global<\/title>\n<meta name=\"robots\" content=\"noindex, follow, max-snippet:-1, max-image-preview:large, max-video-preview:-1\" \/>\n<meta property=\"og:locale\" content=\"fr_FR\" \/>\n<meta property=\"og:type\" content=\"article\" \/>\n<meta property=\"og:title\" content=\"Appui logistique en mer - Maritime Training &amp; Sea Security | Sovereign Global\" \/>\n<meta property=\"og:description\" content=\"SERVICES D&rsquo;APPUI\u00a0LOGISTIQUE EN MER POUR LA SECURITE MARITIME Notre m\u00e9tier :\u00a0leader du march\u00e9 depuis 2012, nous prenons\u00a0en charge, au service de\u00a0l\u2019agence de s\u00e9curit\u00e9 maritime de Djibouti (DMSS), \u00a0les \u00e9quipes priv\u00e9es de protection des navires (EPPN) pour g\u00e9rer l&rsquo;ensemble de leurs activit\u00e9s jusqu&rsquo;\u00e0 leur\u00a0embarquement en haute mer aux points de passage cl\u00e9s de la zone internationale &hellip; Continue reading Appui logistique en mer\" \/>\n<meta property=\"og:url\" content=\"https:\/\/so-global.com\/fr\/maritime-services\/offshore-support-services\/\" \/>\n<meta property=\"og:site_name\" content=\"Maritime Training &amp; Sea Security | Sovereign Global\" \/>\n<meta property=\"article:modified_time\" content=\"2017-04-28T14:35:19+00:00\" \/>\n<meta property=\"og:image\" content=\"https:\/\/so-global.com\/wp-content\/uploads\/2015\/09\/1.jpg\" \/>\n<meta name=\"twitter:card\" content=\"summary\" \/>\n<meta name=\"twitter:label1\" content=\"Dur\u00e9e de lecture est.\" \/>\n\t<meta name=\"twitter:data1\" content=\"2 minutes\" \/>\n<script type=\"application\/ld+json\" class=\"yoast-schema-graph\">{\"@context\":\"https:\/\/schema.org\",\"@graph\":[{\"@type\":\"WebSite\",\"@id\":\"https:\/\/so-global.com\/#website\",\"url\":\"https:\/\/so-global.com\/\",\"name\":\"Maritime Training &amp; Sea Security | Sovereign Global\",\"description\":\"Sovereign\",\"potentialAction\":[{\"@type\":\"SearchAction\",\"target\":{\"@type\":\"EntryPoint\",\"urlTemplate\":\"https:\/\/so-global.com\/?s={search_term_string}\"},\"query-input\":\"required name=search_term_string\"}],\"inLanguage\":\"fr-FR\"},{\"@type\":\"ImageObject\",\"@id\":\"https:\/\/so-global.com\/fr\/maritime-services\/offshore-support-services\/#primaryimage\",\"inLanguage\":\"fr-FR\",\"url\":\"\/wp-content\/uploads\/2015\/09\/1.jpg\",\"contentUrl\":\"\/wp-content\/uploads\/2015\/09\/1.jpg\"},{\"@type\":\"WebPage\",\"@id\":\"https:\/\/so-global.com\/fr\/maritime-services\/offshore-support-services\/#webpage\",\"url\":\"https:\/\/so-global.com\/fr\/maritime-services\/offshore-support-services\/\",\"name\":\"Appui logistique en mer - Maritime Training &amp; Sea Security | Sovereign Global\",\"isPartOf\":{\"@id\":\"https:\/\/so-global.com\/#website\"},\"primaryImageOfPage\":{\"@id\":\"https:\/\/so-global.com\/fr\/maritime-services\/offshore-support-services\/#primaryimage\"},\"datePublished\":\"2016-03-01T10:53:42+00:00\",\"dateModified\":\"2017-04-28T14:35:19+00:00\",\"breadcrumb\":{\"@id\":\"https:\/\/so-global.com\/fr\/maritime-services\/offshore-support-services\/#breadcrumb\"},\"inLanguage\":\"fr-FR\",\"potentialAction\":[{\"@type\":\"ReadAction\",\"target\":[\"https:\/\/so-global.com\/fr\/maritime-services\/offshore-support-services\/\"]}]},{\"@type\":\"BreadcrumbList\",\"@id\":\"https:\/\/so-global.com\/fr\/maritime-services\/offshore-support-services\/#breadcrumb\",\"itemListElement\":[{\"@type\":\"ListItem\",\"position\":1,\"name\":\"Home\",\"item\":\"https:\/\/so-global.com\/\"},{\"@type\":\"ListItem\",\"position\":2,\"name\":\"Services Maritimes\",\"item\":\"https:\/\/so-global.com\/fr\/maritime-services\/\"},{\"@type\":\"ListItem\",\"position\":3,\"name\":\"Appui logistique en mer\"}]}]}<\/script>\n<!-- \/ Yoast SEO plugin. -->","yoast_head_json":{"title":"Appui logistique en mer - Maritime Training &amp; Sea Security | Sovereign Global","robots":{"index":"noindex","follow":"follow","max-snippet":"max-snippet:-1","max-image-preview":"max-image-preview:large","max-video-preview":"max-video-preview:-1"},"og_locale":"fr_FR","og_type":"article","og_title":"Appui logistique en mer - Maritime Training &amp; Sea Security | Sovereign Global","og_description":"SERVICES D&rsquo;APPUI\u00a0LOGISTIQUE EN MER POUR LA SECURITE MARITIME Notre m\u00e9tier :\u00a0leader du march\u00e9 depuis 2012, nous prenons\u00a0en charge, au service de\u00a0l\u2019agence de s\u00e9curit\u00e9 maritime de Djibouti (DMSS), \u00a0les \u00e9quipes priv\u00e9es de protection des navires (EPPN) pour g\u00e9rer l&rsquo;ensemble de leurs activit\u00e9s jusqu&rsquo;\u00e0 leur\u00a0embarquement en haute mer aux points de passage cl\u00e9s de la zone internationale &hellip; Continue reading Appui logistique en mer","og_url":"https:\/\/so-global.com\/fr\/maritime-services\/offshore-support-services\/","og_site_name":"Maritime Training &amp; Sea Security | Sovereign Global","article_modified_time":"2017-04-28T14:35:19+00:00","og_image":[{"url":"https:\/\/so-global.com\/wp-content\/uploads\/2015\/09\/1.jpg"}],"twitter_card":"summary","twitter_misc":{"Dur\u00e9e de lecture est.":"2 minutes"},"schema":{"@context":"https:\/\/schema.org","@graph":[{"@type":"WebSite","@id":"https:\/\/so-global.com\/#website","url":"https:\/\/so-global.com\/","name":"Maritime Training &amp; Sea Security | Sovereign Global","description":"Sovereign","potentialAction":[{"@type":"SearchAction","target":{"@type":"EntryPoint","urlTemplate":"https:\/\/so-global.com\/?s={search_term_string}"},"query-input":"required name=search_term_string"}],"inLanguage":"fr-FR"},{"@type":"ImageObject","@id":"https:\/\/so-global.com\/fr\/maritime-services\/offshore-support-services\/#primaryimage","inLanguage":"fr-FR","url":"\/wp-content\/uploads\/2015\/09\/1.jpg","contentUrl":"\/wp-content\/uploads\/2015\/09\/1.jpg"},{"@type":"WebPage","@id":"https:\/\/so-global.com\/fr\/maritime-services\/offshore-support-services\/#webpage","url":"https:\/\/so-global.com\/fr\/maritime-services\/offshore-support-services\/","name":"Appui logistique en mer - Maritime Training &amp; Sea Security | Sovereign Global","isPartOf":{"@id":"https:\/\/so-global.com\/#website"},"primaryImageOfPage":{"@id":"https:\/\/so-global.com\/fr\/maritime-services\/offshore-support-services\/#primaryimage"},"datePublished":"2016-03-01T10:53:42+00:00","dateModified":"2017-04-28T14:35:19+00:00","breadcrumb":{"@id":"https:\/\/so-global.com\/fr\/maritime-services\/offshore-support-services\/#breadcrumb"},"inLanguage":"fr-FR","potentialAction":[{"@type":"ReadAction","target":["https:\/\/so-global.com\/fr\/maritime-services\/offshore-support-services\/"]}]},{"@type":"BreadcrumbList","@id":"https:\/\/so-global.com\/fr\/maritime-services\/offshore-support-services\/#breadcrumb","itemListElement":[{"@type":"ListItem","position":1,"name":"Home","item":"https:\/\/so-global.com\/"},{"@type":"ListItem","position":2,"name":"Services Maritimes","item":"https:\/\/so-global.com\/fr\/maritime-services\/"},{"@type":"ListItem","position":3,"name":"Appui logistique en mer"}]}]}},"_links":{"self":[{"href":"https:\/\/so-global.com\/fr\/wp-json\/wp\/v2\/pages\/2779"}],"collection":[{"href":"https:\/\/so-global.com\/fr\/wp-json\/wp\/v2\/pages"}],"about":[{"href":"https:\/\/so-global.com\/fr\/wp-json\/wp\/v2\/types\/page"}],"author":[{"embeddable":true,"href":"https:\/\/so-global.com\/fr\/wp-json\/wp\/v2\/users\/1"}],"replies":[{"embeddable":true,"href":"https:\/\/so-global.com\/fr\/wp-json\/wp\/v2\/comments?post=2779"}],"version-history":[{"count":23,"href":"https:\/\/so-global.com\/fr\/wp-json\/wp\/v2\/pages\/2779\/revisions"}],"predecessor-version":[{"id":4120,"href":"https:\/\/so-global.com\/fr\/wp-json\/wp\/v2\/pages\/2779\/revisions\/4120"}],"up":[{"embeddable":true,"href":"https:\/\/so-global.com\/fr\/wp-json\/wp\/v2\/pages\/2770"}],"wp:attachment":[{"href":"https:\/\/so-global.com\/fr\/wp-json\/wp\/v2\/media?parent=2779"}],"curies":[{"name":"wp","href":"https:\/\/api.w.org\/{rel}","templated":true}]}}