{"id":2773,"date":"2016-03-01T11:50:21","date_gmt":"2016-03-01T10:50:21","guid":{"rendered":"http:\/\/sovereign.wpstaging.alert.com.mt\/fr\/?page_id=2773"},"modified":"2017-01-25T08:30:28","modified_gmt":"2017-01-25T07:30:28","slug":"peacebuilding","status":"publish","type":"page","link":"https:\/\/so-global.com\/fr\/peacebuilding\/","title":{"rendered":"Maintien de la paix"},"content":{"rendered":"<p style=\"text-align: left;\"><b><br \/><\/b>Premier op\u00e9rateur priv\u00e9\u00a0de services aux Etats, nous proposons \u00e0 nos clients des solutions cl\u00e9 en main et \u00e0 budget maitris\u00e9 dans trois domaines:<br \/><br \/><\/p>\r\n\r\n<p><img loading=\"lazy\" src=\"\/wp-content\/uploads\/2016\/01\/bullet.png\" alt=\"bullet\" width=\"16\" height=\"9\" class=\"alignnone size-full wp-image-2120\" \/>\r\n<\/p><p class=\"homebanner_p\">G\u00e9n\u00e9ration de forces, formation et \u00e9quipement<br \/><br \/><\/p><p>\r\n<\/p><p><img loading=\"lazy\" src=\"\/wp-content\/uploads\/2016\/01\/bullet.png\" alt=\"bullet\" width=\"16\" height=\"9\" class=\"alignnone size-full wp-image-2120\" \/>\r\n<\/p><p class=\"homebanner_p\">Programmes de formation C-IED\/EOD<br \/><br \/><\/p><p>\r\n<\/p><p><img loading=\"lazy\" src=\"\/wp-content\/uploads\/2016\/01\/bullet.png\" alt=\"bullet\" width=\"16\" height=\"9\" class=\"alignnone size-full wp-image-2120\" \/>\r\n<\/p><p class=\"homebanner_p\">Renforcement des capacit\u00e9s m\u00e9dicales<br \/><br \/><\/p><p>\r\n\r\n<\/p><p>Sovereign Global a mis au point un mod\u00e8le unique pour renforcer la participation des pays contributeurs aux op\u00e9rations de maintien de la paix de l&rsquo;ONU. Notre exp\u00e9rience dans ce domaine n&rsquo;a pour le moment aucune \u00e9quivalence.<\/p><p>\r\n\r\n<a class=\"intab-button\" href=\"#\">G\u00e9n\u00e9ration de forces ONU<\/a><a class=\"intab-button\" href=\"#\">C-IED\/EOD<\/a><a class=\"intab-button\" href=\"#\">M\u00e9dical<\/a><\/p><p>    <\/p>","protected":false},"excerpt":{"rendered":"Premier op\u00e9rateur priv\u00e9\u00a0de services aux Etats, nous proposons \u00e0 nos clients des solutions cl\u00e9 en main et \u00e0 budget maitris\u00e9 dans trois domaines: G\u00e9n\u00e9ration de forces, formation et \u00e9quipement Programmes de formation C-IED\/EOD Renforcement des capacit\u00e9s m\u00e9dicales Sovereign Global a mis au point un mod\u00e8le unique pour renforcer la participation des pays contributeurs aux op\u00e9rations &hellip; <a href=\"https:\/\/so-global.com\/fr\/peacebuilding\/\" class=\"more-link\">Continue reading <span class=\"screen-reader-text\">Maintien de la paix<\/span><\/a>","protected":false},"author":1,"featured_media":0,"parent":0,"menu_order":0,"comment_status":"closed","ping_status":"closed","template":"","meta":[],"yoast_head":"<!-- This site is optimized with the Yoast SEO plugin v16.9 - https:\/\/yoast.com\/wordpress\/plugins\/seo\/ -->\n<title>Maintien de la paix - Maritime Training &amp; Sea Security | Sovereign Global<\/title>\n<meta name=\"robots\" content=\"noindex, follow, max-snippet:-1, max-image-preview:large, max-video-preview:-1\" \/>\n<meta property=\"og:locale\" content=\"fr_FR\" \/>\n<meta property=\"og:type\" content=\"article\" \/>\n<meta property=\"og:title\" content=\"Maintien de la paix - Maritime Training &amp; Sea Security | Sovereign Global\" \/>\n<meta property=\"og:description\" content=\"Premier op\u00e9rateur priv\u00e9\u00a0de services aux Etats, nous proposons \u00e0 nos clients des solutions cl\u00e9 en main et \u00e0 budget maitris\u00e9 dans trois domaines: G\u00e9n\u00e9ration de forces, formation et \u00e9quipement Programmes de formation C-IED\/EOD Renforcement des capacit\u00e9s m\u00e9dicales Sovereign Global a mis au point un mod\u00e8le unique pour renforcer la participation des pays contributeurs aux op\u00e9rations &hellip; Continue reading Maintien de la paix\" \/>\n<meta property=\"og:url\" content=\"https:\/\/so-global.com\/fr\/peacebuilding\/\" \/>\n<meta property=\"og:site_name\" content=\"Maritime Training &amp; Sea Security | Sovereign Global\" \/>\n<meta property=\"article:modified_time\" content=\"2017-01-25T07:30:28+00:00\" \/>\n<meta property=\"og:image\" content=\"https:\/\/so-global.com\/wp-content\/uploads\/2016\/01\/bullet.png\" \/>\n<meta name=\"twitter:card\" content=\"summary\" \/>\n<script type=\"application\/ld+json\" class=\"yoast-schema-graph\">{\"@context\":\"https:\/\/schema.org\",\"@graph\":[{\"@type\":\"WebSite\",\"@id\":\"https:\/\/so-global.com\/#website\",\"url\":\"https:\/\/so-global.com\/\",\"name\":\"Maritime Training &amp; Sea Security | Sovereign Global\",\"description\":\"Sovereign\",\"potentialAction\":[{\"@type\":\"SearchAction\",\"target\":{\"@type\":\"EntryPoint\",\"urlTemplate\":\"https:\/\/so-global.com\/?s={search_term_string}\"},\"query-input\":\"required name=search_term_string\"}],\"inLanguage\":\"fr-FR\"},{\"@type\":\"ImageObject\",\"@id\":\"https:\/\/so-global.com\/fr\/peacebuilding\/#primaryimage\",\"inLanguage\":\"fr-FR\",\"url\":\"\/wp-content\/uploads\/2016\/01\/bullet.png\",\"contentUrl\":\"\/wp-content\/uploads\/2016\/01\/bullet.png\"},{\"@type\":\"WebPage\",\"@id\":\"https:\/\/so-global.com\/fr\/peacebuilding\/#webpage\",\"url\":\"https:\/\/so-global.com\/fr\/peacebuilding\/\",\"name\":\"Maintien de la paix - Maritime Training &amp; Sea Security | Sovereign Global\",\"isPartOf\":{\"@id\":\"https:\/\/so-global.com\/#website\"},\"primaryImageOfPage\":{\"@id\":\"https:\/\/so-global.com\/fr\/peacebuilding\/#primaryimage\"},\"datePublished\":\"2016-03-01T10:50:21+00:00\",\"dateModified\":\"2017-01-25T07:30:28+00:00\",\"breadcrumb\":{\"@id\":\"https:\/\/so-global.com\/fr\/peacebuilding\/#breadcrumb\"},\"inLanguage\":\"fr-FR\",\"potentialAction\":[{\"@type\":\"ReadAction\",\"target\":[\"https:\/\/so-global.com\/fr\/peacebuilding\/\"]}]},{\"@type\":\"BreadcrumbList\",\"@id\":\"https:\/\/so-global.com\/fr\/peacebuilding\/#breadcrumb\",\"itemListElement\":[{\"@type\":\"ListItem\",\"position\":1,\"name\":\"Home\",\"item\":\"https:\/\/so-global.com\/\"},{\"@type\":\"ListItem\",\"position\":2,\"name\":\"Maintien de la paix\"}]}]}<\/script>\n<!-- \/ Yoast SEO plugin. -->","yoast_head_json":{"title":"Maintien de la paix - Maritime Training &amp; Sea Security | Sovereign Global","robots":{"index":"noindex","follow":"follow","max-snippet":"max-snippet:-1","max-image-preview":"max-image-preview:large","max-video-preview":"max-video-preview:-1"},"og_locale":"fr_FR","og_type":"article","og_title":"Maintien de la paix - Maritime Training &amp; Sea Security | Sovereign Global","og_description":"Premier op\u00e9rateur priv\u00e9\u00a0de services aux Etats, nous proposons \u00e0 nos clients des solutions cl\u00e9 en main et \u00e0 budget maitris\u00e9 dans trois domaines: G\u00e9n\u00e9ration de forces, formation et \u00e9quipement Programmes de formation C-IED\/EOD Renforcement des capacit\u00e9s m\u00e9dicales Sovereign Global a mis au point un mod\u00e8le unique pour renforcer la participation des pays contributeurs aux op\u00e9rations &hellip; Continue reading Maintien de la paix","og_url":"https:\/\/so-global.com\/fr\/peacebuilding\/","og_site_name":"Maritime Training &amp; Sea Security | Sovereign Global","article_modified_time":"2017-01-25T07:30:28+00:00","og_image":[{"url":"https:\/\/so-global.com\/wp-content\/uploads\/2016\/01\/bullet.png"}],"twitter_card":"summary","schema":{"@context":"https:\/\/schema.org","@graph":[{"@type":"WebSite","@id":"https:\/\/so-global.com\/#website","url":"https:\/\/so-global.com\/","name":"Maritime Training &amp; Sea Security | Sovereign Global","description":"Sovereign","potentialAction":[{"@type":"SearchAction","target":{"@type":"EntryPoint","urlTemplate":"https:\/\/so-global.com\/?s={search_term_string}"},"query-input":"required name=search_term_string"}],"inLanguage":"fr-FR"},{"@type":"ImageObject","@id":"https:\/\/so-global.com\/fr\/peacebuilding\/#primaryimage","inLanguage":"fr-FR","url":"\/wp-content\/uploads\/2016\/01\/bullet.png","contentUrl":"\/wp-content\/uploads\/2016\/01\/bullet.png"},{"@type":"WebPage","@id":"https:\/\/so-global.com\/fr\/peacebuilding\/#webpage","url":"https:\/\/so-global.com\/fr\/peacebuilding\/","name":"Maintien de la paix - Maritime Training &amp; Sea Security | Sovereign Global","isPartOf":{"@id":"https:\/\/so-global.com\/#website"},"primaryImageOfPage":{"@id":"https:\/\/so-global.com\/fr\/peacebuilding\/#primaryimage"},"datePublished":"2016-03-01T10:50:21+00:00","dateModified":"2017-01-25T07:30:28+00:00","breadcrumb":{"@id":"https:\/\/so-global.com\/fr\/peacebuilding\/#breadcrumb"},"inLanguage":"fr-FR","potentialAction":[{"@type":"ReadAction","target":["https:\/\/so-global.com\/fr\/peacebuilding\/"]}]},{"@type":"BreadcrumbList","@id":"https:\/\/so-global.com\/fr\/peacebuilding\/#breadcrumb","itemListElement":[{"@type":"ListItem","position":1,"name":"Home","item":"https:\/\/so-global.com\/"},{"@type":"ListItem","position":2,"name":"Maintien de la paix"}]}]}},"_links":{"self":[{"href":"https:\/\/so-global.com\/fr\/wp-json\/wp\/v2\/pages\/2773"}],"collection":[{"href":"https:\/\/so-global.com\/fr\/wp-json\/wp\/v2\/pages"}],"about":[{"href":"https:\/\/so-global.com\/fr\/wp-json\/wp\/v2\/types\/page"}],"author":[{"embeddable":true,"href":"https:\/\/so-global.com\/fr\/wp-json\/wp\/v2\/users\/1"}],"replies":[{"embeddable":true,"href":"https:\/\/so-global.com\/fr\/wp-json\/wp\/v2\/comments?post=2773"}],"version-history":[{"count":5,"href":"https:\/\/so-global.com\/fr\/wp-json\/wp\/v2\/pages\/2773\/revisions"}],"predecessor-version":[{"id":4096,"href":"https:\/\/so-global.com\/fr\/wp-json\/wp\/v2\/pages\/2773\/revisions\/4096"}],"wp:attachment":[{"href":"https:\/\/so-global.com\/fr\/wp-json\/wp\/v2\/media?parent=2773"}],"curies":[{"name":"wp","href":"https:\/\/api.w.org\/{rel}","templated":true}]}}