{"id":2770,"date":"2016-03-01T11:49:20","date_gmt":"2016-03-01T10:49:20","guid":{"rendered":"http:\/\/sovereign.wpstaging.alert.com.mt\/fr\/?page_id=2770"},"modified":"2017-01-25T08:30:18","modified_gmt":"2017-01-25T07:30:18","slug":"maritime-services","status":"publish","type":"page","link":"https:\/\/so-global.com\/fr\/maritime-services\/","title":{"rendered":"Services Maritimes"},"content":{"rendered":"<p style=\"text-align: left;\"><b>\u00a0<\/b><\/p><p>Sovereign Global est depuis 2012 un pionnier de l&rsquo;appui logistique et op\u00e9rationnel au service des Etats en haute mer avec deux activit\u00e9s principales<br \/><br \/><br \/><\/p>\r\n\r\n<p><img loading=\"lazy\" src=\"\/wp-content\/uploads\/2016\/01\/bullet.png\" alt=\"bullet\" width=\"16\" height=\"9\" class=\"alignnone size-full wp-image-2120\" \/>\r\n<\/p><p class=\"homebanner_p\">En partenariat exclusif avec l\u2019agence de s\u00e9curit\u00e9 maritime de Djibouti, Sovereign Global accueille chaque jour plus de 200 membres d\u2019Equipes Priv\u00e9es de Protection des Navires (EPPN) \u00e0 bord de ses plateformes situ\u00e9es aux points d\u2019entr\u00e9e et de sortie de la zone \u00e0 risque Mer Rouge\/Oc\u00e9an Indien.<\/p><p>\r\n\r\n<\/p><p><img loading=\"lazy\" src=\"\/wp-content\/uploads\/2016\/01\/bullet.png\" alt=\"bullet\" width=\"16\" height=\"9\" class=\"alignnone size-full wp-image-2120\" \/>\r\n<\/p><p class=\"homebanner_p\">Sovereign Global affr\u00e8te \u00e9galement pour les Etats des navires de patrouilles multi-missions dans le cadre de la mise en \u0153uvre de solutions compl\u00e8tes pour la mise en \u0153uvre de l\u2019action de l\u2019Etat en mer; Sont \u00e9galement inclus des programmes de formation et la maintenance op\u00e9rationnelle des b\u00e2timents.<\/p><p>\r\n\r\n\r\n<a class=\"intab-button\" href=\"#\">Surveillance maritime<\/a><a class=\"intab-button\" href=\"#\">Appui logistique en mer<\/a><\/p>","protected":false},"excerpt":{"rendered":"\u00a0Sovereign Global est depuis 2012 un pionnier de l&rsquo;appui logistique et op\u00e9rationnel au service des Etats en haute mer avec deux activit\u00e9s principales En partenariat exclusif avec l\u2019agence de s\u00e9curit\u00e9 maritime de Djibouti, Sovereign Global accueille chaque jour plus de 200 membres d\u2019Equipes Priv\u00e9es de Protection des Navires (EPPN) \u00e0 bord de ses plateformes situ\u00e9es &hellip; <a href=\"https:\/\/so-global.com\/fr\/maritime-services\/\" class=\"more-link\">Continue reading <span class=\"screen-reader-text\">Services Maritimes<\/span><\/a>","protected":false},"author":1,"featured_media":0,"parent":0,"menu_order":0,"comment_status":"closed","ping_status":"closed","template":"","meta":[],"yoast_head":"<!-- This site is optimized with the Yoast SEO plugin v16.9 - https:\/\/yoast.com\/wordpress\/plugins\/seo\/ -->\n<title>Services Maritimes - Maritime Training &amp; Sea Security | Sovereign Global<\/title>\n<meta name=\"robots\" content=\"noindex, follow, max-snippet:-1, max-image-preview:large, max-video-preview:-1\" \/>\n<meta property=\"og:locale\" content=\"fr_FR\" \/>\n<meta property=\"og:type\" content=\"article\" \/>\n<meta property=\"og:title\" content=\"Services Maritimes - Maritime Training &amp; Sea Security | Sovereign Global\" \/>\n<meta property=\"og:description\" content=\"\u00a0Sovereign Global est depuis 2012 un pionnier de l&rsquo;appui logistique et op\u00e9rationnel au service des Etats en haute mer avec deux activit\u00e9s principales En partenariat exclusif avec l\u2019agence de s\u00e9curit\u00e9 maritime de Djibouti, Sovereign Global accueille chaque jour plus de 200 membres d\u2019Equipes Priv\u00e9es de Protection des Navires (EPPN) \u00e0 bord de ses plateformes situ\u00e9es &hellip; Continue reading Services Maritimes\" \/>\n<meta property=\"og:url\" content=\"https:\/\/so-global.com\/fr\/maritime-services\/\" \/>\n<meta property=\"og:site_name\" content=\"Maritime Training &amp; Sea Security | Sovereign Global\" \/>\n<meta property=\"article:modified_time\" content=\"2017-01-25T07:30:18+00:00\" \/>\n<meta property=\"og:image\" content=\"https:\/\/so-global.com\/wp-content\/uploads\/2016\/01\/bullet.png\" \/>\n<meta name=\"twitter:card\" content=\"summary\" \/>\n<meta name=\"twitter:label1\" content=\"Dur\u00e9e de lecture est.\" \/>\n\t<meta name=\"twitter:data1\" content=\"1 minute\" \/>\n<script type=\"application\/ld+json\" class=\"yoast-schema-graph\">{\"@context\":\"https:\/\/schema.org\",\"@graph\":[{\"@type\":\"WebSite\",\"@id\":\"https:\/\/so-global.com\/#website\",\"url\":\"https:\/\/so-global.com\/\",\"name\":\"Maritime Training &amp; Sea Security | Sovereign Global\",\"description\":\"Sovereign\",\"potentialAction\":[{\"@type\":\"SearchAction\",\"target\":{\"@type\":\"EntryPoint\",\"urlTemplate\":\"https:\/\/so-global.com\/?s={search_term_string}\"},\"query-input\":\"required name=search_term_string\"}],\"inLanguage\":\"fr-FR\"},{\"@type\":\"ImageObject\",\"@id\":\"https:\/\/so-global.com\/fr\/maritime-services\/#primaryimage\",\"inLanguage\":\"fr-FR\",\"url\":\"\/wp-content\/uploads\/2016\/01\/bullet.png\",\"contentUrl\":\"\/wp-content\/uploads\/2016\/01\/bullet.png\"},{\"@type\":\"WebPage\",\"@id\":\"https:\/\/so-global.com\/fr\/maritime-services\/#webpage\",\"url\":\"https:\/\/so-global.com\/fr\/maritime-services\/\",\"name\":\"Services Maritimes - Maritime Training &amp; Sea Security | Sovereign Global\",\"isPartOf\":{\"@id\":\"https:\/\/so-global.com\/#website\"},\"primaryImageOfPage\":{\"@id\":\"https:\/\/so-global.com\/fr\/maritime-services\/#primaryimage\"},\"datePublished\":\"2016-03-01T10:49:20+00:00\",\"dateModified\":\"2017-01-25T07:30:18+00:00\",\"breadcrumb\":{\"@id\":\"https:\/\/so-global.com\/fr\/maritime-services\/#breadcrumb\"},\"inLanguage\":\"fr-FR\",\"potentialAction\":[{\"@type\":\"ReadAction\",\"target\":[\"https:\/\/so-global.com\/fr\/maritime-services\/\"]}]},{\"@type\":\"BreadcrumbList\",\"@id\":\"https:\/\/so-global.com\/fr\/maritime-services\/#breadcrumb\",\"itemListElement\":[{\"@type\":\"ListItem\",\"position\":1,\"name\":\"Home\",\"item\":\"https:\/\/so-global.com\/\"},{\"@type\":\"ListItem\",\"position\":2,\"name\":\"Services Maritimes\"}]}]}<\/script>\n<!-- \/ Yoast SEO plugin. -->","yoast_head_json":{"title":"Services Maritimes - Maritime Training &amp; Sea Security | Sovereign Global","robots":{"index":"noindex","follow":"follow","max-snippet":"max-snippet:-1","max-image-preview":"max-image-preview:large","max-video-preview":"max-video-preview:-1"},"og_locale":"fr_FR","og_type":"article","og_title":"Services Maritimes - Maritime Training &amp; Sea Security | Sovereign Global","og_description":"\u00a0Sovereign Global est depuis 2012 un pionnier de l&rsquo;appui logistique et op\u00e9rationnel au service des Etats en haute mer avec deux activit\u00e9s principales En partenariat exclusif avec l\u2019agence de s\u00e9curit\u00e9 maritime de Djibouti, Sovereign Global accueille chaque jour plus de 200 membres d\u2019Equipes Priv\u00e9es de Protection des Navires (EPPN) \u00e0 bord de ses plateformes situ\u00e9es &hellip; Continue reading Services Maritimes","og_url":"https:\/\/so-global.com\/fr\/maritime-services\/","og_site_name":"Maritime Training &amp; Sea Security | Sovereign Global","article_modified_time":"2017-01-25T07:30:18+00:00","og_image":[{"url":"https:\/\/so-global.com\/wp-content\/uploads\/2016\/01\/bullet.png"}],"twitter_card":"summary","twitter_misc":{"Dur\u00e9e de lecture est.":"1 minute"},"schema":{"@context":"https:\/\/schema.org","@graph":[{"@type":"WebSite","@id":"https:\/\/so-global.com\/#website","url":"https:\/\/so-global.com\/","name":"Maritime Training &amp; Sea Security | Sovereign Global","description":"Sovereign","potentialAction":[{"@type":"SearchAction","target":{"@type":"EntryPoint","urlTemplate":"https:\/\/so-global.com\/?s={search_term_string}"},"query-input":"required name=search_term_string"}],"inLanguage":"fr-FR"},{"@type":"ImageObject","@id":"https:\/\/so-global.com\/fr\/maritime-services\/#primaryimage","inLanguage":"fr-FR","url":"\/wp-content\/uploads\/2016\/01\/bullet.png","contentUrl":"\/wp-content\/uploads\/2016\/01\/bullet.png"},{"@type":"WebPage","@id":"https:\/\/so-global.com\/fr\/maritime-services\/#webpage","url":"https:\/\/so-global.com\/fr\/maritime-services\/","name":"Services Maritimes - Maritime Training &amp; Sea Security | Sovereign Global","isPartOf":{"@id":"https:\/\/so-global.com\/#website"},"primaryImageOfPage":{"@id":"https:\/\/so-global.com\/fr\/maritime-services\/#primaryimage"},"datePublished":"2016-03-01T10:49:20+00:00","dateModified":"2017-01-25T07:30:18+00:00","breadcrumb":{"@id":"https:\/\/so-global.com\/fr\/maritime-services\/#breadcrumb"},"inLanguage":"fr-FR","potentialAction":[{"@type":"ReadAction","target":["https:\/\/so-global.com\/fr\/maritime-services\/"]}]},{"@type":"BreadcrumbList","@id":"https:\/\/so-global.com\/fr\/maritime-services\/#breadcrumb","itemListElement":[{"@type":"ListItem","position":1,"name":"Home","item":"https:\/\/so-global.com\/"},{"@type":"ListItem","position":2,"name":"Services Maritimes"}]}]}},"_links":{"self":[{"href":"https:\/\/so-global.com\/fr\/wp-json\/wp\/v2\/pages\/2770"}],"collection":[{"href":"https:\/\/so-global.com\/fr\/wp-json\/wp\/v2\/pages"}],"about":[{"href":"https:\/\/so-global.com\/fr\/wp-json\/wp\/v2\/types\/page"}],"author":[{"embeddable":true,"href":"https:\/\/so-global.com\/fr\/wp-json\/wp\/v2\/users\/1"}],"replies":[{"embeddable":true,"href":"https:\/\/so-global.com\/fr\/wp-json\/wp\/v2\/comments?post=2770"}],"version-history":[{"count":8,"href":"https:\/\/so-global.com\/fr\/wp-json\/wp\/v2\/pages\/2770\/revisions"}],"predecessor-version":[{"id":4095,"href":"https:\/\/so-global.com\/fr\/wp-json\/wp\/v2\/pages\/2770\/revisions\/4095"}],"wp:attachment":[{"href":"https:\/\/so-global.com\/fr\/wp-json\/wp\/v2\/media?parent=2770"}],"curies":[{"name":"wp","href":"https:\/\/api.w.org\/{rel}","templated":true}]}}