{"id":2767,"date":"2016-03-01T11:21:05","date_gmt":"2016-03-01T10:21:05","guid":{"rendered":"http:\/\/sovereign.wpstaging.alert.com.mt\/fr\/?page_id=2767"},"modified":"2021-09-13T11:24:34","modified_gmt":"2021-09-13T09:24:34","slug":"management","status":"publish","type":"page","link":"https:\/\/so-global.com\/fr\/management\/","title":{"rendered":"Management"},"content":{"rendered":"<div id=\"part1\">\n<div class=\"profiles-container\">\n<div class=\"prominent\">\n<article class=\"profile\">\n<h3>Bruno Pardigon<\/h3>\n<div class=\"text\"><span class=\"job-title\">Pr\u00e9sident Groupe<\/span>\n<p style=\"text-align: justify;\"><em>Directeur, SG Middle East &amp; SG Djibouti<\/em>\nBruno Pardigon est un expert des probl\u00e9matiques maritimes africaines et de l\u2019appui \u00e0 l\u2019action de l\u2019Etat en mer. Il fonde en 2009 le Groupe Pardigon, premier op\u00e9rateur de services maritimes pour les Etats en Mer Rouge et en Oc\u00e9an Indien, \u00e0 l\u2019origine de la cr\u00e9ation du Groupe Sovereign Global (SG) en 2012 et de sa branche britannique Sovereign Global UK.<\/p>\n\n\n<\/div>\n<a class=\"profile-button\"><\/a>\n\n<\/article>\n<article class=\"profile\">\n<h3>Jerome Paolini<\/h3>\n<div class=\"text\"><span class=\"job-title\"> Pr\u00e9sident Groupe<\/span>\n<p style=\"text-align: justify;\"><em>Pr\u00e9sident, SG France\nDirecteur, SG&nbsp;UK<\/em>\nAncien conseiller minist\u00e9riel, notamment aupr\u00e8s du Premier Ministre francais, J\u00e9r\u00f4me Paolini rejoint le groupe Arianespace, premier op\u00e9rateur europ\u00e9en de lancement de satellites, comme Directeur des relations internationales. Il fonde en 2010 Strike Global Services, \u00e0 l\u2019origine de la cr\u00e9ation du Groupe Sovereign Global (SG) en 2012 et de sa branche fran\u00e7aise Sovereign Global France.<\/p>\n\n\n<\/div>\n<a class=\"profile-button\"><\/a>\n\n<\/article>\n<h4 style=\"text-align: center;\">PRINCIPAUX RESPONSABLES<\/h4>\n<article class=\"profile\">\n<h3>Chris Bowen<\/h3>\n<div class=\"text\"><span class=\"job-title\">Directeur Ethique et Conformit\u00e9 Groupe<\/span>\n<p style=\"text-align: justify;\">Chris justifie d\u2019une brillante carri\u00e8re de plongeur-d\u00e9mineur aupr\u00e8s de la Royal Navy puis dans le secteur priv\u00e9, ayant dirig\u00e9 les projets sp\u00e9ciaux et le d\u00e9partement HSE d\u2019une grande soci\u00e9t\u00e9 priv\u00e9e de s\u00e9curit\u00e9. Il a int\u00e9gr\u00e9 Sovereign Global en 2014 comme directeur Ethique et Conformit\u00e9 du groupe.<\/p>\n\n\n<\/div>\n<a class=\"profile-button\"><\/a>\n\n<\/article>\n<article class=\"profile\">\n<h3>Ronald Kraft<\/h3>\n<div class=\"text\"><span class=\"job-title\">Vice President-Strategic Development&nbsp;<\/span>\n<p style=\"text-align: justify;\">Entrepreneur. Ability to detect and explore new business opportunities. Technology driven or market driven. Like to think &lsquo;Out of the box&rsquo;, exploring unconventional techniques to come to a solution for business problems or market opportunities.<\/p>\n\n\n<\/div>\n<a class=\"profile-button\"><\/a>\n\n<\/article>\n\n<article class=\"profile\">\n<h3>Stephane Harder<\/h3>\n<div class=\"text\"><span class=\"job-title\">Directeur administratif et financier Groupe<\/span>\n<p style=\"text-align: justify;\"><em>PDG, SG Switzerland<\/em>\nSt\u00e9phane Harder a travaill\u00e9 pour plusieurs banques internationales suisses avant de c\u00e9der \u00e0 sa passion et d\u2019entamer une carri\u00e8re d\u2019entrepreneur en cr\u00e9ant le premier club de plong\u00e9e de Djibouti. Il participe \u00e0 la cr\u00e9ation du Groupe Pardigon en 2009 et rejoint Sovereign Global en 2012 comme Directeur Administratif et Financier du Groupe.<\/p>\n\n\n<\/div>\n<a class=\"profile-button\"><\/a>\n\n<\/article>\n<article class=\"profile\">\n<h3>Minttu Lindahl<\/h3>\n<div class=\"text\"><span class=\"job-title\">Managing Director of Maritime Programmes<\/span>\n<p style=\"text-align: justify;\">Minttu started her maritime career in 2006 after several years of experience in business administration and financial management. She served abroad commercial vessels for 8 years worldwide and graduated in 2012 from Finland with a BSc in Maritime Technology as a Master Mariner. Minttu joined Sovereign Global in late 2011 and sailed the Group\u2019s vessels as First Officer and Captain in East and West Africa. In late 2014 she joined the Management Team in Djibouti assuming the responsibility of shipping management as Group Fleet Manager, a role she held for 7 years. Today Minttu is the Group Managing Director responsible for the direction of the Group\u2019s Maritime Programmes.<\/p>\n\n\n<\/div>\n<a class=\"profile-button\"><\/a>\n\n<\/article>\n<article class=\"profile\">\n<h3>Yasser Souremi<\/h3>\n<div class=\"text\"><span class=\"job-title\">Directeur, SG Middle East<\/span>\n<p style=\"text-align: justify;\">Directeur commercial d&rsquo;un grand \u00e9quipementier Est Africain, Yasser entame une carri\u00e8re d&rsquo;entrepreneur dans les ann\u00e9es 2000 en cr\u00e9ant sa propre soci\u00e9t\u00e9 de logistique \u00e0 Dubai. Il compte alors parmi ses clients plusieurs gouvernements et organisations internationales pour lesquels il d\u00e9veloppe des services de transports maritimes et a\u00e9riennes sur mesure. Il rejoint Sovereign Global en 2012.<\/p>\n\n\n<\/div>\n<a class=\"profile-button\"><\/a>\n\n<\/article>\n<article class=\"profile\">\n<h3>Varun Thadhaney<\/h3>\n<div class=\"text\"><span class=\"job-title\">Directeur Informatique et T\u00e9l\u00e9coms Groupe<\/span>\n<p style=\"text-align: justify;\">Fort d\u2019une longue exp\u00e9rience internationale, Varun a \u00e9t\u00e9 chef de projet et responsable informatique pour deux groupes de t\u00e9l\u00e9coms&nbsp;au sein desquels il a d\u00e9velopp\u00e9 des solutions pour l\u2019administration et la s\u00e9curit\u00e9 des syst\u00e8mes et des r\u00e9seaux. Il a int\u00e9gr\u00e9 Sovereign Global en 2013.<\/p>\n\n\n<\/div>\n<a class=\"profile-button\"><\/a>\n\n<\/article>\n\n<\/div>\n<\/div>\n<\/div>","protected":false},"excerpt":{"rendered":"Bruno Pardigon Pr\u00e9sident Groupe Directeur, SG Middle East &amp; SG Djibouti Bruno Pardigon est un expert des probl\u00e9matiques maritimes africaines et de l\u2019appui \u00e0 l\u2019action de l\u2019Etat en mer. Il fonde en 2009 le Groupe Pardigon, premier op\u00e9rateur de services maritimes pour les Etats en Mer Rouge et en Oc\u00e9an Indien, \u00e0 l\u2019origine de la &hellip; <a href=\"https:\/\/so-global.com\/fr\/management\/\" class=\"more-link\">Continue reading <span class=\"screen-reader-text\">Management<\/span><\/a>","protected":false},"author":1,"featured_media":0,"parent":0,"menu_order":0,"comment_status":"closed","ping_status":"closed","template":"","meta":[],"yoast_head":"<!-- This site is optimized with the Yoast SEO plugin v16.9 - https:\/\/yoast.com\/wordpress\/plugins\/seo\/ -->\n<title>Management - Maritime Training &amp; Sea Security | Sovereign Global<\/title>\n<meta name=\"robots\" content=\"noindex, follow, max-snippet:-1, max-image-preview:large, max-video-preview:-1\" \/>\n<meta property=\"og:locale\" content=\"fr_FR\" \/>\n<meta property=\"og:type\" content=\"article\" \/>\n<meta property=\"og:title\" content=\"Management - Maritime Training &amp; Sea Security | Sovereign Global\" \/>\n<meta property=\"og:description\" content=\"Bruno Pardigon Pr\u00e9sident Groupe Directeur, SG Middle East &amp; SG Djibouti Bruno Pardigon est un expert des probl\u00e9matiques maritimes africaines et de l\u2019appui \u00e0 l\u2019action de l\u2019Etat en mer. Il fonde en 2009 le Groupe Pardigon, premier op\u00e9rateur de services maritimes pour les Etats en Mer Rouge et en Oc\u00e9an Indien, \u00e0 l\u2019origine de la &hellip; Continue reading Management\" \/>\n<meta property=\"og:url\" content=\"https:\/\/so-global.com\/fr\/management\/\" \/>\n<meta property=\"og:site_name\" content=\"Maritime Training &amp; Sea Security | Sovereign Global\" \/>\n<meta property=\"article:modified_time\" content=\"2021-09-13T09:24:34+00:00\" \/>\n<meta name=\"twitter:card\" content=\"summary\" \/>\n<meta name=\"twitter:label1\" content=\"Dur\u00e9e de lecture est.\" \/>\n\t<meta name=\"twitter:data1\" content=\"3 minutes\" \/>\n<script type=\"application\/ld+json\" class=\"yoast-schema-graph\">{\"@context\":\"https:\/\/schema.org\",\"@graph\":[{\"@type\":\"WebSite\",\"@id\":\"https:\/\/so-global.com\/#website\",\"url\":\"https:\/\/so-global.com\/\",\"name\":\"Maritime Training &amp; Sea Security | Sovereign Global\",\"description\":\"Sovereign\",\"potentialAction\":[{\"@type\":\"SearchAction\",\"target\":{\"@type\":\"EntryPoint\",\"urlTemplate\":\"https:\/\/so-global.com\/?s={search_term_string}\"},\"query-input\":\"required name=search_term_string\"}],\"inLanguage\":\"fr-FR\"},{\"@type\":\"WebPage\",\"@id\":\"https:\/\/so-global.com\/fr\/management\/#webpage\",\"url\":\"https:\/\/so-global.com\/fr\/management\/\",\"name\":\"Management - Maritime Training &amp; Sea Security | Sovereign Global\",\"isPartOf\":{\"@id\":\"https:\/\/so-global.com\/#website\"},\"datePublished\":\"2016-03-01T10:21:05+00:00\",\"dateModified\":\"2021-09-13T09:24:34+00:00\",\"breadcrumb\":{\"@id\":\"https:\/\/so-global.com\/fr\/management\/#breadcrumb\"},\"inLanguage\":\"fr-FR\",\"potentialAction\":[{\"@type\":\"ReadAction\",\"target\":[\"https:\/\/so-global.com\/fr\/management\/\"]}]},{\"@type\":\"BreadcrumbList\",\"@id\":\"https:\/\/so-global.com\/fr\/management\/#breadcrumb\",\"itemListElement\":[{\"@type\":\"ListItem\",\"position\":1,\"name\":\"Home\",\"item\":\"https:\/\/so-global.com\/\"},{\"@type\":\"ListItem\",\"position\":2,\"name\":\"Management\"}]}]}<\/script>\n<!-- \/ Yoast SEO plugin. -->","yoast_head_json":{"title":"Management - Maritime Training &amp; Sea Security | Sovereign Global","robots":{"index":"noindex","follow":"follow","max-snippet":"max-snippet:-1","max-image-preview":"max-image-preview:large","max-video-preview":"max-video-preview:-1"},"og_locale":"fr_FR","og_type":"article","og_title":"Management - Maritime Training &amp; Sea Security | Sovereign Global","og_description":"Bruno Pardigon Pr\u00e9sident Groupe Directeur, SG Middle East &amp; SG Djibouti Bruno Pardigon est un expert des probl\u00e9matiques maritimes africaines et de l\u2019appui \u00e0 l\u2019action de l\u2019Etat en mer. Il fonde en 2009 le Groupe Pardigon, premier op\u00e9rateur de services maritimes pour les Etats en Mer Rouge et en Oc\u00e9an Indien, \u00e0 l\u2019origine de la &hellip; Continue reading Management","og_url":"https:\/\/so-global.com\/fr\/management\/","og_site_name":"Maritime Training &amp; Sea Security | Sovereign Global","article_modified_time":"2021-09-13T09:24:34+00:00","twitter_card":"summary","twitter_misc":{"Dur\u00e9e de lecture est.":"3 minutes"},"schema":{"@context":"https:\/\/schema.org","@graph":[{"@type":"WebSite","@id":"https:\/\/so-global.com\/#website","url":"https:\/\/so-global.com\/","name":"Maritime Training &amp; Sea Security | Sovereign Global","description":"Sovereign","potentialAction":[{"@type":"SearchAction","target":{"@type":"EntryPoint","urlTemplate":"https:\/\/so-global.com\/?s={search_term_string}"},"query-input":"required name=search_term_string"}],"inLanguage":"fr-FR"},{"@type":"WebPage","@id":"https:\/\/so-global.com\/fr\/management\/#webpage","url":"https:\/\/so-global.com\/fr\/management\/","name":"Management - Maritime Training &amp; Sea Security | Sovereign Global","isPartOf":{"@id":"https:\/\/so-global.com\/#website"},"datePublished":"2016-03-01T10:21:05+00:00","dateModified":"2021-09-13T09:24:34+00:00","breadcrumb":{"@id":"https:\/\/so-global.com\/fr\/management\/#breadcrumb"},"inLanguage":"fr-FR","potentialAction":[{"@type":"ReadAction","target":["https:\/\/so-global.com\/fr\/management\/"]}]},{"@type":"BreadcrumbList","@id":"https:\/\/so-global.com\/fr\/management\/#breadcrumb","itemListElement":[{"@type":"ListItem","position":1,"name":"Home","item":"https:\/\/so-global.com\/"},{"@type":"ListItem","position":2,"name":"Management"}]}]}},"_links":{"self":[{"href":"https:\/\/so-global.com\/fr\/wp-json\/wp\/v2\/pages\/2767"}],"collection":[{"href":"https:\/\/so-global.com\/fr\/wp-json\/wp\/v2\/pages"}],"about":[{"href":"https:\/\/so-global.com\/fr\/wp-json\/wp\/v2\/types\/page"}],"author":[{"embeddable":true,"href":"https:\/\/so-global.com\/fr\/wp-json\/wp\/v2\/users\/1"}],"replies":[{"embeddable":true,"href":"https:\/\/so-global.com\/fr\/wp-json\/wp\/v2\/comments?post=2767"}],"version-history":[{"count":59,"href":"https:\/\/so-global.com\/fr\/wp-json\/wp\/v2\/pages\/2767\/revisions"}],"predecessor-version":[{"id":4624,"href":"https:\/\/so-global.com\/fr\/wp-json\/wp\/v2\/pages\/2767\/revisions\/4624"}],"wp:attachment":[{"href":"https:\/\/so-global.com\/fr\/wp-json\/wp\/v2\/media?parent=2767"}],"curies":[{"name":"wp","href":"https:\/\/api.w.org\/{rel}","templated":true}]}}