{"id":2760,"date":"2016-03-01T10:28:29","date_gmt":"2016-03-01T09:28:29","guid":{"rendered":"http:\/\/sovereign.wpstaging.alert.com.mt\/fr\/?page_id=2760"},"modified":"2016-04-05T14:58:58","modified_gmt":"2016-04-05T12:58:58","slug":"legal","status":"publish","type":"page","link":"https:\/\/so-global.com\/fr\/legal\/","title":{"rendered":"Mentions l\u00e9gales"},"content":{"rendered":"<p><strong>EDITEUR<br \/><\/strong>J\u00e9r\u00f4me Paolini<\/p><p>&nbsp;<\/p>\r\n<p><strong>EMAIL<\/strong><\/p><p><strong><a href=\"http:\/\/contact@so-global.com\">Contactez-nous<\/a><\/strong><\/p><p>&nbsp;<\/p>\r\n<p><strong>ADRESSE<\/strong><\/p><p>Sovereign Global Solutions<\/p><p>15 Half Moon Street<\/p><p>London, W1J 7DZ<\/p><p>Phone : +44 (0)203 4758 240<\/p><p>&nbsp;<\/p>\r\n<p><strong>HEBERGEMENT ET MAINTENANCE<\/strong><\/p><p><span style=\"color: #000000;\">Alert eBusiness Ltd.<\/span><\/p><p>Alert head office<\/p><p>Cannon road<\/p><p>QORMI qrm9030\u2028<\/p><p>Malta<\/p><p>Phone: (+356) 2060 1234\u2028<\/p><p>Fax: (+356)\u00a02149 9185<\/p><p><span><a href=\"http:\/\/www.alert.com.mt\">http:\/\/www.alert.com.mt<\/a><\/span><\/p><p><span>\u00a0<\/span><\/p>\r\n<p><strong>CONTENU IMAGE<br \/><\/strong>Propri\u00e9t\u00e9 de Sovereign Global et shutterstock.com<\/p><p>&nbsp;<\/p>","protected":false},"excerpt":{"rendered":"EDITEURJ\u00e9r\u00f4me Paolini&nbsp; EMAILContactez-nous&nbsp; ADRESSESovereign Global Solutions15 Half Moon StreetLondon, W1J 7DZPhone : +44 (0)203 4758 240&nbsp; HEBERGEMENT ET MAINTENANCEAlert eBusiness Ltd.Alert head officeCannon roadQORMI qrm9030\u2028MaltaPhone: (+356) 2060 1234\u2028Fax: (+356)\u00a02149 9185http:\/\/www.alert.com.mt\u00a0 CONTENU IMAGEPropri\u00e9t\u00e9 de Sovereign Global et shutterstock.com&nbsp;","protected":false},"author":1,"featured_media":0,"parent":0,"menu_order":0,"comment_status":"closed","ping_status":"closed","template":"","meta":[],"yoast_head":"<!-- This site is optimized with the Yoast SEO plugin v16.9 - https:\/\/yoast.com\/wordpress\/plugins\/seo\/ -->\n<title>Mentions l\u00e9gales - Maritime Training &amp; Sea Security | Sovereign Global<\/title>\n<meta name=\"robots\" content=\"noindex, follow, max-snippet:-1, max-image-preview:large, max-video-preview:-1\" \/>\n<meta property=\"og:locale\" content=\"fr_FR\" \/>\n<meta property=\"og:type\" content=\"article\" \/>\n<meta property=\"og:title\" content=\"Mentions l\u00e9gales - Maritime Training &amp; Sea Security | Sovereign Global\" \/>\n<meta property=\"og:description\" content=\"EDITEURJ\u00e9r\u00f4me Paolini&nbsp; EMAILContactez-nous&nbsp; ADRESSESovereign Global Solutions15 Half Moon StreetLondon, W1J 7DZPhone : +44 (0)203 4758 240&nbsp; HEBERGEMENT ET MAINTENANCEAlert eBusiness Ltd.Alert head officeCannon roadQORMI qrm9030\u2028MaltaPhone: (+356) 2060 1234\u2028Fax: (+356)\u00a02149 9185http:\/\/www.alert.com.mt\u00a0 CONTENU IMAGEPropri\u00e9t\u00e9 de Sovereign Global et shutterstock.com&nbsp;\" \/>\n<meta property=\"og:url\" content=\"https:\/\/so-global.com\/fr\/legal\/\" \/>\n<meta property=\"og:site_name\" content=\"Maritime Training &amp; Sea Security | Sovereign Global\" \/>\n<meta property=\"article:modified_time\" content=\"2016-04-05T12:58:58+00:00\" \/>\n<meta name=\"twitter:card\" content=\"summary\" \/>\n<script type=\"application\/ld+json\" class=\"yoast-schema-graph\">{\"@context\":\"https:\/\/schema.org\",\"@graph\":[{\"@type\":\"WebSite\",\"@id\":\"https:\/\/so-global.com\/#website\",\"url\":\"https:\/\/so-global.com\/\",\"name\":\"Maritime Training &amp; Sea Security | Sovereign Global\",\"description\":\"Sovereign\",\"potentialAction\":[{\"@type\":\"SearchAction\",\"target\":{\"@type\":\"EntryPoint\",\"urlTemplate\":\"https:\/\/so-global.com\/?s={search_term_string}\"},\"query-input\":\"required name=search_term_string\"}],\"inLanguage\":\"fr-FR\"},{\"@type\":\"WebPage\",\"@id\":\"https:\/\/so-global.com\/fr\/legal\/#webpage\",\"url\":\"https:\/\/so-global.com\/fr\/legal\/\",\"name\":\"Mentions l\\u00e9gales - Maritime Training &amp; Sea Security | Sovereign Global\",\"isPartOf\":{\"@id\":\"https:\/\/so-global.com\/#website\"},\"datePublished\":\"2016-03-01T09:28:29+00:00\",\"dateModified\":\"2016-04-05T12:58:58+00:00\",\"breadcrumb\":{\"@id\":\"https:\/\/so-global.com\/fr\/legal\/#breadcrumb\"},\"inLanguage\":\"fr-FR\",\"potentialAction\":[{\"@type\":\"ReadAction\",\"target\":[\"https:\/\/so-global.com\/fr\/legal\/\"]}]},{\"@type\":\"BreadcrumbList\",\"@id\":\"https:\/\/so-global.com\/fr\/legal\/#breadcrumb\",\"itemListElement\":[{\"@type\":\"ListItem\",\"position\":1,\"name\":\"Home\",\"item\":\"https:\/\/so-global.com\/\"},{\"@type\":\"ListItem\",\"position\":2,\"name\":\"Mentions l\\u00e9gales\"}]}]}<\/script>\n<!-- \/ Yoast SEO plugin. -->","yoast_head_json":{"title":"Mentions l\u00e9gales - Maritime Training &amp; Sea Security | Sovereign Global","robots":{"index":"noindex","follow":"follow","max-snippet":"max-snippet:-1","max-image-preview":"max-image-preview:large","max-video-preview":"max-video-preview:-1"},"og_locale":"fr_FR","og_type":"article","og_title":"Mentions l\u00e9gales - Maritime Training &amp; Sea Security | Sovereign Global","og_description":"EDITEURJ\u00e9r\u00f4me Paolini&nbsp; EMAILContactez-nous&nbsp; ADRESSESovereign Global Solutions15 Half Moon StreetLondon, W1J 7DZPhone : +44 (0)203 4758 240&nbsp; HEBERGEMENT ET MAINTENANCEAlert eBusiness Ltd.Alert head officeCannon roadQORMI qrm9030\u2028MaltaPhone: (+356) 2060 1234\u2028Fax: (+356)\u00a02149 9185http:\/\/www.alert.com.mt\u00a0 CONTENU IMAGEPropri\u00e9t\u00e9 de Sovereign Global et shutterstock.com&nbsp;","og_url":"https:\/\/so-global.com\/fr\/legal\/","og_site_name":"Maritime Training &amp; Sea Security | Sovereign Global","article_modified_time":"2016-04-05T12:58:58+00:00","twitter_card":"summary","schema":{"@context":"https:\/\/schema.org","@graph":[{"@type":"WebSite","@id":"https:\/\/so-global.com\/#website","url":"https:\/\/so-global.com\/","name":"Maritime Training &amp; Sea Security | Sovereign Global","description":"Sovereign","potentialAction":[{"@type":"SearchAction","target":{"@type":"EntryPoint","urlTemplate":"https:\/\/so-global.com\/?s={search_term_string}"},"query-input":"required name=search_term_string"}],"inLanguage":"fr-FR"},{"@type":"WebPage","@id":"https:\/\/so-global.com\/fr\/legal\/#webpage","url":"https:\/\/so-global.com\/fr\/legal\/","name":"Mentions l\u00e9gales - Maritime Training &amp; Sea Security | Sovereign Global","isPartOf":{"@id":"https:\/\/so-global.com\/#website"},"datePublished":"2016-03-01T09:28:29+00:00","dateModified":"2016-04-05T12:58:58+00:00","breadcrumb":{"@id":"https:\/\/so-global.com\/fr\/legal\/#breadcrumb"},"inLanguage":"fr-FR","potentialAction":[{"@type":"ReadAction","target":["https:\/\/so-global.com\/fr\/legal\/"]}]},{"@type":"BreadcrumbList","@id":"https:\/\/so-global.com\/fr\/legal\/#breadcrumb","itemListElement":[{"@type":"ListItem","position":1,"name":"Home","item":"https:\/\/so-global.com\/"},{"@type":"ListItem","position":2,"name":"Mentions l\u00e9gales"}]}]}},"_links":{"self":[{"href":"https:\/\/so-global.com\/fr\/wp-json\/wp\/v2\/pages\/2760"}],"collection":[{"href":"https:\/\/so-global.com\/fr\/wp-json\/wp\/v2\/pages"}],"about":[{"href":"https:\/\/so-global.com\/fr\/wp-json\/wp\/v2\/types\/page"}],"author":[{"embeddable":true,"href":"https:\/\/so-global.com\/fr\/wp-json\/wp\/v2\/users\/1"}],"replies":[{"embeddable":true,"href":"https:\/\/so-global.com\/fr\/wp-json\/wp\/v2\/comments?post=2760"}],"version-history":[{"count":8,"href":"https:\/\/so-global.com\/fr\/wp-json\/wp\/v2\/pages\/2760\/revisions"}],"predecessor-version":[{"id":3793,"href":"https:\/\/so-global.com\/fr\/wp-json\/wp\/v2\/pages\/2760\/revisions\/3793"}],"wp:attachment":[{"href":"https:\/\/so-global.com\/fr\/wp-json\/wp\/v2\/media?parent=2760"}],"curies":[{"name":"wp","href":"https:\/\/api.w.org\/{rel}","templated":true}]}}