{"id":2702,"date":"2016-02-23T16:12:09","date_gmt":"2016-02-23T15:12:09","guid":{"rendered":"http:\/\/sovereign.wpstaging.alert.com.mt\/fr\/?page_id=2702"},"modified":"2021-09-13T11:03:03","modified_gmt":"2021-09-13T09:03:03","slug":"organisation","status":"publish","type":"page","link":"https:\/\/so-global.com\/fr\/organisation\/","title":{"rendered":"Organisation"},"content":{"rendered":"\n<div class=\"table-like-content organisation\">\n<div>\n<article class=\"organisation-box leader\">\n<h3>Strat\u00e9gie et gestion du Groupe<\/h3>\n<h6 style=\"text-align: center;\"><span style=\"color: #808080;\"><span style=\"color: #000000;\">Londres<\/span><\/span><br><br><\/h6>\n<div class=\"organisation-box-content\"><span>Sovereign&nbsp;Global Solutions Ltd<\/span><\/div>\n<\/article>\n<article class=\"organisation-box\">\n<h3>Comptabilit\u00e9 et Finance<\/h3>\n<h6 style=\"text-align: center;\"><span style=\"color: #808080;\"><span style=\"color: #000000;\">Gen\u00e8ve, Dubai<\/span><\/span><br><br><\/h6>\n<div class=\"organisation-box-content\"><span>Sovereign Global Switzerland Sarl<br><\/span><br><span>Sovereign Global Middle East LLC<br><\/span><\/div>\n<\/article>\n<article class=\"organisation-box\">\n<h3>Achats et logistique<\/h3>\n<h6 style=\"text-align: center;\"><span style=\"color: #808080;\"><span style=\"color: #000000;\">Duba\u00ef<\/span><\/span><br><br><\/h6>\n<div class=\"organisation-box-content\"><span>Sovereign Global Middle East LLC<\/span><\/div>\n<\/article>\n<article class=\"organisation-box\">\n<h3>Maintien de la paix<\/h3>\n<h6 style=\"text-align: center;\"><span style=\"color: #808080;\"><span style=\"color: #ffffff;\">Londres, Djibouti<\/span><\/span><br><br><\/h6>\n<div class=\"organisation-box-content\"><span>Sovereign Global UK Ltd<\/span><br><span>Sovereign Global Djibouti<\/span><\/div>\n<\/article>\n<article class=\"organisation-box\">\n<h3>Services maritimes<\/h3>\n<h6 style=\"text-align: center;\"><span style=\"color: #808080;\"><span style=\"color: #ffffff;\">Duba\u00ef, Djibouti<\/span><\/span><br><br><\/h6>\n<div class=\"organisation-box-content\"><span>Sovereign Global Middle East LLC<\/span><br><span>Sovereign Global Djibouti<\/span><\/div>\n<\/article>\n<article class=\"organisation-box\">\n<h3>Formations<\/h3>\n<h6 style=\"text-align: center;\"><span style=\"color: #808080;\"><span style=\"color: #ffffff;\">Londres, Djibouti<\/span><\/span><br><br><\/h6>\n<div class=\"organisation-box-content\"><span>Sovereign Global UK Ltd<\/span><br><span>Sovereign Global Djibouti<\/span><\/div>\n<\/article>\n<\/div>\n<\/div>\n","protected":false},"excerpt":{"rendered":"Strat\u00e9gie et gestion du Groupe Londres Sovereign&nbsp;Global Solutions Ltd Comptabilit\u00e9 et Finance Gen\u00e8ve, Dubai Sovereign Global Switzerland SarlSovereign Global Middle East LLC Achats et logistique Duba\u00ef Sovereign Global Middle East LLC Maintien de la paix Londres, Djibouti Sovereign Global UK LtdSovereign Global Djibouti Services maritimes Duba\u00ef, Djibouti Sovereign Global Middle East LLCSovereign Global Djibouti Formations &hellip; <a href=\"https:\/\/so-global.com\/fr\/organisation\/\" class=\"more-link\">Continue reading <span class=\"screen-reader-text\">Organisation<\/span><\/a>","protected":false},"author":3,"featured_media":0,"parent":0,"menu_order":0,"comment_status":"closed","ping_status":"closed","template":"","meta":[],"yoast_head":"<!-- This site is optimized with the Yoast SEO plugin v16.9 - https:\/\/yoast.com\/wordpress\/plugins\/seo\/ -->\n<title>Organisation - Maritime Training &amp; Sea Security | Sovereign Global<\/title>\n<meta name=\"robots\" content=\"noindex, follow, max-snippet:-1, max-image-preview:large, max-video-preview:-1\" \/>\n<meta property=\"og:locale\" content=\"fr_FR\" \/>\n<meta property=\"og:type\" content=\"article\" \/>\n<meta property=\"og:title\" content=\"Organisation - Maritime Training &amp; Sea Security | Sovereign Global\" \/>\n<meta property=\"og:description\" content=\"Strat\u00e9gie et gestion du Groupe Londres Sovereign&nbsp;Global Solutions Ltd Comptabilit\u00e9 et Finance Gen\u00e8ve, Dubai Sovereign Global Switzerland SarlSovereign Global Middle East LLC Achats et logistique Duba\u00ef Sovereign Global Middle East LLC Maintien de la paix Londres, Djibouti Sovereign Global UK LtdSovereign Global Djibouti Services maritimes Duba\u00ef, Djibouti Sovereign Global Middle East LLCSovereign Global Djibouti Formations &hellip; Continue reading Organisation\" \/>\n<meta property=\"og:url\" content=\"https:\/\/so-global.com\/fr\/organisation\/\" \/>\n<meta property=\"og:site_name\" content=\"Maritime Training &amp; Sea Security | Sovereign Global\" \/>\n<meta property=\"article:modified_time\" content=\"2021-09-13T09:03:03+00:00\" \/>\n<meta name=\"twitter:card\" content=\"summary\" \/>\n<meta name=\"twitter:label1\" content=\"Dur\u00e9e de lecture est.\" \/>\n\t<meta name=\"twitter:data1\" content=\"1 minute\" \/>\n<script type=\"application\/ld+json\" class=\"yoast-schema-graph\">{\"@context\":\"https:\/\/schema.org\",\"@graph\":[{\"@type\":\"WebSite\",\"@id\":\"https:\/\/so-global.com\/#website\",\"url\":\"https:\/\/so-global.com\/\",\"name\":\"Maritime Training &amp; Sea Security | Sovereign Global\",\"description\":\"Sovereign\",\"potentialAction\":[{\"@type\":\"SearchAction\",\"target\":{\"@type\":\"EntryPoint\",\"urlTemplate\":\"https:\/\/so-global.com\/?s={search_term_string}\"},\"query-input\":\"required name=search_term_string\"}],\"inLanguage\":\"fr-FR\"},{\"@type\":\"WebPage\",\"@id\":\"https:\/\/so-global.com\/fr\/organisation\/#webpage\",\"url\":\"https:\/\/so-global.com\/fr\/organisation\/\",\"name\":\"Organisation - Maritime Training &amp; Sea Security | Sovereign Global\",\"isPartOf\":{\"@id\":\"https:\/\/so-global.com\/#website\"},\"datePublished\":\"2016-02-23T15:12:09+00:00\",\"dateModified\":\"2021-09-13T09:03:03+00:00\",\"breadcrumb\":{\"@id\":\"https:\/\/so-global.com\/fr\/organisation\/#breadcrumb\"},\"inLanguage\":\"fr-FR\",\"potentialAction\":[{\"@type\":\"ReadAction\",\"target\":[\"https:\/\/so-global.com\/fr\/organisation\/\"]}]},{\"@type\":\"BreadcrumbList\",\"@id\":\"https:\/\/so-global.com\/fr\/organisation\/#breadcrumb\",\"itemListElement\":[{\"@type\":\"ListItem\",\"position\":1,\"name\":\"Home\",\"item\":\"https:\/\/so-global.com\/\"},{\"@type\":\"ListItem\",\"position\":2,\"name\":\"Organisation\"}]}]}<\/script>\n<!-- \/ Yoast SEO plugin. -->","yoast_head_json":{"title":"Organisation - Maritime Training &amp; Sea Security | Sovereign Global","robots":{"index":"noindex","follow":"follow","max-snippet":"max-snippet:-1","max-image-preview":"max-image-preview:large","max-video-preview":"max-video-preview:-1"},"og_locale":"fr_FR","og_type":"article","og_title":"Organisation - Maritime Training &amp; Sea Security | Sovereign Global","og_description":"Strat\u00e9gie et gestion du Groupe Londres Sovereign&nbsp;Global Solutions Ltd Comptabilit\u00e9 et Finance Gen\u00e8ve, Dubai Sovereign Global Switzerland SarlSovereign Global Middle East LLC Achats et logistique Duba\u00ef Sovereign Global Middle East LLC Maintien de la paix Londres, Djibouti Sovereign Global UK LtdSovereign Global Djibouti Services maritimes Duba\u00ef, Djibouti Sovereign Global Middle East LLCSovereign Global Djibouti Formations &hellip; Continue reading Organisation","og_url":"https:\/\/so-global.com\/fr\/organisation\/","og_site_name":"Maritime Training &amp; Sea Security | Sovereign Global","article_modified_time":"2021-09-13T09:03:03+00:00","twitter_card":"summary","twitter_misc":{"Dur\u00e9e de lecture est.":"1 minute"},"schema":{"@context":"https:\/\/schema.org","@graph":[{"@type":"WebSite","@id":"https:\/\/so-global.com\/#website","url":"https:\/\/so-global.com\/","name":"Maritime Training &amp; Sea Security | Sovereign Global","description":"Sovereign","potentialAction":[{"@type":"SearchAction","target":{"@type":"EntryPoint","urlTemplate":"https:\/\/so-global.com\/?s={search_term_string}"},"query-input":"required name=search_term_string"}],"inLanguage":"fr-FR"},{"@type":"WebPage","@id":"https:\/\/so-global.com\/fr\/organisation\/#webpage","url":"https:\/\/so-global.com\/fr\/organisation\/","name":"Organisation - Maritime Training &amp; Sea Security | Sovereign Global","isPartOf":{"@id":"https:\/\/so-global.com\/#website"},"datePublished":"2016-02-23T15:12:09+00:00","dateModified":"2021-09-13T09:03:03+00:00","breadcrumb":{"@id":"https:\/\/so-global.com\/fr\/organisation\/#breadcrumb"},"inLanguage":"fr-FR","potentialAction":[{"@type":"ReadAction","target":["https:\/\/so-global.com\/fr\/organisation\/"]}]},{"@type":"BreadcrumbList","@id":"https:\/\/so-global.com\/fr\/organisation\/#breadcrumb","itemListElement":[{"@type":"ListItem","position":1,"name":"Home","item":"https:\/\/so-global.com\/"},{"@type":"ListItem","position":2,"name":"Organisation"}]}]}},"_links":{"self":[{"href":"https:\/\/so-global.com\/fr\/wp-json\/wp\/v2\/pages\/2702"}],"collection":[{"href":"https:\/\/so-global.com\/fr\/wp-json\/wp\/v2\/pages"}],"about":[{"href":"https:\/\/so-global.com\/fr\/wp-json\/wp\/v2\/types\/page"}],"author":[{"embeddable":true,"href":"https:\/\/so-global.com\/fr\/wp-json\/wp\/v2\/users\/3"}],"replies":[{"embeddable":true,"href":"https:\/\/so-global.com\/fr\/wp-json\/wp\/v2\/comments?post=2702"}],"version-history":[{"count":38,"href":"https:\/\/so-global.com\/fr\/wp-json\/wp\/v2\/pages\/2702\/revisions"}],"predecessor-version":[{"id":4614,"href":"https:\/\/so-global.com\/fr\/wp-json\/wp\/v2\/pages\/2702\/revisions\/4614"}],"wp:attachment":[{"href":"https:\/\/so-global.com\/fr\/wp-json\/wp\/v2\/media?parent=2702"}],"curies":[{"name":"wp","href":"https:\/\/api.w.org\/{rel}","templated":true}]}}