{"id":2697,"date":"2016-02-23T16:04:37","date_gmt":"2016-02-23T15:04:37","guid":{"rendered":"http:\/\/sovereign.wpstaging.alert.com.mt\/fr\/?page_id=2697"},"modified":"2018-06-06T14:59:10","modified_gmt":"2018-06-06T12:59:10","slug":"capital-figures","status":"publish","type":"page","link":"https:\/\/so-global.com\/fr\/capital-figures\/","title":{"rendered":"Chiffres cl\u00e9"},"content":{"rendered":"<div id=\"part1\">\r\n\t<h2 style=\"text-align: center;\">Chiffre d&rsquo;affaires audit\u00e9 aux normes IFRS \u00a0(USD millions)<\/h2><h4 class=\"chart-container\" style=\"text-align: center;\">\u00a0<br \/><br \/>\r\n\t<a href=\"http:\/\/sovereign.wpstaging.alert.com.mt\/wp-content\/uploads\/2016\/04\/CA-2015.png\" class=\"gallery_colorbox\"><img loading=\"lazy\" src=\"http:\/\/sovereign.wpstaging.alert.com.mt\/wp-content\/uploads\/2016\/03\/Graph-Chiffres-cles.png\"  width=\"1073\" height=\"671\" class=\"alignnone wp-image-2989 size-full\" \/><\/a><br \/><br \/>Les comptes consolid\u00e9s du groupe le sont en dollars am\u00e9ricains, l&rsquo;essentiel de son chiffre d&rsquo;affaires \u00e9tant r\u00e9alis\u00e9 en zone dollar.<br \/><br \/><\/h4>\r\n\t<div id=\"part2\">\r\n\t\t\r\n\t\t<br \/>\r\n\t\t<h2 style=\"text-align: center;\">Structure l\u00e9gale &amp; actionnariat<\/h2>\r\n\t\t<div class=\"table-like-content organisation capital\">\r\n\t\t\t<div>\r\n\t\t\t\t<article class=\"organisation-box leader\">\r\n\t\t\t\t\t<h3>Sovereign Global Solutions Ltd (SGSL)<\/h3>\r\n\t\t\t\t\t<div class=\"organisation-box-content\"><span>Enregistr\u00e9e \u00e0 Londres (Royaume Uni)<\/span><br \/>    <div class=\"name\">\r\n\t\t\t\t\t\t<div class=\"name-container\"><span>Actionnaires:<\/span>\r\n\t\t\t\t\t\t\t<ul>\r\n\t\t\t\t\t\t\t\t<li>Epithalame (J.Paolini)\u00a0<b>46.25%<\/b><img loading=\"lazy\" src=\"http:\/\/sovereign.wpstaging.alert.com.mt\/wp-content\/uploads\/2015\/09\/flag-france.jpg\" alt=\"flag-france\" width=\"32\" height=\"22\" class=\"alignnone size-full wp-image-1944\" \/><\/li>\r\n\t\t\t\t\t\t\t\t<li>B.Pardigon <b>46.25%<\/b><img loading=\"lazy\" src=\"http:\/\/sovereign.wpstaging.alert.com.mt\/wp-content\/uploads\/2015\/09\/flag-france.jpg\" alt=\"flag-france\" width=\"32\" height=\"22\" class=\"alignnone size-full wp-image-1944\" \/><\/li>\r\n\t\t\t\t\t\t\t\t<li>Management\u00a0<b>7.5%<\/b><\/li>\r\n\t\t\t\t\t\t\t<\/ul><br \/>\r\n\t\t\t\t\t\t<\/div>\r\n\t\t\t\t\t<\/div>\r\n\t\t\t\t\t<\/div>\r\n\t\t\t\t<\/article><\/div>\r\n\t\t\t\t<article class=\"organisation-box\">\r\n\t\t\t\t\t<div class=\"capital-heading\"><img loading=\"lazy\" src=\"http:\/\/sovereign.wpstaging.alert.com.mt\/wp-content\/uploads\/2015\/09\/flag-switzerland.jpg\" alt=\"flag-switzerland\" width=\"32\" height=\"22\" class=\"alignnone size-full wp-image-1945\" \/>\r\n\t\t\t\t\t\t<h3>SG Switzerland Sarl<\/h3>\r\n\t\t\t\t\t<\/div>\r\n\t\t\t\t\t<div class=\"organisation-box-content\"><span>Enregistr\u00e9e \u00e0 Gen\u00e8ve (Suisse)<\/span><br \/>    <div class=\"name\"><span>Actionnaire:<\/span>\r\n\t\t\t\t\t\t<div class=\"name-container\">\r\n\t\t\t\t\t\t\t<ul>\r\n\t\t\t\t\t\t\t\t<li>SGSL <b>100%<\/b><\/li>\r\n\t\t\t\t\t\t\t<\/ul>\r\n\t\t\t\t\t\t<\/div>\r\n\t\t\t\t\t<\/div>\r\n\t\t\t\t\t<\/div>\r\n\t\t\t\t<\/article>\r\n\t\t\t\t<article class=\"organisation-box\">\r\n\t\t\t\t\t<div class=\"capital-heading\"><img loading=\"lazy\" src=\"http:\/\/sovereign.wpstaging.alert.com.mt\/wp-content\/uploads\/2015\/09\/flag-switzerland.jpg\" alt=\"flag-malta\" width=\"32\" height=\"22\" class=\"alignnone size-full wp-image-1947\" \/>\r\n\t\t\t\t\t\t<h3>SG Switzerland Sarl<\/h3>\r\n\t\t\t\t\t<\/div>    \r\n\t\t\t\t\t<div class=\"organisation-box-content\"><span>Enregistr\u00e9e \u00e0 la Geneva (Switzerland)<\/span><br \/>    <div class=\"name\">\r\n\t\t\t\t\t\t<div class=\"name-container\"><span>Actionnaires:<\/span>\r\n\t\t\t\t\t\t\t<ul>\r\n\t\t\t\t\t\t\t\t<li>SGSL <b>100%<\/b><\/li>\r\n\t\t\t\t\t\t\t\t\r\n\t\t\t\t\t\t\t<\/ul>\r\n\t\t\t\t\t\t<\/div>\r\n\t\t\t\t\t<\/div>\r\n\t\t\t\t\t<\/div>\r\n\t\t\t\t<\/article>\r\n\t\t\t\t\r\n\t\t\t\t<article class=\"organisation-box\">\r\n\t\t\t\t\t<div class=\"capital-heading\"><img loading=\"lazy\" src=\"http:\/\/sovereign.wpstaging.alert.com.mt\/wp-content\/uploads\/2015\/09\/flag-france.jpg\" alt=\"flag-france\" width=\"32\" height=\"22\" class=\"alignnone size-full wp-image-1948\" \/>\r\n\t\t\t\t\t\t<h3>SG France Sarl<\/h3>\r\n\t\t\t\t\t<\/div>\r\n\t\t\t\t\t<div class=\"organisation-box-content\">\r\n\t\t\t\t\t\t<span>Registered in France<\/span>\r\n\t\t\t\t\t\t<div class=\"name\"><span>Actionnaire:<\/span>\r\n\t\t\t\t\t\t\t<div class=\"name-container\">\r\n\t\t\t\t\t\t\t\t<ul>\r\n\t\t\t\t\t\t\t\t\t<li>SGSL <b>100%<\/b><\/li>\r\n\t\t\t\t\t\t\t\t<\/ul>\r\n\t\t\t\t\t\t\t<\/div>\r\n\t\t\t\t\t\t<\/div>\r\n\t\t\t\t\t<\/div>\r\n\t\t\t\t<\/article>\r\n\t\t\t\t<article class=\"organisation-box\">\r\n\t\t\t\t\t<div class=\"capital-heading\"><img loading=\"lazy\" src=\"http:\/\/sovereign.wpstaging.alert.com.mt\/wp-content\/uploads\/2015\/09\/flag-uk.jpg\" alt=\"flag-uk\" width=\"32\" height=\"22\" class=\"alignnone size-full wp-image-1946\" \/>\r\n\t\t\t\t\t\t<h3>SG UK Ltd<\/h3>\r\n\t\t\t\t\t<\/div>\r\n\t\t\t\t\t<div class=\"organisation-box-content\"><span>Enregistr\u00e9e \u00e0 Londres (Royaume-Uni)<\/span><br \/>    <div class=\"name\"><span>Actionnaires:<\/span>\r\n\t\t\t\t\t\t<div class=\"name-container\">\r\n\t\t\t\t\t\t\t<ul>\r\n\t\t\t\t\t\t\t\t<li>SGSL <b>95%<\/b><\/li>\r\n\t\t\t\t\t\t\t\t<li>Management\u00a0<b>5%<\/b><\/li>\r\n\t\t\t\t\t\t\t<\/ul>\r\n\t\t\t\t\t\t<\/div>\r\n\t\t\t\t\t<\/div>\r\n\t\t\t\t\t<\/div>\r\n\t\t\t\t<\/article>\r\n\t\t\t\t<article class=\"organisation-box\">\r\n\t\t\t\t\t<div class=\"capital-heading\"><img loading=\"lazy\" src=\"http:\/\/sovereign.wpstaging.alert.com.mt\/wp-content\/uploads\/2015\/09\/flag-uk.jpg\" alt=\"flag-uk\" width=\"32\" height=\"22\" class=\"alignnone size-full wp-image-1946\" \/>\r\n\t\t\t\t\t\t<h3>SG UK Ltd<\/h3>\r\n\t\t\t\t\t<\/div>\r\n\t\t\t\t\t<div class=\"organisation-box-content\"><span>Enregistr\u00e9e \u00e0 Londres (Royaume-Uni)<\/span><br \/>    <div class=\"name\">\r\n\t\t\t\t\t\t<div class=\"name-container\"><span>Actionnaire:<\/span>\r\n\t\t\t\t\t\t\t<ul>\r\n\t\t\t\t\t\t\t\t<li>SGSL <b>100%<\/b><\/li>\r\n\t\t\t\t\t\t\t<\/ul>    \r\n\t\t\t\t\t\t<\/div>\r\n\t\t\t\t\t<\/div>\r\n\t\t\t\t\t<\/div>\r\n\t\t\t\t<\/article>\r\n\t\t\t\t<article class=\"organisation-box\">\r\n\t\t\t\t\t<div class=\"capital-heading\">\r\n\t\t\t\t\t\t<img loading=\"lazy\" src=\"http:\/\/sovereign.wpstaging.alert.com.mt\/wp-content\/uploads\/2015\/09\/flag-djibouti.jpg\" alt=\"flag-djibouti\" width=\"32\" height=\"22\" class=\"alignnone size-full wp-image-1948\" \/>\r\n\t\t\t\t\t\t<h3>SG Djibouti SARL<\/h3>\r\n\t\t\t\t\t<\/div>\r\n\t\t\t\t\t<div class=\"organisation-box-content\"><span>Enregistr\u00e9e \u00e0 Djibouti<\/span><br \/>    <div class=\"name\">\r\n\t\t\t\t\t\t<div class=\"name-container\"><span>Actionnaire:<\/span>\r\n\t\t\t\t\t\t\t<ul>\r\n\t\t\t\t\t\t\t\t<li>SGSL <b>100%<\/b><\/li>\r\n\t\t\t\t\t\t\t<\/ul>\r\n\t\t\t\t\t\t<\/div>\r\n\t\t\t\t\t<\/div>\r\n\t\t\t\t\t<\/div>\r\n\t\t\t\t<\/article>\r\n\t\t\t\t<article class=\"organisation-box\">\r\n\t\t\t\t\t<div class=\"capital-heading\"><img loading=\"lazy\" src=\"http:\/\/sovereign.wpstaging.alert.com.mt\/wp-content\/uploads\/2015\/09\/flag-middleeast.jpg\" alt=\"flag-middleeast\" width=\"32\" height=\"22\" class=\"alignnone size-full wp-image-1949\" \/>\r\n\t\t\t\t\t\t<h3>SGS Middle East LLC<\/h3>\r\n\t\t\t\t\t<\/div>\r\n\t\t\t\t\t<div class=\"organisation-box-content\"><span>Enregistr\u00e9e \u00e0 Duba\u00ef (EAU)<\/span><br \/>    <div class=\"name\">\r\n\t\t\t\t\t\t<div class=\"name-container\"><span>Actionnaires:<\/span>\r\n\t\t\t\t\t\t\t<ul>\r\n\t\t\t\t\t\t\t\t<li>SGSL <strong>49<\/strong><b>%<\/b><\/li>\r\n\t\t\t\t\t\t\t\t<li>Sponsor l\u00e9gal \u00e9mirati\u00a0<b>51%<\/b><\/li>\r\n\t\t\t\t\t\t\t<\/ul>\r\n\t\t\t\t\t\t<\/div>\r\n\t\t\t\t\t<\/div>\r\n\t\t\t\t\t<\/div>\r\n\t\t\t\t<\/article>                \r\n\t\t\t\t<article class=\"organisation-box\">\r\n\t\t\t\t\t<div class=\"capital-heading\"><img loading=\"lazy\" src=\"http:\/\/sovereign.wpstaging.alert.com.mt\/wp-content\/uploads\/2015\/09\/flag-kenya.jpg\" alt=\"flag-kenya\" width=\"32\" height=\"22\" class=\"alignnone size-full wp-image-1950\" \/>\r\n\t\t\t\t\t\t<h3>SG East Africa Ltd<\/h3>\r\n\t\t\t\t\t<\/div>\r\n\t\t\t\t\t<div class=\"organisation-box-content\"><span>Enregistr\u00e9e \u00e0 Nairobi (Kenya)<\/span><br \/>    <div class=\"name\">\r\n\t\t\t\t\t\t<div class=\"name-container\"><span>Actionnaires:<\/span>\r\n\t\t\t\t\t\t\t<ul>\r\n\t\t\t\t\t\t\t\t<li>SGSL <b>90%<\/b><\/li>\r\n\t\t\t\t\t\t\t\t<li>Management\u00a0<strong>10<\/strong><b>%<\/b><\/li>\r\n\t\t\t\t\t\t\t<\/ul>\r\n\t\t\t\t\t\t<\/div>\r\n\t\t\t\t\t<\/div>\r\n\t\t\t\t\t<\/div>\r\n\t\t\t\t<\/article>\r\n\t\t<\/div>\r\n\t<\/div><\/div>\t","protected":false},"excerpt":{"rendered":"Chiffre d&rsquo;affaires audit\u00e9 aux normes IFRS \u00a0(USD millions)\u00a0 Les comptes consolid\u00e9s du groupe le sont en dollars am\u00e9ricains, l&rsquo;essentiel de son chiffre d&rsquo;affaires \u00e9tant r\u00e9alis\u00e9 en zone dollar. Structure l\u00e9gale &amp; actionnariat Sovereign Global Solutions Ltd (SGSL) Enregistr\u00e9e \u00e0 Londres (Royaume Uni) Actionnaires: Epithalame (J.Paolini)\u00a046.25% B.Pardigon 46.25% Management\u00a07.5% SG Switzerland Sarl Enregistr\u00e9e \u00e0 Gen\u00e8ve (Suisse) &hellip; <a href=\"https:\/\/so-global.com\/fr\/capital-figures\/\" class=\"more-link\">Continue reading <span class=\"screen-reader-text\">Chiffres cl\u00e9<\/span><\/a>","protected":false},"author":3,"featured_media":0,"parent":0,"menu_order":0,"comment_status":"closed","ping_status":"closed","template":"","meta":[],"yoast_head":"<!-- This site is optimized with the Yoast SEO plugin v16.9 - https:\/\/yoast.com\/wordpress\/plugins\/seo\/ -->\n<title>Chiffres cl\u00e9 - Maritime Training &amp; Sea Security | Sovereign Global<\/title>\n<meta name=\"robots\" content=\"noindex, follow, max-snippet:-1, max-image-preview:large, max-video-preview:-1\" \/>\n<meta property=\"og:locale\" content=\"fr_FR\" \/>\n<meta property=\"og:type\" content=\"article\" \/>\n<meta property=\"og:title\" content=\"Chiffres cl\u00e9 - Maritime Training &amp; Sea Security | Sovereign Global\" \/>\n<meta property=\"og:description\" content=\"Chiffre d&rsquo;affaires audit\u00e9 aux normes IFRS \u00a0(USD millions)\u00a0 Les comptes consolid\u00e9s du groupe le sont en dollars am\u00e9ricains, l&rsquo;essentiel de son chiffre d&rsquo;affaires \u00e9tant r\u00e9alis\u00e9 en zone dollar. Structure l\u00e9gale &amp; actionnariat Sovereign Global Solutions Ltd (SGSL) Enregistr\u00e9e \u00e0 Londres (Royaume Uni) Actionnaires: Epithalame (J.Paolini)\u00a046.25% B.Pardigon 46.25% Management\u00a07.5% SG Switzerland Sarl Enregistr\u00e9e \u00e0 Gen\u00e8ve (Suisse) &hellip; Continue reading Chiffres cl\u00e9\" \/>\n<meta property=\"og:url\" content=\"https:\/\/so-global.com\/fr\/capital-figures\/\" \/>\n<meta property=\"og:site_name\" content=\"Maritime Training &amp; Sea Security | Sovereign Global\" \/>\n<meta property=\"article:modified_time\" content=\"2018-06-06T12:59:10+00:00\" \/>\n<meta property=\"og:image\" content=\"http:\/\/sovereign.wpstaging.alert.com.mt\/wp-content\/uploads\/2016\/03\/Graph-Chiffres-cles.png\" \/>\n<meta name=\"twitter:card\" content=\"summary\" \/>\n<meta name=\"twitter:label1\" content=\"Dur\u00e9e de lecture est.\" \/>\n\t<meta name=\"twitter:data1\" content=\"1 minute\" \/>\n<script type=\"application\/ld+json\" class=\"yoast-schema-graph\">{\"@context\":\"https:\/\/schema.org\",\"@graph\":[{\"@type\":\"WebSite\",\"@id\":\"https:\/\/so-global.com\/#website\",\"url\":\"https:\/\/so-global.com\/\",\"name\":\"Maritime Training &amp; Sea Security | Sovereign Global\",\"description\":\"Sovereign\",\"potentialAction\":[{\"@type\":\"SearchAction\",\"target\":{\"@type\":\"EntryPoint\",\"urlTemplate\":\"https:\/\/so-global.com\/?s={search_term_string}\"},\"query-input\":\"required name=search_term_string\"}],\"inLanguage\":\"fr-FR\"},{\"@type\":\"ImageObject\",\"@id\":\"https:\/\/so-global.com\/fr\/capital-figures\/#primaryimage\",\"inLanguage\":\"fr-FR\",\"url\":\"http:\/\/sovereign.wpstaging.alert.com.mt\/wp-content\/uploads\/2016\/03\/Graph-Chiffres-cles.png\",\"contentUrl\":\"http:\/\/sovereign.wpstaging.alert.com.mt\/wp-content\/uploads\/2016\/03\/Graph-Chiffres-cles.png\"},{\"@type\":\"WebPage\",\"@id\":\"https:\/\/so-global.com\/fr\/capital-figures\/#webpage\",\"url\":\"https:\/\/so-global.com\/fr\/capital-figures\/\",\"name\":\"Chiffres cl\\u00e9 - Maritime Training &amp; Sea Security | Sovereign Global\",\"isPartOf\":{\"@id\":\"https:\/\/so-global.com\/#website\"},\"primaryImageOfPage\":{\"@id\":\"https:\/\/so-global.com\/fr\/capital-figures\/#primaryimage\"},\"datePublished\":\"2016-02-23T15:04:37+00:00\",\"dateModified\":\"2018-06-06T12:59:10+00:00\",\"breadcrumb\":{\"@id\":\"https:\/\/so-global.com\/fr\/capital-figures\/#breadcrumb\"},\"inLanguage\":\"fr-FR\",\"potentialAction\":[{\"@type\":\"ReadAction\",\"target\":[\"https:\/\/so-global.com\/fr\/capital-figures\/\"]}]},{\"@type\":\"BreadcrumbList\",\"@id\":\"https:\/\/so-global.com\/fr\/capital-figures\/#breadcrumb\",\"itemListElement\":[{\"@type\":\"ListItem\",\"position\":1,\"name\":\"Home\",\"item\":\"https:\/\/so-global.com\/\"},{\"@type\":\"ListItem\",\"position\":2,\"name\":\"Chiffres cl\\u00e9\"}]}]}<\/script>\n<!-- \/ Yoast SEO plugin. -->","yoast_head_json":{"title":"Chiffres cl\u00e9 - Maritime Training &amp; Sea Security | Sovereign Global","robots":{"index":"noindex","follow":"follow","max-snippet":"max-snippet:-1","max-image-preview":"max-image-preview:large","max-video-preview":"max-video-preview:-1"},"og_locale":"fr_FR","og_type":"article","og_title":"Chiffres cl\u00e9 - Maritime Training &amp; Sea Security | Sovereign Global","og_description":"Chiffre d&rsquo;affaires audit\u00e9 aux normes IFRS \u00a0(USD millions)\u00a0 Les comptes consolid\u00e9s du groupe le sont en dollars am\u00e9ricains, l&rsquo;essentiel de son chiffre d&rsquo;affaires \u00e9tant r\u00e9alis\u00e9 en zone dollar. Structure l\u00e9gale &amp; actionnariat Sovereign Global Solutions Ltd (SGSL) Enregistr\u00e9e \u00e0 Londres (Royaume Uni) Actionnaires: Epithalame (J.Paolini)\u00a046.25% B.Pardigon 46.25% Management\u00a07.5% SG Switzerland Sarl Enregistr\u00e9e \u00e0 Gen\u00e8ve (Suisse) &hellip; Continue reading Chiffres cl\u00e9","og_url":"https:\/\/so-global.com\/fr\/capital-figures\/","og_site_name":"Maritime Training &amp; Sea Security | Sovereign Global","article_modified_time":"2018-06-06T12:59:10+00:00","og_image":[{"url":"http:\/\/sovereign.wpstaging.alert.com.mt\/wp-content\/uploads\/2016\/03\/Graph-Chiffres-cles.png"}],"twitter_card":"summary","twitter_misc":{"Dur\u00e9e de lecture est.":"1 minute"},"schema":{"@context":"https:\/\/schema.org","@graph":[{"@type":"WebSite","@id":"https:\/\/so-global.com\/#website","url":"https:\/\/so-global.com\/","name":"Maritime Training &amp; Sea Security | Sovereign Global","description":"Sovereign","potentialAction":[{"@type":"SearchAction","target":{"@type":"EntryPoint","urlTemplate":"https:\/\/so-global.com\/?s={search_term_string}"},"query-input":"required name=search_term_string"}],"inLanguage":"fr-FR"},{"@type":"ImageObject","@id":"https:\/\/so-global.com\/fr\/capital-figures\/#primaryimage","inLanguage":"fr-FR","url":"http:\/\/sovereign.wpstaging.alert.com.mt\/wp-content\/uploads\/2016\/03\/Graph-Chiffres-cles.png","contentUrl":"http:\/\/sovereign.wpstaging.alert.com.mt\/wp-content\/uploads\/2016\/03\/Graph-Chiffres-cles.png"},{"@type":"WebPage","@id":"https:\/\/so-global.com\/fr\/capital-figures\/#webpage","url":"https:\/\/so-global.com\/fr\/capital-figures\/","name":"Chiffres cl\u00e9 - Maritime Training &amp; Sea Security | Sovereign Global","isPartOf":{"@id":"https:\/\/so-global.com\/#website"},"primaryImageOfPage":{"@id":"https:\/\/so-global.com\/fr\/capital-figures\/#primaryimage"},"datePublished":"2016-02-23T15:04:37+00:00","dateModified":"2018-06-06T12:59:10+00:00","breadcrumb":{"@id":"https:\/\/so-global.com\/fr\/capital-figures\/#breadcrumb"},"inLanguage":"fr-FR","potentialAction":[{"@type":"ReadAction","target":["https:\/\/so-global.com\/fr\/capital-figures\/"]}]},{"@type":"BreadcrumbList","@id":"https:\/\/so-global.com\/fr\/capital-figures\/#breadcrumb","itemListElement":[{"@type":"ListItem","position":1,"name":"Home","item":"https:\/\/so-global.com\/"},{"@type":"ListItem","position":2,"name":"Chiffres cl\u00e9"}]}]}},"_links":{"self":[{"href":"https:\/\/so-global.com\/fr\/wp-json\/wp\/v2\/pages\/2697"}],"collection":[{"href":"https:\/\/so-global.com\/fr\/wp-json\/wp\/v2\/pages"}],"about":[{"href":"https:\/\/so-global.com\/fr\/wp-json\/wp\/v2\/types\/page"}],"author":[{"embeddable":true,"href":"https:\/\/so-global.com\/fr\/wp-json\/wp\/v2\/users\/3"}],"replies":[{"embeddable":true,"href":"https:\/\/so-global.com\/fr\/wp-json\/wp\/v2\/comments?post=2697"}],"version-history":[{"count":38,"href":"https:\/\/so-global.com\/fr\/wp-json\/wp\/v2\/pages\/2697\/revisions"}],"predecessor-version":[{"id":3154,"href":"https:\/\/so-global.com\/fr\/wp-json\/wp\/v2\/pages\/2697\/revisions\/3154"}],"wp:attachment":[{"href":"https:\/\/so-global.com\/fr\/wp-json\/wp\/v2\/media?parent=2697"}],"curies":[{"name":"wp","href":"https:\/\/api.w.org\/{rel}","templated":true}]}}