{"id":2670,"date":"2016-02-23T10:33:30","date_gmt":"2016-02-23T09:33:30","guid":{"rendered":"http:\/\/sovereign.wpstaging.alert.com.mt\/fr\/?page_id=2670"},"modified":"2017-04-28T16:22:50","modified_gmt":"2017-04-28T14:22:50","slug":"clients-partners","status":"publish","type":"page","link":"https:\/\/so-global.com\/fr\/clients-partners\/","title":{"rendered":"Clients &#038; Partenaires"},"content":{"rendered":"<div id=\"part1\">\r\n                        <h2>Etats<\/h2>\r\n                        <ul class=\"clients-list\">\r\n<li><img loading=\"lazy\" src=\"\/wp-content\/uploads\/2015\/09\/7.-Angola-flag.png\" alt=\"Angola\" width=\"156\" height=\"104\" class=\"alignnone size-full wp-image-2245\" \/><span>Angola<\/span><\/li>\r\n<li><img loading=\"lazy\" src=\"\/wp-content\/uploads\/2015\/09\/3.-Congo-flag.png\" alt=\"Congo-Brazzaville\" width=\"156\" height=\"104\" class=\"alignnone wp-image-2240\" \/><span>Congo-Brazzaville<\/span><\/li>\r\n<li><img loading=\"lazy\" src=\"\/wp-content\/uploads\/2015\/09\/3f85aee27721c2397badc642a359ffaa.png\" alt=\"Cote d'Ivoire\" width=\"156\" height=\"104\" class=\"alignnone size-full wp-image-2175\" \/><span>C\u00f4te d&rsquo;Ivoire<\/span><\/li>\r\n<li><img loading=\"lazy\" src=\"\/wp-content\/uploads\/2015\/09\/6.-Djibouti-flag.png\" alt=\"Djibouti\" width=\"156\" height=\"104\" class=\"alignnone size-full wp-image-2244\" \/><span>Djibouti<\/span><\/li>\r\n<li><img loading=\"lazy\" src=\"\/wp-content\/uploads\/2015\/09\/france-flag.jpg\" width=\"156\" height=\"104\" class=\"alignnone wp-image-3198\" \/> <span>France<\/span><\/li>\r\n<li><img loading=\"lazy\" src=\"\/wp-content\/uploads\/2015\/09\/nation-gabon.jpg\" width=\"156\" height=\"104\" class=\"alignnone wp-image-2241\" \/><span>Gabon<\/span><\/li>\r\n<li><img loading=\"lazy\" src=\"\/wp-content\/uploads\/2015\/09\/2.-Mauritania-flag.png\" alt=\"Mauritania\" width=\"156\" height=\"104\" class=\"alignnone size-full wp-image-2243\" \/><span>Mauritanie<\/span><\/li>\r\n<li><img loading=\"lazy\" src=\"\/wp-content\/uploads\/2015\/09\/uk-flag.jpg\" width=\"156\" height=\"104\" class=\"alignnone wp-image-3199\" \/><span>Royaume-Uni<\/span><\/li>\r\n<li><img loading=\"lazy\" src=\"\/wp-content\/uploads\/2015\/09\/1.-Chad-flag.png\" alt=\"Chad\" width=\"156\" height=\"104\" class=\"alignnone size-full wp-image-2242\" \/><span>Tchad<\/span><\/li>\r\n<\/ul>\r\n<\/div>\r\n<hr \/>\r\n                    <div id=\"part2\">\r\n                        <h2>Institutions<\/h2>\r\n                        <ul class=\"clients-list\">\r\n<li><img loading=\"lazy\" src=\"\/wp-content\/uploads\/2016\/04\/ministere-d.png\" alt=\"French Home Office\" width=\"156\" height=\"104\" class=\"alignnone size-full wp-image-2272\" \/><span>Minist\u00e8re des Affaires Etrang\u00e8res fran\u00e7ais<\/span><\/li>\r\n<li><img loading=\"lazy\" src=\"\/wp-content\/uploads\/2015\/09\/ministere.jpg\" alt=\"French Home Office\" width=\"156\" height=\"104\" class=\"alignnone size-full wp-image-2272\" \/><span>Minist\u00e8re de l&rsquo;Int\u00e9rieur fran\u00e7ais <\/span><\/li>\r\n<li><img loading=\"lazy\" src=\"\/wp-content\/uploads\/2015\/09\/ministere-d.jpg\" alt=\"\" french=\"\" ministry=\"\" of=\"\" defence=\"\" width=\"156\" height=\"104\" class=\"alignnone size-full wp-image-2273\" \/><span>Minist\u00e8re de la D\u00e9fense fran\u00e7ais<\/span><\/li>\r\n<li><img loading=\"lazy\" src=\"\/wp-content\/uploads\/2015\/09\/sante.jpg\" alt=\"Service de sante des arm\u00e9es francais\" width=\"156\" height=\"104\" class=\"alignnone size-full wp-image-2275\" \/><span>Service de Sant\u00e9 des Arm\u00e9es fran\u00e7ais<\/span><\/li>\r\n<li><img loading=\"lazy\" src=\"\/wp-content\/uploads\/2015\/09\/fco.jpg\" alt=\"Foreign and Commonwealth office britannique\" width=\"156\" height=\"104\" class=\"alignnone size-full wp-image-2284\" \/><span>Minist\u00e8re des Affaires Etrang\u00e8res britannique<\/span><\/li>\r\n<li><img loading=\"lazy\" src=\"\/wp-content\/uploads\/2016\/04\/MinistryOfDefence.svg_.png\" alt=\"Foreign and Commonwealth office britannique\" width=\"156\" height=\"104\" class=\"alignnone size-full wp-image-2284\" \/><span>Minist\u00e8re de la D\u00e9fense britannique<\/span><\/li>\r\n<li><img loading=\"lazy\" src=\"\/wp-content\/uploads\/2015\/09\/dmss.jpg\" alt=\"Djibouti Maritime Security Services\" width=\"156\" height=\"104\" class=\"alignnone size-full wp-image-2282\" \/><span>Djibouti Maritime Security Services<\/span><\/li>\r\n<li><img loading=\"lazy\" src=\"\/wp-content\/uploads\/2015\/09\/unmeer.jpg\" alt=\"UNMEER\" width=\"156\" height=\"104\" class=\"alignnone size-full wp-image-2280\" \/><span>Mission pour l&rsquo;Action Globale contre Ebola<\/span><\/li>\r\n<li><img loading=\"lazy\" src=\"\/wp-content\/uploads\/2015\/09\/european-comission.jpg\" alt=\"\" european=\"\" comission=\"\" width=\"156\" height=\"104\" class=\"alignnone size-full wp-image-2276\" \/><span>Commission Europ\u00e9enne<\/span><\/li>\r\n<li><img loading=\"lazy\" src=\"\/wp-content\/uploads\/2015\/09\/osce.jpg\" alt=\"OSCE\" width=\"156\" height=\"104\" class=\"alignnone size-full wp-image-2278\" \/><span>Organisation pour la S\u00e9curit\u00e9 et la Coop\u00e9ration en Europe<\/span><span><\/span><\/li>\r\n<\/ul>\r\n                    <\/div>\r\n                    <hr \/>\r\n                    <div id=\"part3\">\r\n                        <h2>Entreprises<\/h2>\r\n                        <ul class=\"clients-list\">\r\n                            <li>\r\n<img loading=\"lazy\" src=\"\/wp-content\/uploads\/2015\/09\/sofema.jpg\" alt=\"Sofema\" width=\"156\" height=\"104\" class=\"alignnone size-full wp-image-2286\" \/>\r\n                            <\/li>\r\n                            <li>\r\n<img loading=\"lazy\" src=\"\/wp-content\/uploads\/2015\/09\/renault.jpg\" alt=\"Renault Trucks Defense\" width=\"156\" height=\"104\" class=\"alignnone size-full wp-image-2287\" \/>\r\n                            <\/li>\r\n                            <li>\r\n<img loading=\"lazy\" src=\"\/wp-content\/uploads\/2015\/09\/sos.jpg\" alt=\"SOS medecin Senegal\" width=\"156\" height=\"104\" class=\"alignnone size-full wp-image-2288\" \/>\r\n                            <\/li>\r\n                            <li>\r\n<img loading=\"lazy\" src=\"\/wp-content\/uploads\/2015\/09\/aegis.jpg\" alt=\"AEGIS\" width=\"156\" height=\"104\" class=\"alignnone size-full wp-image-2289\" \/>\r\n                            <\/li>\r\n                            <li>\r\n<img loading=\"lazy\" src=\"\/wp-content\/uploads\/2015\/09\/ambrey.jpg\" alt=\"Ambrey risk\" width=\"156\" height=\"104\" class=\"alignnone size-full wp-image-2290\" \/>\r\n                            <\/li>\r\n                            <li>\r\n<img loading=\"lazy\" src=\"\/wp-content\/uploads\/2015\/09\/aero.jpg\" alt=\"Aero Surveillance\" width=\"156\" height=\"104\" class=\"alignnone size-full wp-image-2291\" \/>\r\n                            <\/li>\r\n                            <li>\r\n<img loading=\"lazy\" src=\"\/wp-content\/uploads\/2015\/09\/azur.jpg\" alt=\"Azur Drones\" width=\"156\" height=\"104\" class=\"alignnone size-full wp-image-2292\" \/>\r\n                            <\/li>\r\n                            <li>\r\n<img loading=\"lazy\" src=\"\/wp-content\/uploads\/2015\/09\/survey.jpg\" alt=\"Survey Copters\" width=\"156\" height=\"104\" class=\"alignnone size-full wp-image-2293\" \/>\r\n                            <\/li>\r\n                            <li>\r\n<img loading=\"lazy\" src=\"\/wp-content\/uploads\/2015\/09\/tekever.jpg\" alt=\"Tekever\" width=\"156\" height=\"104\" class=\"alignnone size-full wp-image-2294\" \/>\r\n                            <\/li>\r\n                            <li>\r\n<img loading=\"lazy\" src=\"\/wp-content\/uploads\/2015\/09\/mast.jpg\" alt=\"MAST\" width=\"156\" height=\"104\" class=\"alignnone size-full wp-image-2295\" \/>\r\n                            <\/li>\r\n                            <li>\r\n<img loading=\"lazy\" src=\"\/wp-content\/uploads\/2015\/09\/eos.jpg\" alt=\"EOS Risk Management\" width=\"156\" height=\"104\" class=\"alignnone size-full wp-image-2296\" \/>\r\n                            <\/li>\r\n                            <li>\r\n<img loading=\"lazy\" src=\"\/wp-content\/uploads\/2015\/09\/pvi.jpg\" alt=\"Protection Vessels International\" width=\"156\" height=\"104\" class=\"alignnone size-full wp-image-2297\" \/>\r\n                            <\/li>\r\n<li>\r\n<img loading=\"lazy\" src=\"\/wp-content\/uploads\/2015\/09\/media-monde-logo.jpg\" width=\"275\" height=\"120\" class=\"alignnone wp-image-3191\" \/>\r\n                            <\/li>\r\n<li>\r\n<img loading=\"lazy\" src=\"\/wp-content\/uploads\/2015\/09\/canal-plus-logo.jpg\" alt=\"canal-plus-logo\" width=\"275\" height=\"120\" class=\"alignnone size-full wp-image-3622\" \/>\r\n                            <\/li>\r\n                        <\/ul>\r\n                    <\/div>","protected":false},"excerpt":{"rendered":"Etats Angola Congo-Brazzaville C\u00f4te d&rsquo;Ivoire Djibouti France Gabon Mauritanie Royaume-Uni Tchad Institutions Minist\u00e8re des Affaires Etrang\u00e8res fran\u00e7ais Minist\u00e8re de l&rsquo;Int\u00e9rieur fran\u00e7ais Minist\u00e8re de la D\u00e9fense fran\u00e7ais Service de Sant\u00e9 des Arm\u00e9es fran\u00e7ais Minist\u00e8re des Affaires Etrang\u00e8res britannique Minist\u00e8re de la D\u00e9fense britannique Djibouti Maritime Security Services Mission pour l&rsquo;Action Globale contre Ebola Commission Europ\u00e9enne Organisation &hellip; <a href=\"https:\/\/so-global.com\/fr\/clients-partners\/\" class=\"more-link\">Continue reading <span class=\"screen-reader-text\">Clients &#038; Partenaires<\/span><\/a>","protected":false},"author":3,"featured_media":0,"parent":0,"menu_order":0,"comment_status":"closed","ping_status":"closed","template":"","meta":[],"yoast_head":"<!-- This site is optimized with the Yoast SEO plugin v16.9 - https:\/\/yoast.com\/wordpress\/plugins\/seo\/ -->\n<title>Clients &amp; Partenaires - Maritime Training &amp; Sea Security | Sovereign Global<\/title>\n<meta name=\"robots\" content=\"noindex, follow, max-snippet:-1, max-image-preview:large, max-video-preview:-1\" \/>\n<meta property=\"og:locale\" content=\"fr_FR\" \/>\n<meta property=\"og:type\" content=\"article\" \/>\n<meta property=\"og:title\" content=\"Clients &amp; Partenaires - Maritime Training &amp; Sea Security | Sovereign Global\" \/>\n<meta property=\"og:description\" content=\"Etats Angola Congo-Brazzaville C\u00f4te d&rsquo;Ivoire Djibouti France Gabon Mauritanie Royaume-Uni Tchad Institutions Minist\u00e8re des Affaires Etrang\u00e8res fran\u00e7ais Minist\u00e8re de l&rsquo;Int\u00e9rieur fran\u00e7ais Minist\u00e8re de la D\u00e9fense fran\u00e7ais Service de Sant\u00e9 des Arm\u00e9es fran\u00e7ais Minist\u00e8re des Affaires Etrang\u00e8res britannique Minist\u00e8re de la D\u00e9fense britannique Djibouti Maritime Security Services Mission pour l&rsquo;Action Globale contre Ebola Commission Europ\u00e9enne Organisation &hellip; Continue reading Clients &#038; Partenaires\" \/>\n<meta property=\"og:url\" content=\"https:\/\/so-global.com\/clients-partners\/\" \/>\n<meta property=\"og:site_name\" content=\"Maritime Training &amp; Sea Security | Sovereign Global\" \/>\n<meta property=\"article:modified_time\" content=\"2017-04-28T14:22:50+00:00\" \/>\n<meta property=\"og:image\" content=\"https:\/\/so-global.com\/wp-content\/uploads\/2015\/09\/7.-Angola-flag.png\" \/>\n<meta name=\"twitter:card\" content=\"summary\" \/>\n<script type=\"application\/ld+json\" class=\"yoast-schema-graph\">{\"@context\":\"https:\/\/schema.org\",\"@graph\":[{\"@type\":\"WebSite\",\"@id\":\"https:\/\/so-global.com\/#website\",\"url\":\"https:\/\/so-global.com\/\",\"name\":\"Maritime Training &amp; Sea Security | Sovereign Global\",\"description\":\"Sovereign\",\"potentialAction\":[{\"@type\":\"SearchAction\",\"target\":{\"@type\":\"EntryPoint\",\"urlTemplate\":\"https:\/\/so-global.com\/?s={search_term_string}\"},\"query-input\":\"required name=search_term_string\"}],\"inLanguage\":\"fr-FR\"},{\"@type\":\"ImageObject\",\"@id\":\"https:\/\/so-global.com\/clients-partners\/#primaryimage\",\"inLanguage\":\"fr-FR\",\"url\":\"\/wp-content\/uploads\/2015\/09\/7.-Angola-flag.png\",\"contentUrl\":\"\/wp-content\/uploads\/2015\/09\/7.-Angola-flag.png\"},{\"@type\":\"WebPage\",\"@id\":\"https:\/\/so-global.com\/clients-partners\/#webpage\",\"url\":\"https:\/\/so-global.com\/clients-partners\/\",\"name\":\"Clients & Partenaires - Maritime Training &amp; Sea Security | Sovereign Global\",\"isPartOf\":{\"@id\":\"https:\/\/so-global.com\/#website\"},\"primaryImageOfPage\":{\"@id\":\"https:\/\/so-global.com\/clients-partners\/#primaryimage\"},\"datePublished\":\"2016-02-23T09:33:30+00:00\",\"dateModified\":\"2017-04-28T14:22:50+00:00\",\"breadcrumb\":{\"@id\":\"https:\/\/so-global.com\/clients-partners\/#breadcrumb\"},\"inLanguage\":\"fr-FR\",\"potentialAction\":[{\"@type\":\"ReadAction\",\"target\":[\"https:\/\/so-global.com\/clients-partners\/\"]}]},{\"@type\":\"BreadcrumbList\",\"@id\":\"https:\/\/so-global.com\/clients-partners\/#breadcrumb\",\"itemListElement\":[{\"@type\":\"ListItem\",\"position\":1,\"name\":\"Home\",\"item\":\"https:\/\/so-global.com\/\"},{\"@type\":\"ListItem\",\"position\":2,\"name\":\"Clients &#038; Partenaires\"}]}]}<\/script>\n<!-- \/ Yoast SEO plugin. -->","yoast_head_json":{"title":"Clients & Partenaires - Maritime Training &amp; Sea Security | Sovereign Global","robots":{"index":"noindex","follow":"follow","max-snippet":"max-snippet:-1","max-image-preview":"max-image-preview:large","max-video-preview":"max-video-preview:-1"},"og_locale":"fr_FR","og_type":"article","og_title":"Clients & Partenaires - Maritime Training &amp; Sea Security | Sovereign Global","og_description":"Etats Angola Congo-Brazzaville C\u00f4te d&rsquo;Ivoire Djibouti France Gabon Mauritanie Royaume-Uni Tchad Institutions Minist\u00e8re des Affaires Etrang\u00e8res fran\u00e7ais Minist\u00e8re de l&rsquo;Int\u00e9rieur fran\u00e7ais Minist\u00e8re de la D\u00e9fense fran\u00e7ais Service de Sant\u00e9 des Arm\u00e9es fran\u00e7ais Minist\u00e8re des Affaires Etrang\u00e8res britannique Minist\u00e8re de la D\u00e9fense britannique Djibouti Maritime Security Services Mission pour l&rsquo;Action Globale contre Ebola Commission Europ\u00e9enne Organisation &hellip; Continue reading Clients &#038; Partenaires","og_url":"https:\/\/so-global.com\/clients-partners\/","og_site_name":"Maritime Training &amp; Sea Security | Sovereign Global","article_modified_time":"2017-04-28T14:22:50+00:00","og_image":[{"url":"https:\/\/so-global.com\/wp-content\/uploads\/2015\/09\/7.-Angola-flag.png"}],"twitter_card":"summary","schema":{"@context":"https:\/\/schema.org","@graph":[{"@type":"WebSite","@id":"https:\/\/so-global.com\/#website","url":"https:\/\/so-global.com\/","name":"Maritime Training &amp; Sea Security | Sovereign Global","description":"Sovereign","potentialAction":[{"@type":"SearchAction","target":{"@type":"EntryPoint","urlTemplate":"https:\/\/so-global.com\/?s={search_term_string}"},"query-input":"required name=search_term_string"}],"inLanguage":"fr-FR"},{"@type":"ImageObject","@id":"https:\/\/so-global.com\/clients-partners\/#primaryimage","inLanguage":"fr-FR","url":"\/wp-content\/uploads\/2015\/09\/7.-Angola-flag.png","contentUrl":"\/wp-content\/uploads\/2015\/09\/7.-Angola-flag.png"},{"@type":"WebPage","@id":"https:\/\/so-global.com\/clients-partners\/#webpage","url":"https:\/\/so-global.com\/clients-partners\/","name":"Clients & Partenaires - Maritime Training &amp; Sea Security | Sovereign Global","isPartOf":{"@id":"https:\/\/so-global.com\/#website"},"primaryImageOfPage":{"@id":"https:\/\/so-global.com\/clients-partners\/#primaryimage"},"datePublished":"2016-02-23T09:33:30+00:00","dateModified":"2017-04-28T14:22:50+00:00","breadcrumb":{"@id":"https:\/\/so-global.com\/clients-partners\/#breadcrumb"},"inLanguage":"fr-FR","potentialAction":[{"@type":"ReadAction","target":["https:\/\/so-global.com\/clients-partners\/"]}]},{"@type":"BreadcrumbList","@id":"https:\/\/so-global.com\/clients-partners\/#breadcrumb","itemListElement":[{"@type":"ListItem","position":1,"name":"Home","item":"https:\/\/so-global.com\/"},{"@type":"ListItem","position":2,"name":"Clients &#038; Partenaires"}]}]}},"_links":{"self":[{"href":"https:\/\/so-global.com\/fr\/wp-json\/wp\/v2\/pages\/2670"}],"collection":[{"href":"https:\/\/so-global.com\/fr\/wp-json\/wp\/v2\/pages"}],"about":[{"href":"https:\/\/so-global.com\/fr\/wp-json\/wp\/v2\/types\/page"}],"author":[{"embeddable":true,"href":"https:\/\/so-global.com\/fr\/wp-json\/wp\/v2\/users\/3"}],"replies":[{"embeddable":true,"href":"https:\/\/so-global.com\/fr\/wp-json\/wp\/v2\/comments?post=2670"}],"version-history":[{"count":33,"href":"https:\/\/so-global.com\/fr\/wp-json\/wp\/v2\/pages\/2670\/revisions"}],"predecessor-version":[{"id":4118,"href":"https:\/\/so-global.com\/fr\/wp-json\/wp\/v2\/pages\/2670\/revisions\/4118"}],"wp:attachment":[{"href":"https:\/\/so-global.com\/fr\/wp-json\/wp\/v2\/media?parent=2670"}],"curies":[{"name":"wp","href":"https:\/\/api.w.org\/{rel}","templated":true}]}}