{"id":1814,"date":"2015-09-17T16:33:54","date_gmt":"2015-09-17T14:33:54","guid":{"rendered":"http:\/\/sovereign.wpstaging.alert.com.mt\/fr\/?page_id=1814"},"modified":"2017-05-02T08:55:25","modified_gmt":"2017-05-02T06:55:25","slug":"about-us","status":"publish","type":"page","link":"https:\/\/so-global.com\/fr\/about-us\/","title":{"rendered":"\u00c0 propos"},"content":{"rendered":"<div style=\"text-align: justify;\"><p>Fond\u00e9 en 2012, le groupe Sovereign Global (SG) est devenu le premier op\u00e9rateur europ\u00e9en priv\u00e9 d&rsquo;assistance aux Etats dans la r\u00e9alisation de leurs missions de souverainet\u00e9 terrestre et maritime. Sovereign Global est un groupe dont les actionnaires sont\u00a0fran\u00e7ais et qui dispose\u00a0d\u2019implantations \u00e0 Paris, Londres, Gen\u00e8ve, Malte, Dubai, Djibouti et Nairobi.<\/p><\/div><div style=\"text-align: justify;\">\r\n<\/div><ul>\r\n<li style=\"text-align: justify;\"><div>Une expertise d\u00e9montr\u00e9e dans la conception et la conduite de programmes complexes d&rsquo;assistance, de formation, d&rsquo;\u00e9quipement et de maintien en condition op\u00e9rationnelle\u00a0au profit d\u2019Etats souverains, en mati\u00e8re de d\u00e9fense, de s\u00e9curit\u00e9 mais aussi dans le domaine civil.<\/div><\/li>\r\n<li style=\"text-align: justify;\"><div>Une offre de services cl\u00e9 en main dans 4 grands domaines :<\/div><div>\r\n<ul>\r\n<li>Maintien de la paix ONU<\/li>\r\n<li>Services maritimes<\/li>\r\n<li>Renforcement de capacit\u00e9s au profit des Etats<\/li>\r\n<li>Formations avec accr\u00e9ditations internationales<\/li>\r\n<\/ul><\/div><\/li>\r\n<li style=\"text-align: justify;\"><div>Un chiffre d&rsquo;affaires consolid\u00e9 de 40 millions de dollars en 2015. Nos comptes sont audit\u00e9s par Mazars et selon les normes IFRS.<\/div><\/li>\r\n<li><div style=\"text-align: justify;\">Plus de 300 collaborateurs dans\u00a06 filiales en Europe, en Afrique et au Moyen-Orient.\u00a0<\/div><\/li>\r\n<\/ul>\r\n<div class=\"galleria\">\r\n<img loading=\"lazy\" src=\"\/wp-content\/uploads\/2015\/09\/11-2.jpg\" alt=\"11\" width=\"420\" height=\"290\" class=\"alignnone size-full wp-image-3923\" srcset=\"https:\/\/so-global.com\/wp-content\/uploads\/2015\/09\/11-2.jpg 420w, https:\/\/so-global.com\/wp-content\/uploads\/2015\/09\/11-2-300x207.jpg 300w\" sizes=\"(max-width: 420px) 100vw, 420px\" \/>\r\n<img loading=\"lazy\" src=\"\/wp-content\/uploads\/2015\/09\/4-1-1.jpg\" alt=\"4-1\" width=\"420\" height=\"290\" class=\"alignnone size-full wp-image-3926\" srcset=\"https:\/\/so-global.com\/wp-content\/uploads\/2015\/09\/4-1-1.jpg 420w, https:\/\/so-global.com\/wp-content\/uploads\/2015\/09\/4-1-1-300x207.jpg 300w\" sizes=\"(max-width: 420px) 100vw, 420px\" \/>\r\n<img loading=\"lazy\" src=\"\/wp-content\/uploads\/2015\/09\/Menkar-1-reduite-1.jpg\" alt=\"Menkar-1-reduite\" width=\"420\" height=\"290\" class=\"alignnone size-full wp-image-3930\" srcset=\"https:\/\/so-global.com\/wp-content\/uploads\/2015\/09\/Menkar-1-reduite-1.jpg 420w, https:\/\/so-global.com\/wp-content\/uploads\/2015\/09\/Menkar-1-reduite-1-300x207.jpg 300w\" sizes=\"(max-width: 420px) 100vw, 420px\" \/>\r\n<img loading=\"lazy\" src=\"\/wp-content\/uploads\/2015\/09\/3-1-1.jpg\" alt=\"3-1\" width=\"420\" height=\"290\" class=\"alignnone size-full wp-image-3931\" srcset=\"https:\/\/so-global.com\/wp-content\/uploads\/2015\/09\/3-1-1.jpg 420w, https:\/\/so-global.com\/wp-content\/uploads\/2015\/09\/3-1-1-300x207.jpg 300w\" sizes=\"(max-width: 420px) 100vw, 420px\" \/>\r\n<img loading=\"lazy\" src=\"\/wp-content\/uploads\/2015\/09\/12-1.jpg\" alt=\"12\" width=\"420\" height=\"290\" class=\"alignnone size-full wp-image-3932\" srcset=\"https:\/\/so-global.com\/wp-content\/uploads\/2015\/09\/12-1.jpg 420w, https:\/\/so-global.com\/wp-content\/uploads\/2015\/09\/12-1-300x207.jpg 300w\" sizes=\"(max-width: 420px) 100vw, 420px\" \/>\r\n<img loading=\"lazy\" src=\"\/wp-content\/uploads\/2015\/09\/8-1.jpg\" alt=\"8\" width=\"420\" height=\"290\" class=\"alignnone size-full wp-image-3933\" srcset=\"https:\/\/so-global.com\/wp-content\/uploads\/2015\/09\/8-1.jpg 420w, https:\/\/so-global.com\/wp-content\/uploads\/2015\/09\/8-1-300x207.jpg 300w\" sizes=\"(max-width: 420px) 100vw, 420px\" \/>\r\n<img loading=\"lazy\" src=\"\/wp-content\/uploads\/2015\/09\/6-1-1.jpg\" alt=\"6-1\" width=\"420\" height=\"290\" class=\"alignnone size-full wp-image-3934\" srcset=\"https:\/\/so-global.com\/wp-content\/uploads\/2015\/09\/6-1-1.jpg 420w, https:\/\/so-global.com\/wp-content\/uploads\/2015\/09\/6-1-1-300x207.jpg 300w\" sizes=\"(max-width: 420px) 100vw, 420px\" \/>\r\n<img loading=\"lazy\" src=\"\/wp-content\/uploads\/2015\/09\/5-1-1.jpg\" alt=\"5-1\" width=\"420\" height=\"290\" class=\"alignnone size-full wp-image-3935\" srcset=\"https:\/\/so-global.com\/wp-content\/uploads\/2015\/09\/5-1-1.jpg 420w, https:\/\/so-global.com\/wp-content\/uploads\/2015\/09\/5-1-1-300x207.jpg 300w\" sizes=\"(max-width: 420px) 100vw, 420px\" \/>\r\n<img loading=\"lazy\" src=\"\/wp-content\/uploads\/2015\/09\/10-1.jpg\" alt=\"10\" width=\"420\" height=\"290\" class=\"alignnone size-full wp-image-3936\" srcset=\"https:\/\/so-global.com\/wp-content\/uploads\/2015\/09\/10-1.jpg 420w, https:\/\/so-global.com\/wp-content\/uploads\/2015\/09\/10-1-300x207.jpg 300w\" sizes=\"(max-width: 420px) 100vw, 420px\" \/>\r\n<img loading=\"lazy\" src=\"\/wp-content\/uploads\/2015\/09\/2-1-1.jpg\" alt=\"2-1\" width=\"420\" height=\"290\" class=\"alignnone size-full wp-image-3925\" srcset=\"https:\/\/so-global.com\/wp-content\/uploads\/2015\/09\/2-1-1.jpg 420w, https:\/\/so-global.com\/wp-content\/uploads\/2015\/09\/2-1-1-300x207.jpg 300w\" sizes=\"(max-width: 420px) 100vw, 420px\" \/>\r\n<img loading=\"lazy\" src=\"\/wp-content\/uploads\/2015\/09\/7-1-1.jpg\" alt=\"7-1\" width=\"420\" height=\"290\" class=\"alignnone size-full wp-image-3937\" srcset=\"https:\/\/so-global.com\/wp-content\/uploads\/2015\/09\/7-1-1.jpg 420w, https:\/\/so-global.com\/wp-content\/uploads\/2015\/09\/7-1-1-300x207.jpg 300w\" sizes=\"(max-width: 420px) 100vw, 420px\" \/>\r\n<\/div>","protected":false},"excerpt":{"rendered":"Fond\u00e9 en 2012, le groupe Sovereign Global (SG) est devenu le premier op\u00e9rateur europ\u00e9en priv\u00e9 d&rsquo;assistance aux Etats dans la r\u00e9alisation de leurs missions de souverainet\u00e9 terrestre et maritime. Sovereign Global est un groupe dont les actionnaires sont\u00a0fran\u00e7ais et qui dispose\u00a0d\u2019implantations \u00e0 Paris, Londres, Gen\u00e8ve, Malte, Dubai, Djibouti et Nairobi. Une expertise d\u00e9montr\u00e9e dans la &hellip; <a href=\"https:\/\/so-global.com\/fr\/about-us\/\" class=\"more-link\">Continue reading <span class=\"screen-reader-text\">\u00c0 propos<\/span><\/a>","protected":false},"author":1,"featured_media":0,"parent":0,"menu_order":0,"comment_status":"open","ping_status":"closed","template":"","meta":[],"yoast_head":"<!-- This site is optimized with the Yoast SEO plugin v16.9 - https:\/\/yoast.com\/wordpress\/plugins\/seo\/ -->\n<title>\u00c0 propos - Maritime Training &amp; Sea Security | Sovereign Global<\/title>\n<meta name=\"robots\" content=\"noindex, follow, max-snippet:-1, max-image-preview:large, max-video-preview:-1\" \/>\n<meta property=\"og:locale\" content=\"fr_FR\" \/>\n<meta property=\"og:type\" content=\"article\" \/>\n<meta property=\"og:title\" content=\"\u00c0 propos - Maritime Training &amp; Sea Security | Sovereign Global\" \/>\n<meta property=\"og:description\" content=\"Fond\u00e9 en 2012, le groupe Sovereign Global (SG) est devenu le premier op\u00e9rateur europ\u00e9en priv\u00e9 d&rsquo;assistance aux Etats dans la r\u00e9alisation de leurs missions de souverainet\u00e9 terrestre et maritime. Sovereign Global est un groupe dont les actionnaires sont\u00a0fran\u00e7ais et qui dispose\u00a0d\u2019implantations \u00e0 Paris, Londres, Gen\u00e8ve, Malte, Dubai, Djibouti et Nairobi. Une expertise d\u00e9montr\u00e9e dans la &hellip; Continue reading \u00c0 propos\" \/>\n<meta property=\"og:url\" content=\"https:\/\/so-global.com\/fr\/about-us\/\" \/>\n<meta property=\"og:site_name\" content=\"Maritime Training &amp; Sea Security | Sovereign Global\" \/>\n<meta property=\"article:modified_time\" content=\"2017-05-02T06:55:25+00:00\" \/>\n<meta property=\"og:image\" content=\"https:\/\/so-global.com\/wp-content\/uploads\/2015\/09\/11-2.jpg\" \/>\n<meta name=\"twitter:card\" content=\"summary\" \/>\n<meta name=\"twitter:label1\" content=\"Dur\u00e9e de lecture est.\" \/>\n\t<meta name=\"twitter:data1\" content=\"1 minute\" \/>\n<script type=\"application\/ld+json\" class=\"yoast-schema-graph\">{\"@context\":\"https:\/\/schema.org\",\"@graph\":[{\"@type\":\"WebSite\",\"@id\":\"https:\/\/so-global.com\/#website\",\"url\":\"https:\/\/so-global.com\/\",\"name\":\"Maritime Training &amp; Sea Security | Sovereign Global\",\"description\":\"Sovereign\",\"potentialAction\":[{\"@type\":\"SearchAction\",\"target\":{\"@type\":\"EntryPoint\",\"urlTemplate\":\"https:\/\/so-global.com\/?s={search_term_string}\"},\"query-input\":\"required name=search_term_string\"}],\"inLanguage\":\"fr-FR\"},{\"@type\":\"ImageObject\",\"@id\":\"https:\/\/so-global.com\/fr\/about-us\/#primaryimage\",\"inLanguage\":\"fr-FR\",\"url\":\"\/wp-content\/uploads\/2015\/09\/11-2.jpg\",\"contentUrl\":\"\/wp-content\/uploads\/2015\/09\/11-2.jpg\"},{\"@type\":\"WebPage\",\"@id\":\"https:\/\/so-global.com\/fr\/about-us\/#webpage\",\"url\":\"https:\/\/so-global.com\/fr\/about-us\/\",\"name\":\"\\u00c0 propos - Maritime Training &amp; Sea Security | Sovereign Global\",\"isPartOf\":{\"@id\":\"https:\/\/so-global.com\/#website\"},\"primaryImageOfPage\":{\"@id\":\"https:\/\/so-global.com\/fr\/about-us\/#primaryimage\"},\"datePublished\":\"2015-09-17T14:33:54+00:00\",\"dateModified\":\"2017-05-02T06:55:25+00:00\",\"breadcrumb\":{\"@id\":\"https:\/\/so-global.com\/fr\/about-us\/#breadcrumb\"},\"inLanguage\":\"fr-FR\",\"potentialAction\":[{\"@type\":\"ReadAction\",\"target\":[\"https:\/\/so-global.com\/fr\/about-us\/\"]}]},{\"@type\":\"BreadcrumbList\",\"@id\":\"https:\/\/so-global.com\/fr\/about-us\/#breadcrumb\",\"itemListElement\":[{\"@type\":\"ListItem\",\"position\":1,\"name\":\"Home\",\"item\":\"https:\/\/so-global.com\/\"},{\"@type\":\"ListItem\",\"position\":2,\"name\":\"\\u00c0 propos\"}]}]}<\/script>\n<!-- \/ Yoast SEO plugin. -->","yoast_head_json":{"title":"\u00c0 propos - Maritime Training &amp; Sea Security | Sovereign Global","robots":{"index":"noindex","follow":"follow","max-snippet":"max-snippet:-1","max-image-preview":"max-image-preview:large","max-video-preview":"max-video-preview:-1"},"og_locale":"fr_FR","og_type":"article","og_title":"\u00c0 propos - Maritime Training &amp; Sea Security | Sovereign Global","og_description":"Fond\u00e9 en 2012, le groupe Sovereign Global (SG) est devenu le premier op\u00e9rateur europ\u00e9en priv\u00e9 d&rsquo;assistance aux Etats dans la r\u00e9alisation de leurs missions de souverainet\u00e9 terrestre et maritime. Sovereign Global est un groupe dont les actionnaires sont\u00a0fran\u00e7ais et qui dispose\u00a0d\u2019implantations \u00e0 Paris, Londres, Gen\u00e8ve, Malte, Dubai, Djibouti et Nairobi. Une expertise d\u00e9montr\u00e9e dans la &hellip; Continue reading \u00c0 propos","og_url":"https:\/\/so-global.com\/fr\/about-us\/","og_site_name":"Maritime Training &amp; Sea Security | Sovereign Global","article_modified_time":"2017-05-02T06:55:25+00:00","og_image":[{"url":"https:\/\/so-global.com\/wp-content\/uploads\/2015\/09\/11-2.jpg"}],"twitter_card":"summary","twitter_misc":{"Dur\u00e9e de lecture est.":"1 minute"},"schema":{"@context":"https:\/\/schema.org","@graph":[{"@type":"WebSite","@id":"https:\/\/so-global.com\/#website","url":"https:\/\/so-global.com\/","name":"Maritime Training &amp; Sea Security | Sovereign Global","description":"Sovereign","potentialAction":[{"@type":"SearchAction","target":{"@type":"EntryPoint","urlTemplate":"https:\/\/so-global.com\/?s={search_term_string}"},"query-input":"required name=search_term_string"}],"inLanguage":"fr-FR"},{"@type":"ImageObject","@id":"https:\/\/so-global.com\/fr\/about-us\/#primaryimage","inLanguage":"fr-FR","url":"\/wp-content\/uploads\/2015\/09\/11-2.jpg","contentUrl":"\/wp-content\/uploads\/2015\/09\/11-2.jpg"},{"@type":"WebPage","@id":"https:\/\/so-global.com\/fr\/about-us\/#webpage","url":"https:\/\/so-global.com\/fr\/about-us\/","name":"\u00c0 propos - Maritime Training &amp; Sea Security | Sovereign Global","isPartOf":{"@id":"https:\/\/so-global.com\/#website"},"primaryImageOfPage":{"@id":"https:\/\/so-global.com\/fr\/about-us\/#primaryimage"},"datePublished":"2015-09-17T14:33:54+00:00","dateModified":"2017-05-02T06:55:25+00:00","breadcrumb":{"@id":"https:\/\/so-global.com\/fr\/about-us\/#breadcrumb"},"inLanguage":"fr-FR","potentialAction":[{"@type":"ReadAction","target":["https:\/\/so-global.com\/fr\/about-us\/"]}]},{"@type":"BreadcrumbList","@id":"https:\/\/so-global.com\/fr\/about-us\/#breadcrumb","itemListElement":[{"@type":"ListItem","position":1,"name":"Home","item":"https:\/\/so-global.com\/"},{"@type":"ListItem","position":2,"name":"\u00c0 propos"}]}]}},"_links":{"self":[{"href":"https:\/\/so-global.com\/fr\/wp-json\/wp\/v2\/pages\/1814"}],"collection":[{"href":"https:\/\/so-global.com\/fr\/wp-json\/wp\/v2\/pages"}],"about":[{"href":"https:\/\/so-global.com\/fr\/wp-json\/wp\/v2\/types\/page"}],"author":[{"embeddable":true,"href":"https:\/\/so-global.com\/fr\/wp-json\/wp\/v2\/users\/1"}],"replies":[{"embeddable":true,"href":"https:\/\/so-global.com\/fr\/wp-json\/wp\/v2\/comments?post=1814"}],"version-history":[{"count":17,"href":"https:\/\/so-global.com\/fr\/wp-json\/wp\/v2\/pages\/1814\/revisions"}],"predecessor-version":[{"id":4143,"href":"https:\/\/so-global.com\/fr\/wp-json\/wp\/v2\/pages\/1814\/revisions\/4143"}],"wp:attachment":[{"href":"https:\/\/so-global.com\/fr\/wp-json\/wp\/v2\/media?parent=1814"}],"curies":[{"name":"wp","href":"https:\/\/api.w.org\/{rel}","templated":true}]}}